{"id":699214,"date":"2025-08-27T14:49:45","date_gmt":"2025-08-27T11:49:45","guid":{"rendered":"https:\/\/roveyayinevi.com.tr\/index.php\/urun\/tanrilarin-parmak-izleri\/"},"modified":"2026-04-16T02:08:27","modified_gmt":"2026-04-15T23:08:27","slug":"tanrilarin-parmak-izleri","status":"publish","type":"product","link":"https:\/\/roveyayinevi.com.tr\/index.php\/urun\/tanrilarin-parmak-izleri\/","title":{"rendered":"Tanr\u0131lar\u0131n Parmak \u0130zleri"},"content":{"rendered":"<p>Eserleri \u00e7ok satan yazar, ara\u015ft\u0131rmac\u0131 gazeteci ve televizyon sunucusu Graham Hancock, olduk\u00e7a tart\u0131\u015fmal\u0131 bir tarih g\u00f6r\u00fc\u015f\u00fcne sahip. D\u00fcnyan\u0131n baz\u0131 b\u00f6lgelerindeki halklara bilgi getirmi\u015f gizemli, kay\u0131p bir medeniyet hakk\u0131ndaki teorisi o kadar b\u00fcy\u00fck bir kitlenin ilgisini \u00e7ekti ki bu teori geleneksel tarih anlay\u0131\u015f\u0131n\u0131 de\u011fi\u015ftirebilir. \ufffc<\/p>\n","protected":false},"excerpt":{"rendered":"<p>Eserleri \u00e7ok satan yazar, ara\u015ft\u0131rmac\u0131 gazeteci ve televizyon sunucusu Graham Hancock, olduk\u00e7a tart\u0131\u015fmal\u0131 bir tarih g\u00f6r\u00fc\u015f\u00fcne sahip. D\u00fcnyan\u0131n baz\u0131 b\u00f6lgelerindeki halklara bilgi getirmi\u015f gizemli, kay\u0131p bir<span class=\"excerpt-hellip\"> [\u2026]<\/span><\/p>\n","protected":false},"featured_media":0,"template":"","meta":{"_monsterinsights_skip_tracking":false,"_monsterinsights_sitenote_active":false,"_monsterinsights_sitenote_note":"","_monsterinsights_sitenote_category":0},"product_brand":[],"product_cat":[12291,12745],"product_tag":[],"class_list":{"0":"post-699214","1":"product","2":"type-product","3":"status-publish","5":"product_cat-edebiyat","6":"product_cat-tarihi-roman","7":"pa_cilt-ciltsiz","8":"pa_tur-kitap","9":"pa_yayinevi-omega","10":"pa_yazar-graham-hancock","12":"first","13":"instock","14":"sale","15":"shipping-taxable","16":"purchasable","17":"product-type-simple"},"_links":{"self":[{"href":"https:\/\/roveyayinevi.com.tr\/index.php\/wp-json\/wp\/v2\/product\/699214","targetHints":{"allow":["GET"]}}],"collection":[{"href":"https:\/\/roveyayinevi.com.tr\/index.php\/wp-json\/wp\/v2\/product"}],"about":[{"href":"https:\/\/roveyayinevi.com.tr\/index.php\/wp-json\/wp\/v2\/types\/product"}],"wp:attachment":[{"href":"https:\/\/roveyayinevi.com.tr\/index.php\/wp-json\/wp\/v2\/media?parent=699214"}],"wp:term":[{"taxonomy":"product_brand","embeddable":true,"href":"https:\/\/roveyayinevi.com.tr\/index.php\/wp-json\/wp\/v2\/product_brand?post=699214"},{"taxonomy":"product_cat","embeddable":true,"href":"https:\/\/roveyayinevi.com.tr\/index.php\/wp-json\/wp\/v2\/product_cat?post=699214"},{"taxonomy":"product_tag","embeddable":true,"href":"https:\/\/roveyayinevi.com.tr\/index.php\/wp-json\/wp\/v2\/product_tag?post=699214"}],"curies":[{"name":"wp","href":"https:\/\/api.w.org\/{rel}","templated":true}]}}