{"id":699213,"date":"2025-08-27T14:49:44","date_gmt":"2025-08-27T11:49:44","guid":{"rendered":"https:\/\/roveyayinevi.com.tr\/index.php\/urun\/dunyanin-en-buyuk-cicegi\/"},"modified":"2026-04-16T02:08:27","modified_gmt":"2026-04-15T23:08:27","slug":"dunyanin-en-buyuk-cicegi","status":"publish","type":"product","link":"https:\/\/roveyayinevi.com.tr\/index.php\/urun\/dunyanin-en-buyuk-cicegi\/","title":{"rendered":"D\u00fcnyan\u0131n En B\u00fcy\u00fck \u00c7i\u00e7e\u011fi"},"content":{"rendered":"<p>\u201cTepeyi t\u0131rmanmaya koyulmu\u015f ve yukar\u0131 vard\u0131\u011f\u0131nda kar\u015f\u0131s\u0131na ne \u00e7\u0131km\u0131\u015f dersiniz? Kar\u015f\u0131s\u0131nda yaln\u0131zca bir \u00e7i\u00e7ek varm\u0131\u015f. Ama \u00f6yle solgun, \u00f6yle bitkinmi\u015f ki, \u00e7ocuk \u00e7i\u00e7e\u011fe yakla\u015f\u0131nca kendi yorgunlu\u011funu hat\u0131rlam\u0131\u015f.\u201d Bir g\u00fcn evinin yak\u0131n\u0131ndaki ormanda gezintiye \u00e7\u0131kan \u00e7ocuk, t\u0131rmand\u0131\u011f\u0131 tepede kurumak \u00fczere olan bir \u00e7i\u00e7ek g\u00f6r\u00fcr. Onu hemen sulamak ister ama nehir \u00e7ok uzaktad\u0131r. \u00c7ocuk, defalarca o uzaktaki nehre gidip gelir, k\u00fc\u00e7\u00fck avcuyla \u00e7i\u00e7e\u011fe su ta\u015f\u0131r. Ak\u015fam olunca da yorgunluktan orac\u0131kta uyuyakal\u0131r. Nobel \u00f6d\u00fcll\u00fc usta yazar Jos\u00e9 Saramago\u2019nun \u00e7ocuklar i\u00e7in kaleme ald\u0131\u011f\u0131 bu s\u0131cak \u00f6yk\u00fc, umut ve \u00f6zveriyle her \u015feyin \u00fcstesinden gelinebilece\u011fini en g\u00fczel \u015fekilde anlat\u0131yor. <\/p>\n","protected":false},"excerpt":{"rendered":"<p>\u201cTepeyi t\u0131rmanmaya koyulmu\u015f ve yukar\u0131 vard\u0131\u011f\u0131nda kar\u015f\u0131s\u0131na ne \u00e7\u0131km\u0131\u015f dersiniz? Kar\u015f\u0131s\u0131nda yaln\u0131zca bir \u00e7i\u00e7ek varm\u0131\u015f. Ama \u00f6yle solgun, \u00f6yle bitkinmi\u015f ki, \u00e7ocuk \u00e7i\u00e7e\u011fe yakla\u015f\u0131nca kendi yorgunlu\u011funu<span class=\"excerpt-hellip\"> [\u2026]<\/span><\/p>\n","protected":false},"featured_media":0,"template":"","meta":{"_monsterinsights_skip_tracking":false,"_monsterinsights_sitenote_active":false,"_monsterinsights_sitenote_note":"","_monsterinsights_sitenote_category":0},"product_brand":[],"product_cat":[12274,12284],"product_tag":[],"class_list":{"0":"post-699213","1":"product","2":"type-product","3":"status-publish","5":"product_cat-cocuk-ve-genclik-kitaplari","6":"product_cat-hikayeler","7":"pa_cilt-ciltsiz","8":"pa_tur-kitap","9":"pa_yayinevi-kirmizi-kedi-yayinevi","10":"pa_yazar-jose-saramago","12":"first","13":"instock","14":"sale","15":"shipping-taxable","16":"purchasable","17":"product-type-simple"},"_links":{"self":[{"href":"https:\/\/roveyayinevi.com.tr\/index.php\/wp-json\/wp\/v2\/product\/699213","targetHints":{"allow":["GET"]}}],"collection":[{"href":"https:\/\/roveyayinevi.com.tr\/index.php\/wp-json\/wp\/v2\/product"}],"about":[{"href":"https:\/\/roveyayinevi.com.tr\/index.php\/wp-json\/wp\/v2\/types\/product"}],"wp:attachment":[{"href":"https:\/\/roveyayinevi.com.tr\/index.php\/wp-json\/wp\/v2\/media?parent=699213"}],"wp:term":[{"taxonomy":"product_brand","embeddable":true,"href":"https:\/\/roveyayinevi.com.tr\/index.php\/wp-json\/wp\/v2\/product_brand?post=699213"},{"taxonomy":"product_cat","embeddable":true,"href":"https:\/\/roveyayinevi.com.tr\/index.php\/wp-json\/wp\/v2\/product_cat?post=699213"},{"taxonomy":"product_tag","embeddable":true,"href":"https:\/\/roveyayinevi.com.tr\/index.php\/wp-json\/wp\/v2\/product_tag?post=699213"}],"curies":[{"name":"wp","href":"https:\/\/api.w.org\/{rel}","templated":true}]}}