{"id":699212,"date":"2025-08-27T14:49:44","date_gmt":"2025-08-27T11:49:44","guid":{"rendered":"https:\/\/roveyayinevi.com.tr\/index.php\/urun\/simdi-etkinlik-zamani-2\/"},"modified":"2026-04-16T02:08:27","modified_gmt":"2026-04-15T23:08:27","slug":"simdi-etkinlik-zamani-2","status":"publish","type":"product","link":"https:\/\/roveyayinevi.com.tr\/index.php\/urun\/simdi-etkinlik-zamani-2\/","title":{"rendered":"\u015eimdi Etkinlik Zaman\u0131 2"},"content":{"rendered":"<p>\u015eimdi Etkinlik zaman\u0131 2 ile \u00e7ocuklar zek\u00e2 ve el becerilerini geli\u015ftirmeye y\u00f6nelik faaliyetlerle \u00f6\u011frenme, dikkat ve alg\u0131 yeteneklerini geli\u015ftirecek ayn\u0131 zamanda e\u011flenceli zaman ge\u00e7irecekler. \ufffcTan\u0131t\u0131m Metni<\/p>\n","protected":false},"excerpt":{"rendered":"<p>\u015eimdi Etkinlik zaman\u0131 2 ile \u00e7ocuklar zek\u00e2 ve el becerilerini geli\u015ftirmeye y\u00f6nelik faaliyetlerle \u00f6\u011frenme, dikkat ve alg\u0131 yeteneklerini geli\u015ftirecek ayn\u0131 zamanda e\u011flenceli zaman ge\u00e7irecekler. \ufffcTan\u0131t\u0131m Metni<\/p>\n","protected":false},"featured_media":0,"template":"","meta":{"_monsterinsights_skip_tracking":false,"_monsterinsights_sitenote_active":false,"_monsterinsights_sitenote_note":"","_monsterinsights_sitenote_category":0},"product_brand":[],"product_cat":[12644,12274],"product_tag":[],"class_list":{"0":"post-699212","1":"product","2":"type-product","3":"status-publish","5":"product_cat-boyama-kitaplari","6":"product_cat-cocuk-ve-genclik-kitaplari","7":"pa_cilt-ciltsiz","8":"pa_tur-kitap","9":"pa_yayinevi-pia-cocuk-yayinlari","10":"pa_yazar-gulizar-cilliyuz","12":"first","13":"instock","14":"sale","15":"shipping-taxable","16":"purchasable","17":"product-type-simple"},"_links":{"self":[{"href":"https:\/\/roveyayinevi.com.tr\/index.php\/wp-json\/wp\/v2\/product\/699212","targetHints":{"allow":["GET"]}}],"collection":[{"href":"https:\/\/roveyayinevi.com.tr\/index.php\/wp-json\/wp\/v2\/product"}],"about":[{"href":"https:\/\/roveyayinevi.com.tr\/index.php\/wp-json\/wp\/v2\/types\/product"}],"wp:attachment":[{"href":"https:\/\/roveyayinevi.com.tr\/index.php\/wp-json\/wp\/v2\/media?parent=699212"}],"wp:term":[{"taxonomy":"product_brand","embeddable":true,"href":"https:\/\/roveyayinevi.com.tr\/index.php\/wp-json\/wp\/v2\/product_brand?post=699212"},{"taxonomy":"product_cat","embeddable":true,"href":"https:\/\/roveyayinevi.com.tr\/index.php\/wp-json\/wp\/v2\/product_cat?post=699212"},{"taxonomy":"product_tag","embeddable":true,"href":"https:\/\/roveyayinevi.com.tr\/index.php\/wp-json\/wp\/v2\/product_tag?post=699212"}],"curies":[{"name":"wp","href":"https:\/\/api.w.org\/{rel}","templated":true}]}}