{"id":699211,"date":"2025-08-27T14:49:44","date_gmt":"2025-08-27T11:49:44","guid":{"rendered":"https:\/\/roveyayinevi.com.tr\/index.php\/urun\/lanetli-cocuk\/"},"modified":"2026-04-16T02:08:27","modified_gmt":"2026-04-15T23:08:27","slug":"lanetli-cocuk","status":"publish","type":"product","link":"https:\/\/roveyayinevi.com.tr\/index.php\/urun\/lanetli-cocuk\/","title":{"rendered":"Lanetli \u00c7ocuk"},"content":{"rendered":"<p>T\u00fcrk\u00e7eye ilk kez \u00e7evrilen Lanetli \u00c7ocuk, her ne kadar aile s\u0131rlar\u0131, a\u015fk, derebeylik \u00fcst\u00fcne bir roman gibi g\u00f6z\u00fckse de, ilk bas\u0131ld\u0131\u011f\u0131nda Felsefesel \u0130ncelemeler&#8217;in i\u00e7inde yeral\u0131yordu. Tek y\u00f6nl\u00fc bir okuma ile s\u0131n\u0131rland\u0131r\u0131lamayacak tuzakl\u0131 bir metin, gizemci bir dille yaz\u0131lm\u0131\u015f bir deh\u015fet \u00f6yk\u00fcs\u00fc. Fiziksel birle\u015fme, ahlak, d\u00fc\u015f\u00fcncenin bilin\u00e7alt\u0131 \u00e7al\u0131\u015fmas\u0131 \u00fcst\u00fcne bir d\u00fc\u015f. S\u00fcregiden bir i\u00e7sava\u015f i\u00e7inde \u00e7elimsiz bedenler, cahil y\u00fcrekler, \u00e7i\u00e7ekleri ve denizi okuyabilen ama insanlarla ya\u015fayamayan \u00e7ocuklar\u0131n \u00f6yk\u00fcs\u00fc. Onalt\u0131nc\u0131 y\u00fczy\u0131l Normandiya&#8217;s\u0131nda ac\u0131mas\u0131z bir derebeyinin erdemli, k\u0131rg\u0131n ve zarif kar\u0131s\u0131n\u0131n f\u0131rt\u0131nal\u0131 bir gecede do\u011furdu\u011fu \u00e7ocuk, babas\u0131 taraf\u0131ndan lanetlendikten sonra insanlardan uzakta, i\u00e7inde sadece annesinin, okyanusun ve m\u00fczi\u011fin varoldu\u011fu bir ya\u015fam s\u00fcrer, \u00e7i\u00e7eklerin dilinden anlayan, ger\u00e7ek ya\u015famdan kopuk ya\u015fam\u0131\u015f di\u011fer bir \u00e7ocukla kar\u015f\u0131la\u015fana kadar. \u0130kisinin beden ve ruhlar\u0131 birbirine kar\u0131\u015farak Platon&#8217;un o nefis hayalini ger\u00e7e\u011fe d\u00f6n\u00fc\u015ft\u00fcr\u00fcrler; ikisi tek bir varl\u0131k olup onu tanr\u0131salla\u015ft\u0131r\u0131rlar. \ufffc<\/p>\n","protected":false},"excerpt":{"rendered":"<p>T\u00fcrk\u00e7eye ilk kez \u00e7evrilen Lanetli \u00c7ocuk, her ne kadar aile s\u0131rlar\u0131, a\u015fk, derebeylik \u00fcst\u00fcne bir roman gibi g\u00f6z\u00fckse de, ilk bas\u0131ld\u0131\u011f\u0131nda Felsefesel \u0130ncelemeler&#8217;in i\u00e7inde yeral\u0131yordu. Tek<span class=\"excerpt-hellip\"> [\u2026]<\/span><\/p>\n","protected":false},"featured_media":0,"template":"","meta":{"_monsterinsights_skip_tracking":false,"_monsterinsights_sitenote_active":false,"_monsterinsights_sitenote_note":"","_monsterinsights_sitenote_category":0},"product_brand":[],"product_cat":[12291,13376],"product_tag":[],"class_list":{"0":"post-699211","1":"product","2":"type-product","3":"status-publish","5":"product_cat-edebiyat","6":"product_cat-fransiz-edebiyati","7":"pa_cilt-ciltsiz","8":"pa_tur-kitap","9":"pa_yayinevi-yapi-kredi-yayinlari","10":"pa_yazar-honore-de-balzac","12":"first","13":"instock","14":"sale","15":"shipping-taxable","16":"purchasable","17":"product-type-simple"},"_links":{"self":[{"href":"https:\/\/roveyayinevi.com.tr\/index.php\/wp-json\/wp\/v2\/product\/699211","targetHints":{"allow":["GET"]}}],"collection":[{"href":"https:\/\/roveyayinevi.com.tr\/index.php\/wp-json\/wp\/v2\/product"}],"about":[{"href":"https:\/\/roveyayinevi.com.tr\/index.php\/wp-json\/wp\/v2\/types\/product"}],"wp:attachment":[{"href":"https:\/\/roveyayinevi.com.tr\/index.php\/wp-json\/wp\/v2\/media?parent=699211"}],"wp:term":[{"taxonomy":"product_brand","embeddable":true,"href":"https:\/\/roveyayinevi.com.tr\/index.php\/wp-json\/wp\/v2\/product_brand?post=699211"},{"taxonomy":"product_cat","embeddable":true,"href":"https:\/\/roveyayinevi.com.tr\/index.php\/wp-json\/wp\/v2\/product_cat?post=699211"},{"taxonomy":"product_tag","embeddable":true,"href":"https:\/\/roveyayinevi.com.tr\/index.php\/wp-json\/wp\/v2\/product_tag?post=699211"}],"curies":[{"name":"wp","href":"https:\/\/api.w.org\/{rel}","templated":true}]}}