{"id":699210,"date":"2025-08-27T14:49:43","date_gmt":"2025-08-27T11:49:43","guid":{"rendered":"https:\/\/roveyayinevi.com.tr\/index.php\/urun\/din-felsefesi-dersleri\/"},"modified":"2026-04-16T02:08:27","modified_gmt":"2026-04-15T23:08:27","slug":"din-felsefesi-dersleri","status":"publish","type":"product","link":"https:\/\/roveyayinevi.com.tr\/index.php\/urun\/din-felsefesi-dersleri\/","title":{"rendered":"Din Felsefesi Dersleri"},"content":{"rendered":"<p>Bu eser Hegel\u2019in din felsefesi \u00fczerine verdi\u011fi derslerin bir derlemesidir. Bilindi\u011fi gibi, Hegel gen\u00e7li\u011finde bilhassa teolojiyle me\u015fgul olmu\u015ftur. Hayat\u0131n\u0131n son on y\u0131l\u0131nda da bu konuyu de\u011fi\u015fik versiyonlar\u0131yla beraber ele alm\u0131\u015ft\u0131r. Bu dersler, Hegel\u2019in sadece din hakk\u0131ndaki g\u00f6r\u00fc\u015flerini de\u011fil ayn\u0131 zamanda kendi felsefi sisteminin nihai unsurlar\u0131n\u0131 i\u00e7erir. Diyalektik ve tarihsel metotlar kullanarak yeniden yorumlad\u0131\u011f\u0131 dini kavramlar modern teoloji i\u00e7in h\u00e2l\u00e2 derin ve g\u00fc\u00e7l\u00fc anlamlar ta\u015f\u0131r.<\/p>\n","protected":false},"excerpt":{"rendered":"<p>Bu eser Hegel\u2019in din felsefesi \u00fczerine verdi\u011fi derslerin bir derlemesidir. Bilindi\u011fi gibi, Hegel gen\u00e7li\u011finde bilhassa teolojiyle me\u015fgul olmu\u015ftur. Hayat\u0131n\u0131n son on y\u0131l\u0131nda da bu konuyu de\u011fi\u015fik<span class=\"excerpt-hellip\"> [\u2026]<\/span><\/p>\n","protected":false},"featured_media":0,"template":"","meta":{"_monsterinsights_skip_tracking":false,"_monsterinsights_sitenote_active":false,"_monsterinsights_sitenote_note":"","_monsterinsights_sitenote_category":0},"product_brand":[],"product_cat":[19998,12388],"product_tag":[],"class_list":{"0":"post-699210","1":"product","2":"type-product","3":"status-publish","5":"product_cat-din-felsefesi","6":"product_cat-felsefe","7":"pa_cilt-ciltsiz","8":"pa_tur-kitap","9":"pa_yayinevi-pinhan-yayincilik","10":"pa_yazar-georg-wilhelm-friedrich-hegel","12":"first","13":"instock","14":"sale","15":"shipping-taxable","16":"purchasable","17":"product-type-simple"},"_links":{"self":[{"href":"https:\/\/roveyayinevi.com.tr\/index.php\/wp-json\/wp\/v2\/product\/699210","targetHints":{"allow":["GET"]}}],"collection":[{"href":"https:\/\/roveyayinevi.com.tr\/index.php\/wp-json\/wp\/v2\/product"}],"about":[{"href":"https:\/\/roveyayinevi.com.tr\/index.php\/wp-json\/wp\/v2\/types\/product"}],"wp:attachment":[{"href":"https:\/\/roveyayinevi.com.tr\/index.php\/wp-json\/wp\/v2\/media?parent=699210"}],"wp:term":[{"taxonomy":"product_brand","embeddable":true,"href":"https:\/\/roveyayinevi.com.tr\/index.php\/wp-json\/wp\/v2\/product_brand?post=699210"},{"taxonomy":"product_cat","embeddable":true,"href":"https:\/\/roveyayinevi.com.tr\/index.php\/wp-json\/wp\/v2\/product_cat?post=699210"},{"taxonomy":"product_tag","embeddable":true,"href":"https:\/\/roveyayinevi.com.tr\/index.php\/wp-json\/wp\/v2\/product_tag?post=699210"}],"curies":[{"name":"wp","href":"https:\/\/api.w.org\/{rel}","templated":true}]}}