{"id":699209,"date":"2025-08-27T14:49:43","date_gmt":"2025-08-27T11:49:43","guid":{"rendered":"https:\/\/roveyayinevi.com.tr\/index.php\/urun\/sirk-kopegi\/"},"modified":"2026-04-16T02:08:27","modified_gmt":"2026-04-15T23:08:27","slug":"sirk-kopegi","status":"publish","type":"product","link":"https:\/\/roveyayinevi.com.tr\/index.php\/urun\/sirk-kopegi\/","title":{"rendered":"Sirk K\u00f6pe\u011fi"},"content":{"rendered":"<p>K\u00fc\u00e7\u00fcc\u00fck birer yavruyken, feryatlar i\u00e7erisinde birbirlerinden ayr\u0131lan iki k\u00f6pek, iki karde\u015ftir Jerry ve Michael.Ayn\u0131 Jerry gibi Michael\u2019\u0131n yolu da bir denizciyle kesi\u015fir. Michael\u2019a bir s\u00fcr\u00fc numara \u00f6\u011fretip onu satmay\u0131 ve y\u00fckl\u00fc bir para kazanmay\u0131 planlamaktad\u0131r bu adam. Y\u00fcre\u011fi kat\u0131ks\u0131z bir sevgiyle dolu olan Michael, kendisine \u00f6\u011fretilen her \u015feyi h\u0131zla \u00f6\u011frenir ve \u00e7evresindekilerin dikkatini \u00e7eker. Zavall\u0131 hayvan, sirk g\u00f6sterileri i\u00e7in k\u00f6pek yeti\u015ftiren ac\u0131mas\u0131z e\u011fitmenlerin eline d\u00fc\u015fer.Maceradan maceraya s\u00fcr\u00fcklenmesine ve insanlardan g\u00f6rd\u00fc\u011f\u00fc k\u00f6t\u00fc muamelelere ra\u011fmen i\u00e7indeki sevginin azalmas\u0131na asla izin vermeyen Michael\u2019\u0131 zorlu bir hayat beklemektedir. Hayvanlara insani duygularla yakla\u015fan ve onlar\u0131 birer roman kahraman\u0131na d\u00f6n\u00fc\u015ft\u00fcren Amerikal\u0131 yazar Jack London\u2019\u0131n (1876-1916) b\u00fcy\u00fck be\u011feni toplayan ba\u015fl\u0131ca eserlerinden olan Sirk K\u00f6pe\u011fi ve karde\u015fi Jerry\u2019nin hayat\u0131n\u0131 anlatt\u0131\u011f\u0131 Sevgili Jerry, \u00e7ocuk edebiyat\u0131n\u0131n \u00f6nemli klasikleri aras\u0131ndad\u0131r. \ufffc<\/p>\n","protected":false},"excerpt":{"rendered":"<p>K\u00fc\u00e7\u00fcc\u00fck birer yavruyken, feryatlar i\u00e7erisinde birbirlerinden ayr\u0131lan iki k\u00f6pek, iki karde\u015ftir Jerry ve Michael.Ayn\u0131 Jerry gibi Michael\u2019\u0131n yolu da bir denizciyle kesi\u015fir. Michael\u2019a bir s\u00fcr\u00fc numara<span class=\"excerpt-hellip\"> [\u2026]<\/span><\/p>\n","protected":false},"featured_media":0,"template":"","meta":{"_monsterinsights_skip_tracking":false,"_monsterinsights_sitenote_active":false,"_monsterinsights_sitenote_note":"","_monsterinsights_sitenote_category":0},"product_brand":[],"product_cat":[12274,12467],"product_tag":[],"class_list":{"0":"post-699209","1":"product","2":"type-product","3":"status-publish","5":"product_cat-cocuk-ve-genclik-kitaplari","6":"product_cat-dunya-klasikleri","7":"pa_cilt-ciltli","8":"pa_tur-kitap","9":"pa_yayinevi-arkadas-yayinlari","10":"pa_yazar-jack-london","12":"first","13":"instock","14":"sale","15":"shipping-taxable","16":"purchasable","17":"product-type-simple"},"_links":{"self":[{"href":"https:\/\/roveyayinevi.com.tr\/index.php\/wp-json\/wp\/v2\/product\/699209","targetHints":{"allow":["GET"]}}],"collection":[{"href":"https:\/\/roveyayinevi.com.tr\/index.php\/wp-json\/wp\/v2\/product"}],"about":[{"href":"https:\/\/roveyayinevi.com.tr\/index.php\/wp-json\/wp\/v2\/types\/product"}],"wp:attachment":[{"href":"https:\/\/roveyayinevi.com.tr\/index.php\/wp-json\/wp\/v2\/media?parent=699209"}],"wp:term":[{"taxonomy":"product_brand","embeddable":true,"href":"https:\/\/roveyayinevi.com.tr\/index.php\/wp-json\/wp\/v2\/product_brand?post=699209"},{"taxonomy":"product_cat","embeddable":true,"href":"https:\/\/roveyayinevi.com.tr\/index.php\/wp-json\/wp\/v2\/product_cat?post=699209"},{"taxonomy":"product_tag","embeddable":true,"href":"https:\/\/roveyayinevi.com.tr\/index.php\/wp-json\/wp\/v2\/product_tag?post=699209"}],"curies":[{"name":"wp","href":"https:\/\/api.w.org\/{rel}","templated":true}]}}