{"id":699208,"date":"2025-08-27T14:49:43","date_gmt":"2025-08-27T11:49:43","guid":{"rendered":"https:\/\/roveyayinevi.com.tr\/index.php\/urun\/gurultuculer\/"},"modified":"2026-04-16T02:08:27","modified_gmt":"2026-04-15T23:08:27","slug":"gurultuculer","status":"publish","type":"product","link":"https:\/\/roveyayinevi.com.tr\/index.php\/urun\/gurultuculer\/","title":{"rendered":"G\u00fcr\u00fclt\u00fcc\u00fcler"},"content":{"rendered":"<p>Bar\u0131\u015f, \u00c7a\u011fr\u0131, Efe, Asl\u0131, Duygu, Naz ve di\u011ferleri&#8230; Tek dertleri yaz tatilinde kimin hangi bah\u00e7ede oynayaca\u011f\u0131na dair \u00e7eki\u015fmek olan normal, s\u0131radan \u00e7ocuklar. Eh, belki biraz da g\u00fcr\u00fclt\u00fcc\u00fc ve yaramazlar; hatta Muzaffer Amca&#8217;y\u0131 bu y\u00fczden deli ettikleri bile s\u00f6ylenebilir. Ancak hi\u00e7birinin fark\u0131nda olmad\u0131\u011f\u0131 \u00e7ok daha b\u00fcy\u00fck bir tehlike var ve b\u00fcy\u00fcklerin bu konuda yapabilece\u011fi hi\u00e7bir \u015fey yok.<\/p>\n","protected":false},"excerpt":{"rendered":"<p>Bar\u0131\u015f, \u00c7a\u011fr\u0131, Efe, Asl\u0131, Duygu, Naz ve di\u011ferleri&#8230; Tek dertleri yaz tatilinde kimin hangi bah\u00e7ede oynayaca\u011f\u0131na dair \u00e7eki\u015fmek olan normal, s\u0131radan \u00e7ocuklar. Eh, belki biraz da<span class=\"excerpt-hellip\"> [\u2026]<\/span><\/p>\n","protected":false},"featured_media":0,"template":"","meta":{"_monsterinsights_skip_tracking":false,"_monsterinsights_sitenote_active":false,"_monsterinsights_sitenote_note":"","_monsterinsights_sitenote_category":0},"product_brand":[],"product_cat":[12274,12284],"product_tag":[],"class_list":{"0":"post-699208","1":"product","2":"type-product","3":"status-publish","5":"product_cat-cocuk-ve-genclik-kitaplari","6":"product_cat-hikayeler","7":"pa_tur-kitap","8":"pa_yayinevi-altin-kitaplar-ozel-urun","9":"pa_yazar-funda-ozlem-seran","11":"first","12":"instock","13":"sale","14":"shipping-taxable","15":"purchasable","16":"product-type-simple"},"_links":{"self":[{"href":"https:\/\/roveyayinevi.com.tr\/index.php\/wp-json\/wp\/v2\/product\/699208","targetHints":{"allow":["GET"]}}],"collection":[{"href":"https:\/\/roveyayinevi.com.tr\/index.php\/wp-json\/wp\/v2\/product"}],"about":[{"href":"https:\/\/roveyayinevi.com.tr\/index.php\/wp-json\/wp\/v2\/types\/product"}],"wp:attachment":[{"href":"https:\/\/roveyayinevi.com.tr\/index.php\/wp-json\/wp\/v2\/media?parent=699208"}],"wp:term":[{"taxonomy":"product_brand","embeddable":true,"href":"https:\/\/roveyayinevi.com.tr\/index.php\/wp-json\/wp\/v2\/product_brand?post=699208"},{"taxonomy":"product_cat","embeddable":true,"href":"https:\/\/roveyayinevi.com.tr\/index.php\/wp-json\/wp\/v2\/product_cat?post=699208"},{"taxonomy":"product_tag","embeddable":true,"href":"https:\/\/roveyayinevi.com.tr\/index.php\/wp-json\/wp\/v2\/product_tag?post=699208"}],"curies":[{"name":"wp","href":"https:\/\/api.w.org\/{rel}","templated":true}]}}