{"id":699207,"date":"2025-08-27T14:49:42","date_gmt":"2025-08-27T11:49:42","guid":{"rendered":"https:\/\/roveyayinevi.com.tr\/index.php\/urun\/kahrolsun-dostoyevski\/"},"modified":"2026-04-16T02:08:27","modified_gmt":"2026-04-15T23:08:27","slug":"kahrolsun-dostoyevski","status":"publish","type":"product","link":"https:\/\/roveyayinevi.com.tr\/index.php\/urun\/kahrolsun-dostoyevski\/","title":{"rendered":"Kahrolsun Dostoyevski"},"content":{"rendered":"<p>Dostoyevski, evet, bu oydu!  Su\u00e7 ve Ceza\u2019s\u0131yla beni \u00e7arpt\u0131, fel\u00e7 etti. Bana kahraman\u0131 Raskolnikov\u2019un kaderini izlemeyi yasaklad\u0131: \u0130kinci bir kad\u0131n\u0131 \u00f6ld\u00fcrmek, bu kez masum birini; bana su\u00e7umu hat\u0131rlatacak olan paray\u0131 ve m\u00fccevherleri almak&#8230; Kendi pi\u015fmanl\u0131klar\u0131ma yem olmak, bir su\u00e7luluk \u00e7ukurunda kararmak ve sonunda zindanlara d\u00fc\u015fmek&#8230;   O zaman? Ka\u00e7mak daha iyi, zavall\u0131 bir enayi, aptal bir su\u00e7lu gibi. Kanl\u0131 eller ve bo\u015f ceplerle.   Ne sa\u00e7mal\u0131k!   Kahrolsun bu Dostoyevski!   Kahrolsun Dostoyevski, daha \u00f6nce Sab\u0131r Ta\u015f\u0131 kitab\u0131yla b\u00fcy\u00fck ilgi g\u00f6ren Rahimi\u2019nin, \u00f6l\u00fcm\u00fcn kol gezdi\u011fi vatan\u0131 Afganistan\u2019\u0131, su\u00e7u, vicdan azab\u0131n\u0131 ve cezay\u0131 sorgulad\u0131\u011f\u0131 bir t\u00fcr Afgan Su\u00e7 ve Ceza\u2019s\u0131. Roman, akl\u0131n terk etti\u011fi, Tanr\u0131\u2019n\u0131n \u00e7ok fazla hissedilen varl\u0131\u011f\u0131n\u0131n bir s\u00fcre sonra tanr\u0131s\u0131zl\u0131\u011fa d\u00f6n\u00fc\u015ft\u00fc\u011f\u00fc \u00e7a\u011fda\u015f Afganistan\u2019\u0131 iyilik ve k\u00f6t\u00fcl\u00fck kavramlar\u0131 \u00fczerinden sorgulayan ve Rus edebiyat\u0131ndan izler ta\u015f\u0131yan bir yap\u0131t. <\/p>\n","protected":false},"excerpt":{"rendered":"<p>Dostoyevski, evet, bu oydu! Su\u00e7 ve Ceza\u2019s\u0131yla beni \u00e7arpt\u0131, fel\u00e7 etti. Bana kahraman\u0131 Raskolnikov\u2019un kaderini izlemeyi yasaklad\u0131: \u0130kinci bir kad\u0131n\u0131 \u00f6ld\u00fcrmek, bu kez masum birini; bana<span class=\"excerpt-hellip\"> [\u2026]<\/span><\/p>\n","protected":false},"featured_media":0,"template":"","meta":{"_monsterinsights_skip_tracking":false,"_monsterinsights_sitenote_active":false,"_monsterinsights_sitenote_note":"","_monsterinsights_sitenote_category":0},"product_brand":[],"product_cat":[13661,12291],"product_tag":[],"class_list":{"0":"post-699207","1":"product","2":"type-product","3":"status-publish","5":"product_cat-diger-ulke-edebiyatlari","6":"product_cat-edebiyat","7":"pa_cilt-ciltsiz","8":"pa_tur-kitap","9":"pa_yayinevi-can-yayinlari","10":"pa_yazar-atiq-rahimi","12":"first","13":"instock","14":"sale","15":"shipping-taxable","16":"purchasable","17":"product-type-simple"},"_links":{"self":[{"href":"https:\/\/roveyayinevi.com.tr\/index.php\/wp-json\/wp\/v2\/product\/699207","targetHints":{"allow":["GET"]}}],"collection":[{"href":"https:\/\/roveyayinevi.com.tr\/index.php\/wp-json\/wp\/v2\/product"}],"about":[{"href":"https:\/\/roveyayinevi.com.tr\/index.php\/wp-json\/wp\/v2\/types\/product"}],"wp:attachment":[{"href":"https:\/\/roveyayinevi.com.tr\/index.php\/wp-json\/wp\/v2\/media?parent=699207"}],"wp:term":[{"taxonomy":"product_brand","embeddable":true,"href":"https:\/\/roveyayinevi.com.tr\/index.php\/wp-json\/wp\/v2\/product_brand?post=699207"},{"taxonomy":"product_cat","embeddable":true,"href":"https:\/\/roveyayinevi.com.tr\/index.php\/wp-json\/wp\/v2\/product_cat?post=699207"},{"taxonomy":"product_tag","embeddable":true,"href":"https:\/\/roveyayinevi.com.tr\/index.php\/wp-json\/wp\/v2\/product_tag?post=699207"}],"curies":[{"name":"wp","href":"https:\/\/api.w.org\/{rel}","templated":true}]}}