{"id":699198,"date":"2025-08-27T14:49:40","date_gmt":"2025-08-27T11:49:40","guid":{"rendered":"https:\/\/roveyayinevi.com.tr\/index.php\/urun\/ask-luks-ve-kapitalizm\/"},"modified":"2026-04-16T02:08:27","modified_gmt":"2026-04-15T23:08:27","slug":"ask-luks-ve-kapitalizm","status":"publish","type":"product","link":"https:\/\/roveyayinevi.com.tr\/index.php\/urun\/ask-luks-ve-kapitalizm\/","title":{"rendered":"A\u015fk, L\u00fcks ve Kapitalizm"},"content":{"rendered":"<p>&#8220;A\u015fk, L\u00fcks ve Kapitalizm &#8211; Modern D\u00fcnyan\u0131n Savurganl\u0131\u011f\u0131n Ruhundan Do\u011fmas\u0131 \u00dczerine&#8221; ba\u015fl\u0131kl\u0131 \u00e7al\u0131\u015fma, Sombart&#8217;\u0131n ba\u015fyap\u0131t\u0131 olarak nitelendirilen &#8221; Modern Kapitalizm&#8217;in (1902) Ard\u0131ndan yay\u0131mlad\u0131\u011f\u0131 bir dizi b\u00fct\u00fcnleyici kitaptan biridir. Sombart, bu eserinde Marx&#8217;tan bu yana &#8220;kapitalizm&#8221; diye adland\u0131rmaya al\u0131\u015ft\u0131\u011f\u0131m\u0131z \u015feyin olu\u015fum a\u015famalar\u0131n\u0131 konu edinir. Sombart&#8217;\u0131n kapitalizm kavram\u0131, \u00e7ok geni\u015f kapsaml\u0131d\u0131r; iktisadi ili\u015fkiler a\u011f\u0131n\u0131n yan\u0131 s\u0131ra k\u00fclt\u00fcrel g\u00f6r\u00fcng\u00fcleri ve &#8220;tinsel&#8221; s\u00fcre\u00e7leri de kapsar.Sombart&#8217;\u0131n bu kitaptaki ba\u015fl\u0131ca hedefi kapitalizmin do\u011fu\u015funda &#8220;l\u00fcks&#8217;\u00fcn oynad\u0131\u011f\u0131 esasl\u0131 rol\u00fcn g\u00f6zler \u00f6n\u00fcne serilmesidir; a\u015fk l\u00fcks ve kapitalizm aras\u0131ndaki ili\u015fkiyi irdeleyerek birbirlerini nas\u0131l tetiklediklerini g\u00f6stermektedir. A\u015fk anlay\u0131\u015f\u0131n\u0131n d\u00fcnyevile\u015fmesinin ard\u0131ndan tarih sahnesine \u00e7\u0131kan kibar fahi\u015feler, kapatmalar ve metreslerin y\u00fckseli\u015fe ge\u00e7mesiyle birlikte &#8220;l\u00fcks&#8217;e dayal\u0131 bir ili\u015fkiler zemini \u00fczerine hem koca bir ekonominin (&#8220;metres ekonomisi\u201d), hem de bir k\u00fclt\u00fcr\u00fcn (&#8220;kapitalist l\u00fcks k\u00fclt\u00fcr\u00fc&#8221;)do\u011fu\u015funa tan\u0131kl\u0131k etmek ger\u00e7ekten ibret verici! Hele bir de, bunca zamandan sonra insanl\u0131\u011f\u0131n e\u015fitlik, adalet ve \u00f6zg\u00fcrl\u00fck ad\u0131na vard\u0131\u011f\u0131 &#8220;s\u0131\u011f patika&#8221; d\u00fc\u015f\u00fcn\u00fcld\u00fc\u011f\u00fcnde&#8230; <\/p>\n","protected":false},"excerpt":{"rendered":"<p>&#8220;A\u015fk, L\u00fcks ve Kapitalizm &#8211; Modern D\u00fcnyan\u0131n Savurganl\u0131\u011f\u0131n Ruhundan Do\u011fmas\u0131 \u00dczerine&#8221; ba\u015fl\u0131kl\u0131 \u00e7al\u0131\u015fma, Sombart&#8217;\u0131n ba\u015fyap\u0131t\u0131 olarak nitelendirilen &#8221; Modern Kapitalizm&#8217;in (1902) Ard\u0131ndan yay\u0131mlad\u0131\u011f\u0131 bir dizi b\u00fct\u00fcnleyici<span class=\"excerpt-hellip\"> [\u2026]<\/span><\/p>\n","protected":false},"featured_media":0,"template":"","meta":{"_monsterinsights_skip_tracking":false,"_monsterinsights_sitenote_active":false,"_monsterinsights_sitenote_note":"","_monsterinsights_sitenote_category":0},"product_brand":[],"product_cat":[12324,27533],"product_tag":[],"class_list":{"0":"post-699198","1":"product","2":"type-product","3":"status-publish","5":"product_cat-sosyoloji","6":"product_cat-sosyolojiye-giris","7":"pa_cilt-ciltsiz","8":"pa_tur-kitap","9":"pa_yayinevi-pharmakon-kitap","10":"pa_yazar-werner-sombart","12":"first","13":"instock","14":"sale","15":"shipping-taxable","16":"purchasable","17":"product-type-simple"},"_links":{"self":[{"href":"https:\/\/roveyayinevi.com.tr\/index.php\/wp-json\/wp\/v2\/product\/699198","targetHints":{"allow":["GET"]}}],"collection":[{"href":"https:\/\/roveyayinevi.com.tr\/index.php\/wp-json\/wp\/v2\/product"}],"about":[{"href":"https:\/\/roveyayinevi.com.tr\/index.php\/wp-json\/wp\/v2\/types\/product"}],"wp:attachment":[{"href":"https:\/\/roveyayinevi.com.tr\/index.php\/wp-json\/wp\/v2\/media?parent=699198"}],"wp:term":[{"taxonomy":"product_brand","embeddable":true,"href":"https:\/\/roveyayinevi.com.tr\/index.php\/wp-json\/wp\/v2\/product_brand?post=699198"},{"taxonomy":"product_cat","embeddable":true,"href":"https:\/\/roveyayinevi.com.tr\/index.php\/wp-json\/wp\/v2\/product_cat?post=699198"},{"taxonomy":"product_tag","embeddable":true,"href":"https:\/\/roveyayinevi.com.tr\/index.php\/wp-json\/wp\/v2\/product_tag?post=699198"}],"curies":[{"name":"wp","href":"https:\/\/api.w.org\/{rel}","templated":true}]}}