{"id":699194,"date":"2025-08-27T14:49:38","date_gmt":"2025-08-27T11:49:38","guid":{"rendered":"https:\/\/roveyayinevi.com.tr\/index.php\/urun\/arkadaslik-1-ugurbocegi-sevecen-ile-salyangoz-tomurcuk\/"},"modified":"2026-04-16T02:08:27","modified_gmt":"2026-04-15T23:08:27","slug":"arkadaslik-1-ugurbocegi-sevecen-ile-salyangoz-tomurcuk","status":"publish","type":"product","link":"https:\/\/roveyayinevi.com.tr\/index.php\/urun\/arkadaslik-1-ugurbocegi-sevecen-ile-salyangoz-tomurcuk\/","title":{"rendered":"Arkada\u015fl\u0131k 1 &#8211; U\u011furb\u00f6ce\u011fi Sevecen ile Salyangoz Tomurcuk"},"content":{"rendered":"<p>Bir g\u00fcn yere bir kiraz d\u00fc\u015fer. Kiraz\u0131 U\u011furb\u00f6ce\u011fi Sevecen bulur. Derken yan\u0131na Salyangoz Tomurcuk gelir. K\u00fc\u00e7\u00fck bir delikanl\u0131 olan Tomurcuk, k\u0131z\u0131m\u0131z Sevecen\u2019e kiraz\u0131 yerden kald\u0131r\u0131p el arabas\u0131na koymas\u0131 i\u00e7in yard\u0131m eder. Ama daha sonra, kiraz\u0131 bir t\u00fcrl\u00fc payla\u015famazlar aralar\u0131nda\u2026 \u0130\u015fte, sonra birbirinden ayr\u0131lmayacak bir ikili olan U\u011furb\u00f6ce\u011fi Sevecen ile Salyangoz Tomurcuk\u2019un arkada\u015fl\u0131k hik\u00e2yesi b\u00f6yle ba\u015flar. \ufffc\ufffcTan\u0131t\u0131m Metni<\/p>\n","protected":false},"excerpt":{"rendered":"<p>Bir g\u00fcn yere bir kiraz d\u00fc\u015fer. Kiraz\u0131 U\u011furb\u00f6ce\u011fi Sevecen bulur. Derken yan\u0131na Salyangoz Tomurcuk gelir. K\u00fc\u00e7\u00fck bir delikanl\u0131 olan Tomurcuk, k\u0131z\u0131m\u0131z Sevecen\u2019e kiraz\u0131 yerden kald\u0131r\u0131p el<span class=\"excerpt-hellip\"> [\u2026]<\/span><\/p>\n","protected":false},"featured_media":0,"template":"","meta":{"_monsterinsights_skip_tracking":false,"_monsterinsights_sitenote_active":false,"_monsterinsights_sitenote_note":"","_monsterinsights_sitenote_category":0},"product_brand":[],"product_cat":[12274,12284],"product_tag":[],"class_list":{"0":"post-699194","1":"product","2":"type-product","3":"status-publish","5":"product_cat-cocuk-ve-genclik-kitaplari","6":"product_cat-hikayeler","7":"pa_cilt-ciltsiz","8":"pa_tur-kitap","9":"pa_yayinevi-yapi-kredi-yayinlari","10":"pa_yazar-erika-bartos","12":"first","13":"instock","14":"sale","15":"shipping-taxable","16":"purchasable","17":"product-type-simple"},"_links":{"self":[{"href":"https:\/\/roveyayinevi.com.tr\/index.php\/wp-json\/wp\/v2\/product\/699194","targetHints":{"allow":["GET"]}}],"collection":[{"href":"https:\/\/roveyayinevi.com.tr\/index.php\/wp-json\/wp\/v2\/product"}],"about":[{"href":"https:\/\/roveyayinevi.com.tr\/index.php\/wp-json\/wp\/v2\/types\/product"}],"wp:attachment":[{"href":"https:\/\/roveyayinevi.com.tr\/index.php\/wp-json\/wp\/v2\/media?parent=699194"}],"wp:term":[{"taxonomy":"product_brand","embeddable":true,"href":"https:\/\/roveyayinevi.com.tr\/index.php\/wp-json\/wp\/v2\/product_brand?post=699194"},{"taxonomy":"product_cat","embeddable":true,"href":"https:\/\/roveyayinevi.com.tr\/index.php\/wp-json\/wp\/v2\/product_cat?post=699194"},{"taxonomy":"product_tag","embeddable":true,"href":"https:\/\/roveyayinevi.com.tr\/index.php\/wp-json\/wp\/v2\/product_tag?post=699194"}],"curies":[{"name":"wp","href":"https:\/\/api.w.org\/{rel}","templated":true}]}}