{"id":699191,"date":"2025-08-27T14:49:37","date_gmt":"2025-08-27T11:49:37","guid":{"rendered":"https:\/\/roveyayinevi.com.tr\/index.php\/urun\/harold-fryin-beklenmedik-yolculugu\/"},"modified":"2026-04-16T02:08:27","modified_gmt":"2026-04-15T23:08:27","slug":"harold-fryin-beklenmedik-yolculugu","status":"publish","type":"product","link":"https:\/\/roveyayinevi.com.tr\/index.php\/urun\/harold-fryin-beklenmedik-yolculugu\/","title":{"rendered":"Harold Fry&#8217;\u0131n Beklenmedik Yolculu\u011fu"},"content":{"rendered":"<p>Bazen kendinizi bulmak i\u00e7in bir milyon ad\u0131m atman\u0131z gerekir bazense hayat\u0131n\u0131z\u0131 k\u00f6kten de\u011fi\u015ftirmek i\u00e7in tek bir ki\u015fiyle kar\u015f\u0131la\u015fman\u0131z yeterli olur.Asl\u0131nda Harold Fry sadece posta kutusuna kadar gidecekti, ama y\u00fcr\u00fcmeye devam etti. 87 g\u00fcn ve 1000 kilometre boyunca.Kar\u0131s\u0131 i\u00e7in,o\u011flu i\u00e7in,arkada\u015f\u0131 i\u00e7in,kendisi i\u00e7in ve hepimiz i\u00e7in.\u201cYolday\u0131m. Dayanman gerek. Seni kurtaraca\u011f\u0131m, g\u00f6receksin. Y\u00fcr\u00fcyece\u011fim ve sen ya\u015fayacaks\u0131n.\u201d <\/p>\n","protected":false},"excerpt":{"rendered":"<p>Bazen kendinizi bulmak i\u00e7in bir milyon ad\u0131m atman\u0131z gerekir bazense hayat\u0131n\u0131z\u0131 k\u00f6kten de\u011fi\u015ftirmek i\u00e7in tek bir ki\u015fiyle kar\u015f\u0131la\u015fman\u0131z yeterli olur.Asl\u0131nda Harold Fry sadece posta kutusuna kadar<span class=\"excerpt-hellip\"> [\u2026]<\/span><\/p>\n","protected":false},"featured_media":0,"template":"","meta":{"_monsterinsights_skip_tracking":false,"_monsterinsights_sitenote_active":false,"_monsterinsights_sitenote_note":"","_monsterinsights_sitenote_category":0},"product_brand":[],"product_cat":[12891,12291],"product_tag":[],"class_list":{"0":"post-699191","1":"product","2":"type-product","3":"status-publish","5":"product_cat-amerikan-edebiyati","6":"product_cat-edebiyat","7":"pa_tur-kitap","8":"pa_yayinevi-pegasus-yayinlari","9":"pa_yazar-rachel-joyce","11":"first","12":"instock","13":"sale","14":"shipping-taxable","15":"purchasable","16":"product-type-simple"},"_links":{"self":[{"href":"https:\/\/roveyayinevi.com.tr\/index.php\/wp-json\/wp\/v2\/product\/699191","targetHints":{"allow":["GET"]}}],"collection":[{"href":"https:\/\/roveyayinevi.com.tr\/index.php\/wp-json\/wp\/v2\/product"}],"about":[{"href":"https:\/\/roveyayinevi.com.tr\/index.php\/wp-json\/wp\/v2\/types\/product"}],"wp:attachment":[{"href":"https:\/\/roveyayinevi.com.tr\/index.php\/wp-json\/wp\/v2\/media?parent=699191"}],"wp:term":[{"taxonomy":"product_brand","embeddable":true,"href":"https:\/\/roveyayinevi.com.tr\/index.php\/wp-json\/wp\/v2\/product_brand?post=699191"},{"taxonomy":"product_cat","embeddable":true,"href":"https:\/\/roveyayinevi.com.tr\/index.php\/wp-json\/wp\/v2\/product_cat?post=699191"},{"taxonomy":"product_tag","embeddable":true,"href":"https:\/\/roveyayinevi.com.tr\/index.php\/wp-json\/wp\/v2\/product_tag?post=699191"}],"curies":[{"name":"wp","href":"https:\/\/api.w.org\/{rel}","templated":true}]}}