{"id":699189,"date":"2025-08-27T14:49:37","date_gmt":"2025-08-27T11:49:37","guid":{"rendered":"https:\/\/roveyayinevi.com.tr\/index.php\/urun\/sevgili-jerry\/"},"modified":"2026-04-16T02:08:27","modified_gmt":"2026-04-15T23:08:27","slug":"sevgili-jerry","status":"publish","type":"product","link":"https:\/\/roveyayinevi.com.tr\/index.php\/urun\/sevgili-jerry\/","title":{"rendered":"Sevgili Jerry"},"content":{"rendered":"<p>Hen\u00fcz alt\u0131 ayl\u0131k yavru bir k\u00f6pek olan Jerry, anne babas\u0131 ve karde\u015fi Michael\u2019dan kopar\u0131l\u0131r ve Solomon Adalar\u0131nda ya\u015fayan yerlileri gemisiyle al\u0131p Meringe topraklar\u0131na g\u00f6t\u00fcren Kaptan Van Horn\u2019a arma\u011fan edilir. Kaptan Van Horn\u2019un yan\u0131nda ve a\u00e7\u0131k denizlerde t\u00fcrl\u00fc tehlikelerle kar\u015f\u0131la\u015farak ge\u00e7ecek bir hayat beklemektedir Jerry\u2019yi. \ufffcTan\u0131t\u0131m Metni<\/p>\n","protected":false},"excerpt":{"rendered":"<p>Hen\u00fcz alt\u0131 ayl\u0131k yavru bir k\u00f6pek olan Jerry, anne babas\u0131 ve karde\u015fi Michael\u2019dan kopar\u0131l\u0131r ve Solomon Adalar\u0131nda ya\u015fayan yerlileri gemisiyle al\u0131p Meringe topraklar\u0131na g\u00f6t\u00fcren Kaptan Van<span class=\"excerpt-hellip\"> [\u2026]<\/span><\/p>\n","protected":false},"featured_media":0,"template":"","meta":{"_monsterinsights_skip_tracking":false,"_monsterinsights_sitenote_active":false,"_monsterinsights_sitenote_note":"","_monsterinsights_sitenote_category":0},"product_brand":[],"product_cat":[12274,12467],"product_tag":[],"class_list":{"0":"post-699189","1":"product","2":"type-product","3":"status-publish","5":"product_cat-cocuk-ve-genclik-kitaplari","6":"product_cat-dunya-klasikleri","7":"pa_cilt-ciltsiz","8":"pa_tur-kitap","9":"pa_yayinevi-arkadas-yayinlari","10":"pa_yazar-jack-london","12":"first","13":"instock","14":"sale","15":"shipping-taxable","16":"purchasable","17":"product-type-simple"},"_links":{"self":[{"href":"https:\/\/roveyayinevi.com.tr\/index.php\/wp-json\/wp\/v2\/product\/699189","targetHints":{"allow":["GET"]}}],"collection":[{"href":"https:\/\/roveyayinevi.com.tr\/index.php\/wp-json\/wp\/v2\/product"}],"about":[{"href":"https:\/\/roveyayinevi.com.tr\/index.php\/wp-json\/wp\/v2\/types\/product"}],"wp:attachment":[{"href":"https:\/\/roveyayinevi.com.tr\/index.php\/wp-json\/wp\/v2\/media?parent=699189"}],"wp:term":[{"taxonomy":"product_brand","embeddable":true,"href":"https:\/\/roveyayinevi.com.tr\/index.php\/wp-json\/wp\/v2\/product_brand?post=699189"},{"taxonomy":"product_cat","embeddable":true,"href":"https:\/\/roveyayinevi.com.tr\/index.php\/wp-json\/wp\/v2\/product_cat?post=699189"},{"taxonomy":"product_tag","embeddable":true,"href":"https:\/\/roveyayinevi.com.tr\/index.php\/wp-json\/wp\/v2\/product_tag?post=699189"}],"curies":[{"name":"wp","href":"https:\/\/api.w.org\/{rel}","templated":true}]}}