{"id":699187,"date":"2025-08-27T14:49:36","date_gmt":"2025-08-27T11:49:36","guid":{"rendered":"https:\/\/roveyayinevi.com.tr\/index.php\/urun\/ilk-sorular-ve-cevaplarla-hayvanlar\/"},"modified":"2026-04-16T02:08:27","modified_gmt":"2026-04-15T23:08:27","slug":"ilk-sorular-ve-cevaplarla-hayvanlar","status":"publish","type":"product","link":"https:\/\/roveyayinevi.com.tr\/index.php\/urun\/ilk-sorular-ve-cevaplarla-hayvanlar\/","title":{"rendered":"\u0130lk Sorular ve Cevaplarla Hayvanlar"},"content":{"rendered":"<p>Hangi hayvan en iyi annedir?Yavru k\u00f6pek bal\u0131klar\u0131 ne yer?Yavru hayvanlar neden oyun oynarlar?Sincaplar yuvalar\u0131n\u0131 ne zaman terk edebilir?Kirpiler oklar\u0131yla m\u0131 do\u011far? Hey sen! Merakl\u0131 \u00e7ocuk\u2026 Biliyorum, akl\u0131nda do\u011fayla, ya\u015fad\u0131\u011f\u0131n d\u00fcnyan\u0131n di\u011fer etkileyici sakinleriyle ilgili pek \u00e7ok soru dolan\u0131p duruyor. Hi\u00e7 \u015f\u00fcphem yok ki sen de \u00e7ok merak ediyorsun yavru hayvanlar\u0131n kahkaha at\u0131p atmad\u0131\u011f\u0131n\u0131, penguen yavrular\u0131n\u0131n nas\u0131l \u0131s\u0131nd\u0131\u011f\u0131n\u0131, porsuklar\u0131n yuvalar\u0131n\u0131 temizleyip temizlemedi\u011fini ya da baz\u0131 yumurtalar\u0131n neden ayn\u0131 bir armut gibi oldu\u011funu\u2026 B\u00fct\u00fcn bu sorular\u0131n cevaplar\u0131n\u0131 sayfalar\u0131mda ke\u015ffedecek, do\u011fayla ilgili pek \u00e7ok yeni \u015fey \u00f6\u011frenecek ve hatta en sonunda da bilgini \u00f6l\u00e7me f\u0131rsat\u0131 bulacaks\u0131n. Merak etmek g\u00fczeldir\u2026 merak \u00f6\u011fretir\u2026 merakt\u0131r insanl\u0131\u011f\u0131n ilerlemesini, her g\u00fcn yeni ad\u0131mlar atmas\u0131n\u0131 sa\u011flayan\u2026 O h\u00e2lde merak etmeye, \u00f6\u011frenmeye devam!<\/p>\n","protected":false},"excerpt":{"rendered":"<p>Hangi hayvan en iyi annedir?Yavru k\u00f6pek bal\u0131klar\u0131 ne yer?Yavru hayvanlar neden oyun oynarlar?Sincaplar yuvalar\u0131n\u0131 ne zaman terk edebilir?Kirpiler oklar\u0131yla m\u0131 do\u011far? Hey sen! Merakl\u0131 \u00e7ocuk\u2026 Biliyorum,<span class=\"excerpt-hellip\"> [\u2026]<\/span><\/p>\n","protected":false},"featured_media":0,"template":"","meta":{"_monsterinsights_skip_tracking":false,"_monsterinsights_sitenote_active":false,"_monsterinsights_sitenote_note":"","_monsterinsights_sitenote_category":0},"product_brand":[],"product_cat":[13829,12274],"product_tag":[],"class_list":{"0":"post-699187","1":"product","2":"type-product","3":"status-publish","5":"product_cat-bilimsel-kitaplar","6":"product_cat-cocuk-ve-genclik-kitaplari","7":"pa_cilt-ciltsiz","8":"pa_tur-kitap","9":"pa_yayinevi-almidilli","10":"pa_yazar-jinny-johnson","12":"first","13":"instock","14":"sale","15":"shipping-taxable","16":"purchasable","17":"product-type-simple"},"_links":{"self":[{"href":"https:\/\/roveyayinevi.com.tr\/index.php\/wp-json\/wp\/v2\/product\/699187","targetHints":{"allow":["GET"]}}],"collection":[{"href":"https:\/\/roveyayinevi.com.tr\/index.php\/wp-json\/wp\/v2\/product"}],"about":[{"href":"https:\/\/roveyayinevi.com.tr\/index.php\/wp-json\/wp\/v2\/types\/product"}],"wp:attachment":[{"href":"https:\/\/roveyayinevi.com.tr\/index.php\/wp-json\/wp\/v2\/media?parent=699187"}],"wp:term":[{"taxonomy":"product_brand","embeddable":true,"href":"https:\/\/roveyayinevi.com.tr\/index.php\/wp-json\/wp\/v2\/product_brand?post=699187"},{"taxonomy":"product_cat","embeddable":true,"href":"https:\/\/roveyayinevi.com.tr\/index.php\/wp-json\/wp\/v2\/product_cat?post=699187"},{"taxonomy":"product_tag","embeddable":true,"href":"https:\/\/roveyayinevi.com.tr\/index.php\/wp-json\/wp\/v2\/product_tag?post=699187"}],"curies":[{"name":"wp","href":"https:\/\/api.w.org\/{rel}","templated":true}]}}