{"id":699186,"date":"2025-08-27T14:49:36","date_gmt":"2025-08-27T11:49:36","guid":{"rendered":"https:\/\/roveyayinevi.com.tr\/index.php\/urun\/evernight-akademisi-2-yildiz-avcisi\/"},"modified":"2026-04-16T02:08:27","modified_gmt":"2026-04-15T23:08:27","slug":"evernight-akademisi-2-yildiz-avcisi","status":"publish","type":"product","link":"https:\/\/roveyayinevi.com.tr\/index.php\/urun\/evernight-akademisi-2-yildiz-avcisi\/","title":{"rendered":"Evernight Akademisi &#8211; 2 : Y\u0131ld\u0131z Avc\u0131s\u0131"},"content":{"rendered":"<p>G\u00fczel ve tehlikeli vampirlerle dolu Karanl\u0131klar Akademisi\u2019nde Bianca, a\u015fk\u0131 u\u011fruna vampir i\u00e7g\u00fcd\u00fclerine kar\u015f\u0131 koyabilecek mi?Bianca\u2019n\u0131n kaderinde annesi ve babas\u0131 gibi bir vampir olmak vard\u0131r. Ancak vampirlere \u00f6zel Karanl\u0131klar Akademisi\u2019nde Lucas\u2019a kalbini kapt\u0131rd\u0131\u011f\u0131nda durum karma\u015f\u0131k bir hal al\u0131r. Lucas, onun t\u00fcr\u00fcn\u00fc yok etmeye ant i\u00e7mi\u015f bir vampir avc\u0131s\u0131d\u0131r ve ayr\u0131 yollara gitmek zorundad\u0131rlar.Bianca, Lucas\u2019\u0131 tekrar g\u00f6rmek i\u00e7in her \u015feyi g\u00f6ze alm\u0131\u015ft\u0131r; bu, Siyah Ha\u00e7 avc\u0131lar\u0131yla y\u00fczle\u015fmek ya da Karanl\u0131klar Akademisi\u2019nin g\u00fc\u00e7l\u00fc vampirlerine ihanet etmek anlam\u0131na gelse bile. Gen\u00e7 k\u0131z\u0131n s\u0131rlar\u0131 onu yalanlarla dolu bir hayat s\u00fcrd\u00fcrmeye zorlar.Ancak s\u0131rlar\u0131 olan sadece Bianca de\u011fildir. Bir g\u00fc\u00e7 okula sald\u0131r\u0131p Bianca\u2019y\u0131 hedef al\u0131nca, ge\u00e7mi\u015fe dair bir gizem ortaya \u00e7\u0131kacakt\u0131r.  Ve bu daha ba\u015flang\u0131\u00e7t\u0131r\u2026\u201cOkumaya ba\u015flay\u0131nca b\u0131rakmak istemedim. Bir sonraki kitap i\u00e7in sab\u0131rs\u0131zlan\u0131yorum.\u201d- L.J. Smith, The Vampire Diaries\u2019in yazar\u0131\u201cKalp at\u0131\u015flar\u0131n\u0131 h\u0131zland\u0131racak bir gerilim, tutkulu bir a\u015fk ve gotik detaylarla zenginle\u015ftirilmi\u015f serinin bu ikinci kitab\u0131 da bir solukta okunacak.\u201d- Booklist\u201cClaudia Gray okuyucular\u0131ndan s\u0131r saklamaya devam etti\u011fi s\u00fcrece, Romeo ve Juliet\u2019i an\u0131msatan kan davalar\u0131, paranormal a\u015fk ve lise entrikalar\u0131yla \u00f6r\u00fcl\u00fc bu hik\u00e2ye bitmeyecek.\u201d- School Library Journal <\/p>\n","protected":false},"excerpt":{"rendered":"<p>G\u00fczel ve tehlikeli vampirlerle dolu Karanl\u0131klar Akademisi\u2019nde Bianca, a\u015fk\u0131 u\u011fruna vampir i\u00e7g\u00fcd\u00fclerine kar\u015f\u0131 koyabilecek mi?Bianca\u2019n\u0131n kaderinde annesi ve babas\u0131 gibi bir vampir olmak vard\u0131r. Ancak vampirlere<span class=\"excerpt-hellip\"> [\u2026]<\/span><\/p>\n","protected":false},"featured_media":0,"template":"","meta":{"_monsterinsights_skip_tracking":false,"_monsterinsights_sitenote_active":false,"_monsterinsights_sitenote_note":"","_monsterinsights_sitenote_category":0},"product_brand":[],"product_cat":[12291,12711],"product_tag":[],"class_list":{"0":"post-699186","1":"product","2":"type-product","3":"status-publish","5":"product_cat-edebiyat","6":"product_cat-roman-oyku","7":"pa_cilt-ciltsiz","8":"pa_tur-kitap","9":"pa_yayinevi-pegasus-yayinlari","10":"pa_yazar-claudia-gray","12":"first","13":"instock","14":"sale","15":"shipping-taxable","16":"purchasable","17":"product-type-simple"},"_links":{"self":[{"href":"https:\/\/roveyayinevi.com.tr\/index.php\/wp-json\/wp\/v2\/product\/699186","targetHints":{"allow":["GET"]}}],"collection":[{"href":"https:\/\/roveyayinevi.com.tr\/index.php\/wp-json\/wp\/v2\/product"}],"about":[{"href":"https:\/\/roveyayinevi.com.tr\/index.php\/wp-json\/wp\/v2\/types\/product"}],"wp:attachment":[{"href":"https:\/\/roveyayinevi.com.tr\/index.php\/wp-json\/wp\/v2\/media?parent=699186"}],"wp:term":[{"taxonomy":"product_brand","embeddable":true,"href":"https:\/\/roveyayinevi.com.tr\/index.php\/wp-json\/wp\/v2\/product_brand?post=699186"},{"taxonomy":"product_cat","embeddable":true,"href":"https:\/\/roveyayinevi.com.tr\/index.php\/wp-json\/wp\/v2\/product_cat?post=699186"},{"taxonomy":"product_tag","embeddable":true,"href":"https:\/\/roveyayinevi.com.tr\/index.php\/wp-json\/wp\/v2\/product_tag?post=699186"}],"curies":[{"name":"wp","href":"https:\/\/api.w.org\/{rel}","templated":true}]}}