{"id":699183,"date":"2025-08-27T14:49:35","date_gmt":"2025-08-27T11:49:35","guid":{"rendered":"https:\/\/roveyayinevi.com.tr\/index.php\/urun\/hegel\/"},"modified":"2026-04-16T02:08:27","modified_gmt":"2026-04-15T23:08:27","slug":"hegel","status":"publish","type":"product","link":"https:\/\/roveyayinevi.com.tr\/index.php\/urun\/hegel\/","title":{"rendered":"Hegel"},"content":{"rendered":"<p>Bu kitapta T\u00fclin Bumin, Hegel&#8217;i felsefi bir antropolojinin yazar\u0131 olarak incelerken, onun d\u00fcnyay\u0131 ve insan\u0131 bir b\u00fct\u00fcn olarak ele al\u0131\u015f\u0131nda ve bu duru\u015fun olu\u015fturdu\u011fu \u00f6zbilin\u00e7 anlay\u0131\u015f\u0131nda, zaman\u0131 i\u00e7kin k\u0131lan bir \u00f6zg\u00fcrl\u00fck felsefesine dikkat \u00e7ekiyor. Hegel&#8217;in Frans\u0131z d\u00fc\u015f\u00fcncesindeki etkilerini, K\u00f6le-Efendi diyalekti\u011fini ve devlet kuram\u0131n\u0131, bu bak\u0131\u015f a\u00e7\u0131s\u0131yla yeniden okumak, felsefe tarihine Descartes&#8217;\u0131n ve Kant&#8217;\u0131n miras\u0131 olan ikicilikleri a\u015fmakta ve eylem ile d\u00fc\u015f\u00fcncenin birlikte\u011fini kavramakta yararl\u0131 kap\u0131lar a\u00e7acakt\u0131r. \ufffcTan\u0131t\u0131m Metni<\/p>\n","protected":false},"excerpt":{"rendered":"<p>Bu kitapta T\u00fclin Bumin, Hegel&#8217;i felsefi bir antropolojinin yazar\u0131 olarak incelerken, onun d\u00fcnyay\u0131 ve insan\u0131 bir b\u00fct\u00fcn olarak ele al\u0131\u015f\u0131nda ve bu duru\u015fun olu\u015fturdu\u011fu \u00f6zbilin\u00e7 anlay\u0131\u015f\u0131nda,<span class=\"excerpt-hellip\"> [\u2026]<\/span><\/p>\n","protected":false},"featured_media":0,"template":"","meta":{"_monsterinsights_skip_tracking":false,"_monsterinsights_sitenote_active":false,"_monsterinsights_sitenote_note":"","_monsterinsights_sitenote_category":0},"product_brand":[],"product_cat":[12389,12388],"product_tag":[],"class_list":{"0":"post-699183","1":"product","2":"type-product","3":"status-publish","5":"product_cat-diger-felsefe","6":"product_cat-felsefe","7":"pa_cilt-ciltsiz","8":"pa_tur-kitap","9":"pa_yayinevi-yapi-kredi-yayinlari","10":"pa_yazar-tulin-bumin","12":"first","13":"instock","14":"sale","15":"shipping-taxable","16":"purchasable","17":"product-type-simple"},"_links":{"self":[{"href":"https:\/\/roveyayinevi.com.tr\/index.php\/wp-json\/wp\/v2\/product\/699183","targetHints":{"allow":["GET"]}}],"collection":[{"href":"https:\/\/roveyayinevi.com.tr\/index.php\/wp-json\/wp\/v2\/product"}],"about":[{"href":"https:\/\/roveyayinevi.com.tr\/index.php\/wp-json\/wp\/v2\/types\/product"}],"wp:attachment":[{"href":"https:\/\/roveyayinevi.com.tr\/index.php\/wp-json\/wp\/v2\/media?parent=699183"}],"wp:term":[{"taxonomy":"product_brand","embeddable":true,"href":"https:\/\/roveyayinevi.com.tr\/index.php\/wp-json\/wp\/v2\/product_brand?post=699183"},{"taxonomy":"product_cat","embeddable":true,"href":"https:\/\/roveyayinevi.com.tr\/index.php\/wp-json\/wp\/v2\/product_cat?post=699183"},{"taxonomy":"product_tag","embeddable":true,"href":"https:\/\/roveyayinevi.com.tr\/index.php\/wp-json\/wp\/v2\/product_tag?post=699183"}],"curies":[{"name":"wp","href":"https:\/\/api.w.org\/{rel}","templated":true}]}}