{"id":699174,"date":"2025-08-27T14:49:33","date_gmt":"2025-08-27T11:49:33","guid":{"rendered":"https:\/\/roveyayinevi.com.tr\/index.php\/urun\/esitlik\/"},"modified":"2026-04-16T02:08:26","modified_gmt":"2026-04-15T23:08:26","slug":"esitlik","status":"publish","type":"product","link":"https:\/\/roveyayinevi.com.tr\/index.php\/urun\/esitlik\/","title":{"rendered":"E\u015fitlik"},"content":{"rendered":"<p>Son d\u00f6nemin en \u00f6nemli d\u00fc\u015f\u00fcn\u00fcrlerinden birisi olan Alex Callinicos, elinizdeki kitapta e\u015fitlik kavram\u0131n\u0131n g\u00fcn\u00fcm\u00fczdeki anlam\u0131n\u0131 esasl\u0131 bir bi\u00e7imde ortaya koyuyor. Felsefece bir dikkatle kavram\u0131n izini s\u00fcrmekle kalm\u0131yor, ayn\u0131 zamanda politik g\u00fcndemin g\u00fcncel \u00e7er\u00e7evesi a\u00e7\u0131s\u0131ndan nas\u0131l bir \u00f6nem ta\u015f\u0131d\u0131\u011f\u0131n\u0131 da g\u00f6stermeye \u00e7abal\u0131yor. B\u00f6ylece kuram\u0131n pratikle \u00f6rt\u00fc\u015ft\u00fc\u011f\u00fc yerleri g\u00fcncelin dilini kullanarak sergiliyor ve ayr\u0131cal\u0131kl\u0131 olanlar\u0131n konumlar\u0131n\u0131 korumak i\u00e7in nas\u0131l bir m\u00fccadeleye girdi\u011fine i\u015faret ediyor. E\u015fitlik&#8217;i alan\u0131ndaki kitaplardan ay\u0131ran \u00f6nemli bir \u00f6zellik de Karl Marx, John Rawls, Ronald Dworkin, Amartya Sen ve G. A. Cohen gibi d\u00fc\u015f\u00fcn\u00fcrlerin &#8220;e\u015fitlik&#8221; kavramlar\u0131yla girdi\u011fi tart\u0131\u015fmada d\u00fc\u015f\u00fcnme alan\u0131n\u0131 en ba\u015fta kapitalizm, toplum ve demokrasi \u00fc\u00e7geni i\u00e7erisinde kurmu\u015f olmas\u0131. Callinicos&#8217;tan e\u015fitlik ve adaleti ayn\u0131 kefeye koyarak d\u00fc\u015f\u00fcnen bir kitap&#8230; <\/p>\n","protected":false},"excerpt":{"rendered":"<p>Son d\u00f6nemin en \u00f6nemli d\u00fc\u015f\u00fcn\u00fcrlerinden birisi olan Alex Callinicos, elinizdeki kitapta e\u015fitlik kavram\u0131n\u0131n g\u00fcn\u00fcm\u00fczdeki anlam\u0131n\u0131 esasl\u0131 bir bi\u00e7imde ortaya koyuyor. Felsefece bir dikkatle kavram\u0131n izini s\u00fcrmekle<span class=\"excerpt-hellip\"> [\u2026]<\/span><\/p>\n","protected":false},"featured_media":0,"template":"","meta":{"_monsterinsights_skip_tracking":false,"_monsterinsights_sitenote_active":false,"_monsterinsights_sitenote_note":"","_monsterinsights_sitenote_category":0},"product_brand":[],"product_cat":[12389,12388],"product_tag":[],"class_list":{"0":"post-699174","1":"product","2":"type-product","3":"status-publish","5":"product_cat-diger-felsefe","6":"product_cat-felsefe","7":"pa_cilt-ciltsiz","8":"pa_tur-kitap","9":"pa_yayinevi-bilgesu-yayincilik","10":"pa_yazar-alex-callinicos","12":"first","13":"instock","14":"sale","15":"shipping-taxable","16":"purchasable","17":"product-type-simple"},"_links":{"self":[{"href":"https:\/\/roveyayinevi.com.tr\/index.php\/wp-json\/wp\/v2\/product\/699174","targetHints":{"allow":["GET"]}}],"collection":[{"href":"https:\/\/roveyayinevi.com.tr\/index.php\/wp-json\/wp\/v2\/product"}],"about":[{"href":"https:\/\/roveyayinevi.com.tr\/index.php\/wp-json\/wp\/v2\/types\/product"}],"wp:attachment":[{"href":"https:\/\/roveyayinevi.com.tr\/index.php\/wp-json\/wp\/v2\/media?parent=699174"}],"wp:term":[{"taxonomy":"product_brand","embeddable":true,"href":"https:\/\/roveyayinevi.com.tr\/index.php\/wp-json\/wp\/v2\/product_brand?post=699174"},{"taxonomy":"product_cat","embeddable":true,"href":"https:\/\/roveyayinevi.com.tr\/index.php\/wp-json\/wp\/v2\/product_cat?post=699174"},{"taxonomy":"product_tag","embeddable":true,"href":"https:\/\/roveyayinevi.com.tr\/index.php\/wp-json\/wp\/v2\/product_tag?post=699174"}],"curies":[{"name":"wp","href":"https:\/\/api.w.org\/{rel}","templated":true}]}}