{"id":699172,"date":"2025-08-27T14:49:32","date_gmt":"2025-08-27T11:49:32","guid":{"rendered":"https:\/\/roveyayinevi.com.tr\/index.php\/urun\/gelenek-sanat-ve-medeniyet\/"},"modified":"2026-04-16T02:08:26","modified_gmt":"2026-04-15T23:08:26","slug":"gelenek-sanat-ve-medeniyet","status":"publish","type":"product","link":"https:\/\/roveyayinevi.com.tr\/index.php\/urun\/gelenek-sanat-ve-medeniyet\/","title":{"rendered":"Gelenek, Sanat ve Medeniyet"},"content":{"rendered":"<p>S\u00e2bit\u00e2 gam yeme kim her mihnet i\u00e7inde lezzetG\u00f6ky\u00fcz\u00fc ebr-i fe\u015f\u00e2n ba\u011flasa b\u00e2r\u00e2n getirir <\/p>\n","protected":false},"excerpt":{"rendered":"<p>S\u00e2bit\u00e2 gam yeme kim her mihnet i\u00e7inde lezzetG\u00f6ky\u00fcz\u00fc ebr-i fe\u015f\u00e2n ba\u011flasa b\u00e2r\u00e2n getirir<\/p>\n","protected":false},"featured_media":0,"template":"","meta":{"_monsterinsights_skip_tracking":false,"_monsterinsights_sitenote_active":false,"_monsterinsights_sitenote_note":"","_monsterinsights_sitenote_category":0},"product_brand":[],"product_cat":[16789,12718,12719],"product_tag":[],"class_list":{"0":"post-699172","1":"product","2":"type-product","3":"status-publish","5":"product_cat-diger-islam","6":"product_cat-din","7":"product_cat-islam","8":"pa_cilt-ciltsiz","9":"pa_tur-kitap","10":"pa_yayinevi-sufi-kitap","11":"pa_yazar-saadettin-okten","13":"first","14":"instock","15":"sale","16":"shipping-taxable","17":"purchasable","18":"product-type-simple"},"_links":{"self":[{"href":"https:\/\/roveyayinevi.com.tr\/index.php\/wp-json\/wp\/v2\/product\/699172","targetHints":{"allow":["GET"]}}],"collection":[{"href":"https:\/\/roveyayinevi.com.tr\/index.php\/wp-json\/wp\/v2\/product"}],"about":[{"href":"https:\/\/roveyayinevi.com.tr\/index.php\/wp-json\/wp\/v2\/types\/product"}],"wp:attachment":[{"href":"https:\/\/roveyayinevi.com.tr\/index.php\/wp-json\/wp\/v2\/media?parent=699172"}],"wp:term":[{"taxonomy":"product_brand","embeddable":true,"href":"https:\/\/roveyayinevi.com.tr\/index.php\/wp-json\/wp\/v2\/product_brand?post=699172"},{"taxonomy":"product_cat","embeddable":true,"href":"https:\/\/roveyayinevi.com.tr\/index.php\/wp-json\/wp\/v2\/product_cat?post=699172"},{"taxonomy":"product_tag","embeddable":true,"href":"https:\/\/roveyayinevi.com.tr\/index.php\/wp-json\/wp\/v2\/product_tag?post=699172"}],"curies":[{"name":"wp","href":"https:\/\/api.w.org\/{rel}","templated":true}]}}