{"id":699171,"date":"2025-08-27T14:49:32","date_gmt":"2025-08-27T11:49:32","guid":{"rendered":"https:\/\/roveyayinevi.com.tr\/index.php\/urun\/sufi-ve-sanat\/"},"modified":"2026-04-16T02:08:26","modified_gmt":"2026-04-15T23:08:26","slug":"sufi-ve-sanat","status":"publish","type":"product","link":"https:\/\/roveyayinevi.com.tr\/index.php\/urun\/sufi-ve-sanat\/","title":{"rendered":"Sufi ve Sanat"},"content":{"rendered":"<p>\u201cK\u00e2inat\u0131n harflerini oku \u00c7\u00fcnk\u00fc biz de bir zamanlar y\u00fcce harfler idik\u015eimdi a\u015fa\u011f\u0131ya indikK\u00e2inat\u0131n harflerini okuZira bu harfler sanaOkunmak \u00fczere gelmi\u015f birer mektuptur\u201d <\/p>\n","protected":false},"excerpt":{"rendered":"<p>\u201cK\u00e2inat\u0131n harflerini oku \u00c7\u00fcnk\u00fc biz de bir zamanlar y\u00fcce harfler idik\u015eimdi a\u015fa\u011f\u0131ya indikK\u00e2inat\u0131n harflerini okuZira bu harfler sanaOkunmak \u00fczere gelmi\u015f birer mektuptur\u201d<\/p>\n","protected":false},"featured_media":0,"template":"","meta":{"_monsterinsights_skip_tracking":false,"_monsterinsights_sitenote_active":false,"_monsterinsights_sitenote_note":"","_monsterinsights_sitenote_category":0},"product_brand":[],"product_cat":[12718,12719,15238],"product_tag":[],"class_list":{"0":"post-699171","1":"product","2":"type-product","3":"status-publish","5":"product_cat-din","6":"product_cat-islam","7":"product_cat-tasavvuf","8":"pa_cilt-ciltsiz","9":"pa_tur-kitap","10":"pa_yayinevi-sufi-kitap","11":"pa_yazar-mahmud-erol-kilic","13":"first","14":"instock","15":"sale","16":"shipping-taxable","17":"purchasable","18":"product-type-simple"},"_links":{"self":[{"href":"https:\/\/roveyayinevi.com.tr\/index.php\/wp-json\/wp\/v2\/product\/699171","targetHints":{"allow":["GET"]}}],"collection":[{"href":"https:\/\/roveyayinevi.com.tr\/index.php\/wp-json\/wp\/v2\/product"}],"about":[{"href":"https:\/\/roveyayinevi.com.tr\/index.php\/wp-json\/wp\/v2\/types\/product"}],"wp:attachment":[{"href":"https:\/\/roveyayinevi.com.tr\/index.php\/wp-json\/wp\/v2\/media?parent=699171"}],"wp:term":[{"taxonomy":"product_brand","embeddable":true,"href":"https:\/\/roveyayinevi.com.tr\/index.php\/wp-json\/wp\/v2\/product_brand?post=699171"},{"taxonomy":"product_cat","embeddable":true,"href":"https:\/\/roveyayinevi.com.tr\/index.php\/wp-json\/wp\/v2\/product_cat?post=699171"},{"taxonomy":"product_tag","embeddable":true,"href":"https:\/\/roveyayinevi.com.tr\/index.php\/wp-json\/wp\/v2\/product_tag?post=699171"}],"curies":[{"name":"wp","href":"https:\/\/api.w.org\/{rel}","templated":true}]}}