{"id":699170,"date":"2025-08-27T14:49:32","date_gmt":"2025-08-27T11:49:32","guid":{"rendered":"https:\/\/roveyayinevi.com.tr\/index.php\/urun\/kum-sehri\/"},"modified":"2026-04-16T02:08:26","modified_gmt":"2026-04-15T23:08:26","slug":"kum-sehri","status":"publish","type":"product","link":"https:\/\/roveyayinevi.com.tr\/index.php\/urun\/kum-sehri\/","title":{"rendered":"Kum \u015eehri"},"content":{"rendered":"<p>Pe\u015finizde S\u00fcrekli Sizi Ele Ge\u00e7irmeye \u00c7al\u0131\u015fan Birileri Varken Kime G\u00fcvenebilirsiniz?Eve okuldan ka\u00e7t\u0131\u011f\u0131ndan beri ilk defa huzurla uyuyabilmektedir. Yeni Amerika\u2019daki kad\u0131nlar\u0131 bekleyen korkun\u00e7 kaderden \u00e7ok uzakta, kendileri i\u00e7in bir cennet say\u0131lan Califia\u2019da ya\u015famaktad\u0131r. Ama bu g\u00fcvenli hayat\u0131n bir bedeli vard\u0131r: Sevdi\u011fi genci, Caleb\u2019\u0131, yaral\u0131 bir halde Califia\u2019n\u0131n giri\u015finde b\u0131rakmaya zorlanm\u0131\u015ft\u0131r. Eve, Caleb\u2019\u0131n ba\u015f\u0131n\u0131n dertte oldu\u011funu duyunca, onu kurtarmak i\u00e7in tekrar d\u0131\u015far\u0131 \u00e7\u0131kmaya karar verir ama bunu ba\u015faramadan yakalanarak Yeni Amerika\u2019n\u0131n ba\u015fkenti Kum \u015eehri\u2019ne getirilir. \u015eehrin duvarlar\u0131 aras\u0131na hapsolan ve ge\u00e7mi\u015fiyle ilgili \u015fa\u015f\u0131rt\u0131c\u0131 bir s\u0131rr\u0131 ortaya \u00e7\u0131karan Eve, Caleb\u2019\u0131n ya\u015fad\u0131\u011f\u0131n\u0131 \u00f6\u011frenince onunla olabilmek i\u00e7in hapishaneden ka\u00e7maya \u00e7al\u0131\u015f\u0131r ancak bunun \u00f6l\u00fcmc\u00fcl bir bedeli olacakt\u0131r. Gen\u00e7 k\u0131z, sevdiklerini kurtarmak ile Caleb\u2019\u0131 sonsuza kadar kaybetmek aras\u0131nda bir se\u00e7im yapmak zorunda kalacakt\u0131r. \u201cS\u00fcr\u00fckleyici, heyecan uyand\u0131ran bir macera ve a\u015fka taptaze bir bak\u0131\u015f.\u201d- Lauren Kate \u201cD\u00fc\u015f\u00fcnd\u00fcr\u00fcc\u00fc, kalp s\u0131zlatan ve romantik bir hik\u00e2ye&#8230; Bir solukta okudum.\u201d- Cynthia Hand <\/p>\n","protected":false},"excerpt":{"rendered":"<p>Pe\u015finizde S\u00fcrekli Sizi Ele Ge\u00e7irmeye \u00c7al\u0131\u015fan Birileri Varken Kime G\u00fcvenebilirsiniz?Eve okuldan ka\u00e7t\u0131\u011f\u0131ndan beri ilk defa huzurla uyuyabilmektedir. Yeni Amerika\u2019daki kad\u0131nlar\u0131 bekleyen korkun\u00e7 kaderden \u00e7ok uzakta, kendileri<span class=\"excerpt-hellip\"> [\u2026]<\/span><\/p>\n","protected":false},"featured_media":0,"template":"","meta":{"_monsterinsights_skip_tracking":false,"_monsterinsights_sitenote_active":false,"_monsterinsights_sitenote_note":"","_monsterinsights_sitenote_category":0},"product_brand":[],"product_cat":[12291,12711],"product_tag":[],"class_list":{"0":"post-699170","1":"product","2":"type-product","3":"status-publish","5":"product_cat-edebiyat","6":"product_cat-roman-oyku","7":"pa_cilt-ciltsiz","8":"pa_tur-kitap","9":"pa_yayinevi-pegasus-yayinlari","10":"pa_yazar-anna-carey","12":"first","13":"instock","14":"sale","15":"shipping-taxable","16":"purchasable","17":"product-type-simple"},"_links":{"self":[{"href":"https:\/\/roveyayinevi.com.tr\/index.php\/wp-json\/wp\/v2\/product\/699170","targetHints":{"allow":["GET"]}}],"collection":[{"href":"https:\/\/roveyayinevi.com.tr\/index.php\/wp-json\/wp\/v2\/product"}],"about":[{"href":"https:\/\/roveyayinevi.com.tr\/index.php\/wp-json\/wp\/v2\/types\/product"}],"wp:attachment":[{"href":"https:\/\/roveyayinevi.com.tr\/index.php\/wp-json\/wp\/v2\/media?parent=699170"}],"wp:term":[{"taxonomy":"product_brand","embeddable":true,"href":"https:\/\/roveyayinevi.com.tr\/index.php\/wp-json\/wp\/v2\/product_brand?post=699170"},{"taxonomy":"product_cat","embeddable":true,"href":"https:\/\/roveyayinevi.com.tr\/index.php\/wp-json\/wp\/v2\/product_cat?post=699170"},{"taxonomy":"product_tag","embeddable":true,"href":"https:\/\/roveyayinevi.com.tr\/index.php\/wp-json\/wp\/v2\/product_tag?post=699170"}],"curies":[{"name":"wp","href":"https:\/\/api.w.org\/{rel}","templated":true}]}}