{"id":699166,"date":"2025-08-27T14:49:30","date_gmt":"2025-08-27T11:49:30","guid":{"rendered":"https:\/\/roveyayinevi.com.tr\/index.php\/urun\/ayrilik\/"},"modified":"2026-04-16T02:08:26","modified_gmt":"2026-04-15T23:08:26","slug":"ayrilik","status":"publish","type":"product","link":"https:\/\/roveyayinevi.com.tr\/index.php\/urun\/ayrilik\/","title":{"rendered":"Ayr\u0131l\u0131k"},"content":{"rendered":"<p>Benimle ge\u00e7irdi\u011fi her saniye, bana dokundu\u011fu her an sanki \u00e7ok a\u011f\u0131r n\u00fcfuz eden bir zehir gibiydi&#8230; Bunu sona erdirmeliydim. Hem de hemen.\u201cParanormal tutkunlar\u0131 muhte\u015fem kurgusuyla Amelia\u2019n\u0131n hikayesinin ikinci b\u00f6l\u00fcm\u00fcne bay\u0131lacaklar.\u201d- Voya\u201cHudson paranormal t\u00fcr\u00fcnde \u00fcst s\u0131ralardaki yerini korumay\u0131 ba\u015far\u0131yor. Kayda de\u011fer bir devam kitab\u0131\u2026  T\u00fcr\u00fcn hayranlar\u0131 kesinlikle memnun kalacak.\u201d &#8211; Kirkus Reviews<\/p>\n","protected":false},"excerpt":{"rendered":"<p>Benimle ge\u00e7irdi\u011fi her saniye, bana dokundu\u011fu her an sanki \u00e7ok a\u011f\u0131r n\u00fcfuz eden bir zehir gibiydi&#8230; Bunu sona erdirmeliydim. Hem de hemen.\u201cParanormal tutkunlar\u0131 muhte\u015fem kurgusuyla Amelia\u2019n\u0131n<span class=\"excerpt-hellip\"> [\u2026]<\/span><\/p>\n","protected":false},"featured_media":0,"template":"","meta":{"_monsterinsights_skip_tracking":false,"_monsterinsights_sitenote_active":false,"_monsterinsights_sitenote_note":"","_monsterinsights_sitenote_category":0},"product_brand":[],"product_cat":[12291,12711],"product_tag":[],"class_list":{"0":"post-699166","1":"product","2":"type-product","3":"status-publish","5":"product_cat-edebiyat","6":"product_cat-roman-oyku","7":"pa_cilt-ciltli","8":"pa_tur-kitap","9":"pa_yayinevi-pegasus-yayinlari","10":"pa_yazar-tara-hudson","12":"first","13":"instock","14":"sale","15":"shipping-taxable","16":"purchasable","17":"product-type-simple"},"_links":{"self":[{"href":"https:\/\/roveyayinevi.com.tr\/index.php\/wp-json\/wp\/v2\/product\/699166","targetHints":{"allow":["GET"]}}],"collection":[{"href":"https:\/\/roveyayinevi.com.tr\/index.php\/wp-json\/wp\/v2\/product"}],"about":[{"href":"https:\/\/roveyayinevi.com.tr\/index.php\/wp-json\/wp\/v2\/types\/product"}],"wp:attachment":[{"href":"https:\/\/roveyayinevi.com.tr\/index.php\/wp-json\/wp\/v2\/media?parent=699166"}],"wp:term":[{"taxonomy":"product_brand","embeddable":true,"href":"https:\/\/roveyayinevi.com.tr\/index.php\/wp-json\/wp\/v2\/product_brand?post=699166"},{"taxonomy":"product_cat","embeddable":true,"href":"https:\/\/roveyayinevi.com.tr\/index.php\/wp-json\/wp\/v2\/product_cat?post=699166"},{"taxonomy":"product_tag","embeddable":true,"href":"https:\/\/roveyayinevi.com.tr\/index.php\/wp-json\/wp\/v2\/product_tag?post=699166"}],"curies":[{"name":"wp","href":"https:\/\/api.w.org\/{rel}","templated":true}]}}