{"id":699164,"date":"2025-08-27T14:49:30","date_gmt":"2025-08-27T11:49:30","guid":{"rendered":"https:\/\/roveyayinevi.com.tr\/index.php\/urun\/buyunun-rengi\/"},"modified":"2026-04-11T13:26:30","modified_gmt":"2026-04-11T10:26:30","slug":"buyunun-rengi","status":"publish","type":"product","link":"https:\/\/roveyayinevi.com.tr\/index.php\/urun\/buyunun-rengi\/","title":{"rendered":"B\u00fcy\u00fcn\u00fcn Rengi"},"content":{"rendered":"<p>Yak\u0131n ge\u00e7mi\u015fte, sonsuzlu\u011fun b\u00fcy\u00fcl\u00fc evrenine u\u011furlad\u0131\u011f\u0131m\u0131z Sir Terry Pratchett\u2019\u0131n, d\u00fcnya \u00e7ap\u0131nda 85 milyonun \u00fczerinde satan, 40 kitapl\u0131k, k\u00fcltle\u015fmi\u015f \u201cDiskD\u00fcnya\u201d serisinin ilk iki halkas\u0131 B\u00fcy\u00fcn\u00fcn Rengi ve Fantastik I\u015f\u0131k, Niran El\u00e7i\u2019nin p\u00fcr\u00fczs\u00fcz T\u00fcrk\u00e7esi ve Delidolu Yay\u0131nlar\u0131\u2019n\u0131n \u00f6zenli bask\u0131s\u0131yla edebiyat severlerin be\u011fenisine sunuluyor. \ufffcTan\u0131t\u0131m Metni<\/p>\n","protected":false},"excerpt":{"rendered":"<p>Yak\u0131n ge\u00e7mi\u015fte, sonsuzlu\u011fun b\u00fcy\u00fcl\u00fc evrenine u\u011furlad\u0131\u011f\u0131m\u0131z Sir Terry Pratchett\u2019\u0131n, d\u00fcnya \u00e7ap\u0131nda 85 milyonun \u00fczerinde satan, 40 kitapl\u0131k, k\u00fcltle\u015fmi\u015f \u201cDiskD\u00fcnya\u201d serisinin ilk iki halkas\u0131 B\u00fcy\u00fcn\u00fcn Rengi ve<span class=\"excerpt-hellip\"> [\u2026]<\/span><\/p>\n","protected":false},"featured_media":0,"template":"","meta":{"_monsterinsights_skip_tracking":false,"_monsterinsights_sitenote_active":false,"_monsterinsights_sitenote_note":"","_monsterinsights_sitenote_category":0},"product_brand":[],"product_cat":[12275,12274],"product_tag":[],"class_list":{"0":"post-699164","1":"product","2":"type-product","3":"status-publish","5":"product_cat-6-12-yas-kitaplari","6":"product_cat-cocuk-ve-genclik-kitaplari","7":"pa_cilt-ciltsiz","8":"pa_tur-kitap","9":"pa_yayinevi-delidolu","10":"pa_yazar-terry-pratchett","12":"first","13":"instock","14":"sale","15":"shipping-taxable","16":"purchasable","17":"product-type-simple"},"_links":{"self":[{"href":"https:\/\/roveyayinevi.com.tr\/index.php\/wp-json\/wp\/v2\/product\/699164","targetHints":{"allow":["GET"]}}],"collection":[{"href":"https:\/\/roveyayinevi.com.tr\/index.php\/wp-json\/wp\/v2\/product"}],"about":[{"href":"https:\/\/roveyayinevi.com.tr\/index.php\/wp-json\/wp\/v2\/types\/product"}],"wp:attachment":[{"href":"https:\/\/roveyayinevi.com.tr\/index.php\/wp-json\/wp\/v2\/media?parent=699164"}],"wp:term":[{"taxonomy":"product_brand","embeddable":true,"href":"https:\/\/roveyayinevi.com.tr\/index.php\/wp-json\/wp\/v2\/product_brand?post=699164"},{"taxonomy":"product_cat","embeddable":true,"href":"https:\/\/roveyayinevi.com.tr\/index.php\/wp-json\/wp\/v2\/product_cat?post=699164"},{"taxonomy":"product_tag","embeddable":true,"href":"https:\/\/roveyayinevi.com.tr\/index.php\/wp-json\/wp\/v2\/product_tag?post=699164"}],"curies":[{"name":"wp","href":"https:\/\/api.w.org\/{rel}","templated":true}]}}