{"id":699162,"date":"2025-08-27T14:49:29","date_gmt":"2025-08-27T11:49:29","guid":{"rendered":"https:\/\/roveyayinevi.com.tr\/index.php\/urun\/delilige-ovgu-3\/"},"modified":"2026-04-16T02:08:26","modified_gmt":"2026-04-15T23:08:26","slug":"delilige-ovgu-3","status":"publish","type":"product","link":"https:\/\/roveyayinevi.com.tr\/index.php\/urun\/delilige-ovgu-3\/","title":{"rendered":"Delili\u011fe \u00d6vg\u00fc"},"content":{"rendered":"<p>Eski Yunan ve Roma k\u00fclt\u00fcr\u00fcn\u00fcn canland\u0131r\u0131ld\u0131\u011f\u0131 R\u00f6nesans\u2019\u0131n en \u00f6nemli savunucusu, H\u00fcmanizmin Bat\u0131 Avrupa\u2019daki en b\u00fcy\u00fck temsilcisi olan Erasmus, ayn\u0131 zamanda Reform\u2019a giden kap\u0131y\u0131 aralayarak g\u00fcn\u00fcm\u00fcz Avrupas\u0131\u2019n\u0131n \u015fekillenmesine yard\u0131m eden ve k\u00fclt\u00fcr hayat\u0131na etki eden isimlerden biridir. <\/p>\n","protected":false},"excerpt":{"rendered":"<p>Eski Yunan ve Roma k\u00fclt\u00fcr\u00fcn\u00fcn canland\u0131r\u0131ld\u0131\u011f\u0131 R\u00f6nesans\u2019\u0131n en \u00f6nemli savunucusu, H\u00fcmanizmin Bat\u0131 Avrupa\u2019daki en b\u00fcy\u00fck temsilcisi olan Erasmus, ayn\u0131 zamanda Reform\u2019a giden kap\u0131y\u0131 aralayarak g\u00fcn\u00fcm\u00fcz Avrupas\u0131\u2019n\u0131n<span class=\"excerpt-hellip\"> [\u2026]<\/span><\/p>\n","protected":false},"featured_media":0,"template":"","meta":{"_monsterinsights_skip_tracking":false,"_monsterinsights_sitenote_active":false,"_monsterinsights_sitenote_note":"","_monsterinsights_sitenote_category":0},"product_brand":[],"product_cat":[12389,12388],"product_tag":[],"class_list":{"0":"post-699162","1":"product","2":"type-product","3":"status-publish","5":"product_cat-diger-felsefe","6":"product_cat-felsefe","7":"pa_tur-kitap","8":"pa_yayinevi-atac-yayinlari","9":"pa_yazar-desiderius-erasmus","11":"first","12":"instock","13":"sale","14":"shipping-taxable","15":"purchasable","16":"product-type-simple"},"_links":{"self":[{"href":"https:\/\/roveyayinevi.com.tr\/index.php\/wp-json\/wp\/v2\/product\/699162","targetHints":{"allow":["GET"]}}],"collection":[{"href":"https:\/\/roveyayinevi.com.tr\/index.php\/wp-json\/wp\/v2\/product"}],"about":[{"href":"https:\/\/roveyayinevi.com.tr\/index.php\/wp-json\/wp\/v2\/types\/product"}],"wp:attachment":[{"href":"https:\/\/roveyayinevi.com.tr\/index.php\/wp-json\/wp\/v2\/media?parent=699162"}],"wp:term":[{"taxonomy":"product_brand","embeddable":true,"href":"https:\/\/roveyayinevi.com.tr\/index.php\/wp-json\/wp\/v2\/product_brand?post=699162"},{"taxonomy":"product_cat","embeddable":true,"href":"https:\/\/roveyayinevi.com.tr\/index.php\/wp-json\/wp\/v2\/product_cat?post=699162"},{"taxonomy":"product_tag","embeddable":true,"href":"https:\/\/roveyayinevi.com.tr\/index.php\/wp-json\/wp\/v2\/product_tag?post=699162"}],"curies":[{"name":"wp","href":"https:\/\/api.w.org\/{rel}","templated":true}]}}