{"id":699159,"date":"2025-08-27T14:49:28","date_gmt":"2025-08-27T11:49:28","guid":{"rendered":"https:\/\/roveyayinevi.com.tr\/index.php\/urun\/dortlerin-yemini\/"},"modified":"2026-04-16T02:08:26","modified_gmt":"2026-04-15T23:08:26","slug":"dortlerin-yemini","status":"publish","type":"product","link":"https:\/\/roveyayinevi.com.tr\/index.php\/urun\/dortlerin-yemini\/","title":{"rendered":"D\u00f6rtlerin Yemini"},"content":{"rendered":"<p>Sir Arthur Conan Doyle\u2019un ak\u0131l y\u00fcr\u00fctme yetene\u011fi \u00e7ok g\u00fc\u00e7l\u00fc Edinburghlu bir \u00f6\u011fretmenden esinlenerek yaratt\u0131\u011f\u0131 Sherlock Holmes, 1877\u2019de yay\u0131mlanan K\u0131z\u0131l \u0130pucu\u2019nda ilk kez boy g\u00f6sterdi. Arkada\u015f\u0131 Dr. Watson ve d\u00fc\u015fman\u0131 Prof. Moriarty ile birlikte bir\u00e7ok filmin de kahraman\u0131 olarak \u00fcn kazand\u0131. Doyle\u2019un yazd\u0131\u011f\u0131 tarihi romanlar ve tiyatro oyunlar\u0131 Sherlock Holmes\u2019un kazand\u0131\u011f\u0131 \u00fcn\u00fcn g\u00f6lgesinde kald\u0131&#8230; D\u00f6rtlerin Yemini\u2019ninde h\u0131rs ve entrikan\u0131n yol a\u00e7t\u0131\u011f\u0131 bir cinayetle d\u00fc\u011f\u00fcmlenen olaylar, Holmes\u2019un rastlant\u0131lar\u0131 birer delile \u00e7eviren g\u00f6zlem g\u00fcc\u00fc sayesinde umulmad\u0131k bir \u00e7\u00f6z\u00fcme kavu\u015fur. Sir A.C. Doyle ilgin\u00e7 bir kurguyu ak\u0131c\u0131 bir ifade ile birle\u015ftirerek bir dedektif \u00f6yk\u00fcs\u00fcn\u00fc edebiyat\u0131n klasikleri aras\u0131na yerle\u015ftirmi\u015ftir. Sir Arthur Conan Doyle (1859-1930) Edinburg \u00dcniversitesi&#8217;nde t\u0131p okuyan Arthur Conan Doyle, 1882&#8217;de Portsmouth&#8217;un bir kenar mahallesine yerle\u015fti ve 1890 y\u0131l\u0131na kadar doktorluk yapt\u0131. \u0130lk eserlerini bu s\u0131rada yazd\u0131. 1891&#8217;den sora kendini daha \u00e7ok edebiyata verdi. Hekimlikle ilgisini kesmeyen yazar \u0130ngiliz ordusunda g\u00f6rev ald\u0131, G\u00fcnye Afrika&#8217;da Bloefontein&#8217;deki sahra hastanesinde \u00e7al\u0131\u015ft\u0131. 1889-1902 Boer Sava\u015f\u0131 s\u0131ras\u0131nda g\u00f6sterdi\u011fi yazarl\u0131k nedeniyle soyluluk unvan\u0131 kazand\u0131. I. D\u00fcnya Sava\u015f\u0131&#8217;na Kuzey Fransa, \u0130talya ve Verdun cephelerinde kat\u0131ld\u0131. Sava\u015fta karde\u015fini, o\u011flunu ve iki ye\u011fenini kaybettikten sonra do\u011fa\u00fcst\u00fc konulara y\u00f6neldi. K\u0131z\u0131l \u0130pucu, D\u00f6rtlerin Yemini, Sherlock Holmes&#8217;un Maceralar\u0131, Baskervilelerin K\u00f6pe\u011fi, en tan\u0131nm\u0131\u015f yap\u0131tlar\u0131ndand\u0131r.<\/p>\n","protected":false},"excerpt":{"rendered":"<p>Sir Arthur Conan Doyle\u2019un ak\u0131l y\u00fcr\u00fctme yetene\u011fi \u00e7ok g\u00fc\u00e7l\u00fc Edinburghlu bir \u00f6\u011fretmenden esinlenerek yaratt\u0131\u011f\u0131 Sherlock Holmes, 1877\u2019de yay\u0131mlanan K\u0131z\u0131l \u0130pucu\u2019nda ilk kez boy g\u00f6sterdi. Arkada\u015f\u0131 Dr.<span class=\"excerpt-hellip\"> [\u2026]<\/span><\/p>\n","protected":false},"featured_media":0,"template":"","meta":{"_monsterinsights_skip_tracking":false,"_monsterinsights_sitenote_active":false,"_monsterinsights_sitenote_note":"","_monsterinsights_sitenote_category":0},"product_brand":[],"product_cat":[12291,26797],"product_tag":[],"class_list":{"0":"post-699159","1":"product","2":"type-product","3":"status-publish","5":"product_cat-edebiyat","6":"product_cat-modern-klasikler","7":"pa_cilt-ciltsiz","8":"pa_tur-kitap","9":"pa_yayinevi-is-bankasi-kultur-yayinlari","10":"pa_yazar-sir-arthur-conan-doyle","12":"first","13":"instock","14":"sale","15":"shipping-taxable","16":"purchasable","17":"product-type-simple"},"_links":{"self":[{"href":"https:\/\/roveyayinevi.com.tr\/index.php\/wp-json\/wp\/v2\/product\/699159","targetHints":{"allow":["GET"]}}],"collection":[{"href":"https:\/\/roveyayinevi.com.tr\/index.php\/wp-json\/wp\/v2\/product"}],"about":[{"href":"https:\/\/roveyayinevi.com.tr\/index.php\/wp-json\/wp\/v2\/types\/product"}],"wp:attachment":[{"href":"https:\/\/roveyayinevi.com.tr\/index.php\/wp-json\/wp\/v2\/media?parent=699159"}],"wp:term":[{"taxonomy":"product_brand","embeddable":true,"href":"https:\/\/roveyayinevi.com.tr\/index.php\/wp-json\/wp\/v2\/product_brand?post=699159"},{"taxonomy":"product_cat","embeddable":true,"href":"https:\/\/roveyayinevi.com.tr\/index.php\/wp-json\/wp\/v2\/product_cat?post=699159"},{"taxonomy":"product_tag","embeddable":true,"href":"https:\/\/roveyayinevi.com.tr\/index.php\/wp-json\/wp\/v2\/product_tag?post=699159"}],"curies":[{"name":"wp","href":"https:\/\/api.w.org\/{rel}","templated":true}]}}