{"id":699154,"date":"2025-08-27T14:49:27","date_gmt":"2025-08-27T11:49:27","guid":{"rendered":"https:\/\/roveyayinevi.com.tr\/index.php\/urun\/muzigin-abcsi-muzigin-seruveni-3-bolum\/"},"modified":"2026-04-16T02:08:26","modified_gmt":"2026-04-15T23:08:26","slug":"muzigin-abcsi-muzigin-seruveni-3-bolum","status":"publish","type":"product","link":"https:\/\/roveyayinevi.com.tr\/index.php\/urun\/muzigin-abcsi-muzigin-seruveni-3-bolum\/","title":{"rendered":"M\u00fczi\u011fin Abc&#8217;si M\u00fczi\u011fin Ser\u00fcveni 3 b\u00f6l\u00fcm"},"content":{"rendered":"<p>M\u00fczik Ser\u00fcveni Serisi\u2019nin bu \u00fc\u00e7\u00fcnc\u00fc kitab\u0131; yeni nota ve sus de\u011ferlerini, Fa anahtar\u0131ndaki notalar\u0131, \u00e7ift porte kavram\u0131n\u0131, gamlar\u0131 ve m\u00fczik i\u015faretlerini yine birbirinden zevkli \u00e7\u0131kartmalar ve oyunlarla \u00f6\u011frenci kat\u0131l\u0131m\u0131n\u0131 te\u015fvik ederek e\u011flenceli bir \u015fekilde anlatmaktad\u0131r. Bu sayede \u00f6\u011frenci, uygulamal\u0131 e\u011fitimle temel m\u00fczik bilgilerini kolayl\u0131kla \u00f6\u011frenecektir. <\/p>\n","protected":false},"excerpt":{"rendered":"<p>M\u00fczik Ser\u00fcveni Serisi\u2019nin bu \u00fc\u00e7\u00fcnc\u00fc kitab\u0131; yeni nota ve sus de\u011ferlerini, Fa anahtar\u0131ndaki notalar\u0131, \u00e7ift porte kavram\u0131n\u0131, gamlar\u0131 ve m\u00fczik i\u015faretlerini yine birbirinden zevkli \u00e7\u0131kartmalar ve<span class=\"excerpt-hellip\"> [\u2026]<\/span><\/p>\n","protected":false},"featured_media":0,"template":"","meta":{"_monsterinsights_skip_tracking":false,"_monsterinsights_sitenote_active":false,"_monsterinsights_sitenote_note":"","_monsterinsights_sitenote_category":0},"product_brand":[],"product_cat":[12644,12274],"product_tag":[],"class_list":{"0":"post-699154","1":"product","2":"type-product","3":"status-publish","5":"product_cat-boyama-kitaplari","6":"product_cat-cocuk-ve-genclik-kitaplari","7":"pa_tur-kitap","8":"pa_yayinevi-porte-muzik-egitim-merkezi","9":"pa_yazar-vuslat-ciftdal","11":"first","12":"instock","13":"sale","14":"shipping-taxable","15":"purchasable","16":"product-type-simple"},"_links":{"self":[{"href":"https:\/\/roveyayinevi.com.tr\/index.php\/wp-json\/wp\/v2\/product\/699154","targetHints":{"allow":["GET"]}}],"collection":[{"href":"https:\/\/roveyayinevi.com.tr\/index.php\/wp-json\/wp\/v2\/product"}],"about":[{"href":"https:\/\/roveyayinevi.com.tr\/index.php\/wp-json\/wp\/v2\/types\/product"}],"wp:attachment":[{"href":"https:\/\/roveyayinevi.com.tr\/index.php\/wp-json\/wp\/v2\/media?parent=699154"}],"wp:term":[{"taxonomy":"product_brand","embeddable":true,"href":"https:\/\/roveyayinevi.com.tr\/index.php\/wp-json\/wp\/v2\/product_brand?post=699154"},{"taxonomy":"product_cat","embeddable":true,"href":"https:\/\/roveyayinevi.com.tr\/index.php\/wp-json\/wp\/v2\/product_cat?post=699154"},{"taxonomy":"product_tag","embeddable":true,"href":"https:\/\/roveyayinevi.com.tr\/index.php\/wp-json\/wp\/v2\/product_tag?post=699154"}],"curies":[{"name":"wp","href":"https:\/\/api.w.org\/{rel}","templated":true}]}}