{"id":699153,"date":"2025-08-27T14:49:26","date_gmt":"2025-08-27T11:49:26","guid":{"rendered":"https:\/\/roveyayinevi.com.tr\/index.php\/urun\/ergenin-ruhsal-gelisimi\/"},"modified":"2026-04-16T02:08:26","modified_gmt":"2026-04-15T23:08:26","slug":"ergenin-ruhsal-gelisimi","status":"publish","type":"product","link":"https:\/\/roveyayinevi.com.tr\/index.php\/urun\/ergenin-ruhsal-gelisimi\/","title":{"rendered":"Ergenin Ruhsal Geli\u015fimi"},"content":{"rendered":"<p>Her ergen \u00f6zeldir. Her anne-baba ya da her insan gibi, her ergen de biriciktir. Yani e\u015fi ve benzeri yoktur. Di\u011ferlerinden farkl\u0131d\u0131r. O biricik ergenin duygular\u0131, d\u00fc\u015f\u00fcnceleri ve davran\u0131\u015flar\u0131 da biriciktir. \u00c7\u00fcnk\u00fc her duygu farkl\u0131 zamanda, farkl\u0131 yerde ve farkl\u0131 nedenlerle ya\u015fan\u0131r, her d\u00fc\u015f\u00fcnce farkl\u0131 unsurlar\u0131 i\u00e7inde bar\u0131nd\u0131r\u0131r, her davran\u0131\u015f da farkl\u0131 s\u00fcre\u00e7te olu\u015fur ve farkl\u0131 sonu\u00e7lara g\u00f6t\u00fcr\u00fcr. Bu kitapta, ergenlikte ruhsal geli\u015fim ile ilgili bilgi birikiminin bir ergen psikiyatrisi uzman\u0131 g\u00f6z\u00fcyle g\u00f6zden ge\u00e7irilmesini, yorumlanmas\u0131n\u0131 ve \u00f6zellikle de ergenlik \u00e7a\u011f\u0131nda \u00e7ocu\u011fu olan anne-babalar\u0131n kolayl\u0131kla anlayabilece\u011fi ve uygulayabilece\u011fi bilgiye d\u00f6n\u00fc\u015ft\u00fcr\u00fclmesini ama\u00e7lad\u0131k. Ergenlik konusunda i\u015fe yarar, sorun \u00e7\u00f6z\u00fcc\u00fc ve yap\u0131c\u0131 yakla\u015f\u0131mlar\u0131n neler oldu\u011funu, sorunlar hen\u00fcz olu\u015fmadan ne t\u00fcr tedbirler almak gerekti\u011fini ortaya koyduk. Geli\u015fimsel olarak i\u015flerin ne zaman yolunda gitti\u011fini ve ne zaman bir sorun olabilece\u011fini d\u00fc\u015f\u00fcnmemiz gerekti\u011fini anlatmaya \u00e7al\u0131\u015ft\u0131k. \u00d6te yandan, ergenin ruhsal geli\u015fimine y\u00f6nelik genellenebilir ve pratik \u00f6neriler sunduk.Dr. Koray Karabekiro\u011flu <\/p>\n","protected":false},"excerpt":{"rendered":"<p>Her ergen \u00f6zeldir. Her anne-baba ya da her insan gibi, her ergen de biriciktir. Yani e\u015fi ve benzeri yoktur. Di\u011ferlerinden farkl\u0131d\u0131r. O biricik ergenin duygular\u0131, d\u00fc\u015f\u00fcnceleri<span class=\"excerpt-hellip\"> [\u2026]<\/span><\/p>\n","protected":false},"featured_media":0,"template":"","meta":{"_monsterinsights_skip_tracking":false,"_monsterinsights_sitenote_active":false,"_monsterinsights_sitenote_note":"","_monsterinsights_sitenote_category":0},"product_brand":[],"product_cat":[12679,12357],"product_tag":[],"class_list":{"0":"post-699153","1":"product","2":"type-product","3":"status-publish","5":"product_cat-cocuk-psikolojisi","6":"product_cat-psikoloji","7":"pa_cilt-ciltsiz","8":"pa_tur-kitap","9":"pa_yayinevi-say-yayinlari","10":"pa_yazar-koray-karabekiroglu","12":"first","13":"instock","14":"sale","15":"shipping-taxable","16":"purchasable","17":"product-type-simple"},"_links":{"self":[{"href":"https:\/\/roveyayinevi.com.tr\/index.php\/wp-json\/wp\/v2\/product\/699153","targetHints":{"allow":["GET"]}}],"collection":[{"href":"https:\/\/roveyayinevi.com.tr\/index.php\/wp-json\/wp\/v2\/product"}],"about":[{"href":"https:\/\/roveyayinevi.com.tr\/index.php\/wp-json\/wp\/v2\/types\/product"}],"wp:attachment":[{"href":"https:\/\/roveyayinevi.com.tr\/index.php\/wp-json\/wp\/v2\/media?parent=699153"}],"wp:term":[{"taxonomy":"product_brand","embeddable":true,"href":"https:\/\/roveyayinevi.com.tr\/index.php\/wp-json\/wp\/v2\/product_brand?post=699153"},{"taxonomy":"product_cat","embeddable":true,"href":"https:\/\/roveyayinevi.com.tr\/index.php\/wp-json\/wp\/v2\/product_cat?post=699153"},{"taxonomy":"product_tag","embeddable":true,"href":"https:\/\/roveyayinevi.com.tr\/index.php\/wp-json\/wp\/v2\/product_tag?post=699153"}],"curies":[{"name":"wp","href":"https:\/\/api.w.org\/{rel}","templated":true}]}}