{"id":699152,"date":"2025-08-27T14:49:26","date_gmt":"2025-08-27T11:49:26","guid":{"rendered":"https:\/\/roveyayinevi.com.tr\/index.php\/urun\/denes-agaydan-piyano-calmayi-ogrenelim-1-kitap\/"},"modified":"2026-04-16T02:08:26","modified_gmt":"2026-04-15T23:08:26","slug":"denes-agaydan-piyano-calmayi-ogrenelim-1-kitap","status":"publish","type":"product","link":"https:\/\/roveyayinevi.com.tr\/index.php\/urun\/denes-agaydan-piyano-calmayi-ogrenelim-1-kitap\/","title":{"rendered":"Denes Agay&#8217;dan Piyano \u00c7almay\u0131 \u00d6\u011frenelim 1. Kitap"},"content":{"rendered":"<p>\ufffcTan\u0131t\u0131m Metni<\/p>\n","protected":false},"excerpt":{"rendered":"<p>\ufffcTan\u0131t\u0131m Metni<\/p>\n","protected":false},"featured_media":0,"template":"","meta":{"_monsterinsights_skip_tracking":false,"_monsterinsights_sitenote_active":false,"_monsterinsights_sitenote_note":"","_monsterinsights_sitenote_category":0},"product_brand":[],"product_cat":[14556,14557],"product_tag":[],"class_list":{"0":"post-699152","1":"product","2":"type-product","3":"status-publish","5":"product_cat-muzik","6":"product_cat-nota-kitaplari","7":"pa_cilt-ciltsiz","8":"pa_tur-kitap","9":"pa_yayinevi-porte-muzik-egitim-merkezi","10":"pa_yazar-denes-agay","12":"first","13":"instock","14":"sale","15":"shipping-taxable","16":"purchasable","17":"product-type-simple"},"_links":{"self":[{"href":"https:\/\/roveyayinevi.com.tr\/index.php\/wp-json\/wp\/v2\/product\/699152","targetHints":{"allow":["GET"]}}],"collection":[{"href":"https:\/\/roveyayinevi.com.tr\/index.php\/wp-json\/wp\/v2\/product"}],"about":[{"href":"https:\/\/roveyayinevi.com.tr\/index.php\/wp-json\/wp\/v2\/types\/product"}],"wp:attachment":[{"href":"https:\/\/roveyayinevi.com.tr\/index.php\/wp-json\/wp\/v2\/media?parent=699152"}],"wp:term":[{"taxonomy":"product_brand","embeddable":true,"href":"https:\/\/roveyayinevi.com.tr\/index.php\/wp-json\/wp\/v2\/product_brand?post=699152"},{"taxonomy":"product_cat","embeddable":true,"href":"https:\/\/roveyayinevi.com.tr\/index.php\/wp-json\/wp\/v2\/product_cat?post=699152"},{"taxonomy":"product_tag","embeddable":true,"href":"https:\/\/roveyayinevi.com.tr\/index.php\/wp-json\/wp\/v2\/product_tag?post=699152"}],"curies":[{"name":"wp","href":"https:\/\/api.w.org\/{rel}","templated":true}]}}