{"id":699151,"date":"2025-08-27T14:49:26","date_gmt":"2025-08-27T11:49:26","guid":{"rendered":"https:\/\/roveyayinevi.com.tr\/index.php\/urun\/etyen-mahcupyanla-yuzyillik-parantez\/"},"modified":"2026-04-16T02:08:26","modified_gmt":"2026-04-15T23:08:26","slug":"etyen-mahcupyanla-yuzyillik-parantez","status":"publish","type":"product","link":"https:\/\/roveyayinevi.com.tr\/index.php\/urun\/etyen-mahcupyanla-yuzyillik-parantez\/","title":{"rendered":"Etyen Mah\u00e7upyan&#8217;la Y\u00fczy\u0131ll\u0131k Parantez"},"content":{"rendered":"<p>Y\u00fczy\u0131l \u00f6nce a\u00e7\u0131lan ve i\u00e7inde pek \u00e7ok bile\u015feni bar\u0131nd\u0131ran vesayet parantezi kapan\u0131yor. T\u00fcrkiye g\u00fcnahlar\u0131yla y\u00fczle\u015fiyor, mazlumlar\u0131yla helalle\u015fiyor, kom\u015fular\u0131yla bar\u0131\u015f\u0131yor. Bir anlamda kendiyle yeniden tan\u0131\u015f\u0131yor. <\/p>\n","protected":false},"excerpt":{"rendered":"<p>Y\u00fczy\u0131l \u00f6nce a\u00e7\u0131lan ve i\u00e7inde pek \u00e7ok bile\u015feni bar\u0131nd\u0131ran vesayet parantezi kapan\u0131yor. T\u00fcrkiye g\u00fcnahlar\u0131yla y\u00fczle\u015fiyor, mazlumlar\u0131yla helalle\u015fiyor, kom\u015fular\u0131yla bar\u0131\u015f\u0131yor. Bir anlamda kendiyle yeniden tan\u0131\u015f\u0131yor.<\/p>\n","protected":false},"featured_media":0,"template":"","meta":{"_monsterinsights_skip_tracking":false,"_monsterinsights_sitenote_active":false,"_monsterinsights_sitenote_note":"","_monsterinsights_sitenote_category":0},"product_brand":[],"product_cat":[12291,30969],"product_tag":[],"class_list":{"0":"post-699151","1":"product","2":"type-product","3":"status-publish","5":"product_cat-edebiyat","6":"product_cat-soylesi-edebiyat","7":"pa_tur-kitap","8":"pa_yayinevi-profil-kitap","9":"pa_yazar-kolektif","11":"first","12":"instock","13":"sale","14":"shipping-taxable","15":"purchasable","16":"product-type-simple"},"_links":{"self":[{"href":"https:\/\/roveyayinevi.com.tr\/index.php\/wp-json\/wp\/v2\/product\/699151","targetHints":{"allow":["GET"]}}],"collection":[{"href":"https:\/\/roveyayinevi.com.tr\/index.php\/wp-json\/wp\/v2\/product"}],"about":[{"href":"https:\/\/roveyayinevi.com.tr\/index.php\/wp-json\/wp\/v2\/types\/product"}],"wp:attachment":[{"href":"https:\/\/roveyayinevi.com.tr\/index.php\/wp-json\/wp\/v2\/media?parent=699151"}],"wp:term":[{"taxonomy":"product_brand","embeddable":true,"href":"https:\/\/roveyayinevi.com.tr\/index.php\/wp-json\/wp\/v2\/product_brand?post=699151"},{"taxonomy":"product_cat","embeddable":true,"href":"https:\/\/roveyayinevi.com.tr\/index.php\/wp-json\/wp\/v2\/product_cat?post=699151"},{"taxonomy":"product_tag","embeddable":true,"href":"https:\/\/roveyayinevi.com.tr\/index.php\/wp-json\/wp\/v2\/product_tag?post=699151"}],"curies":[{"name":"wp","href":"https:\/\/api.w.org\/{rel}","templated":true}]}}