{"id":699149,"date":"2025-08-27T14:49:25","date_gmt":"2025-08-27T11:49:25","guid":{"rendered":"https:\/\/roveyayinevi.com.tr\/index.php\/urun\/sinemada-yaratici-yonetmen\/"},"modified":"2026-04-16T02:08:26","modified_gmt":"2026-04-15T23:08:26","slug":"sinemada-yaratici-yonetmen","status":"publish","type":"product","link":"https:\/\/roveyayinevi.com.tr\/index.php\/urun\/sinemada-yaratici-yonetmen\/","title":{"rendered":"Sinemada Yarat\u0131c\u0131 Y\u00f6netmen"},"content":{"rendered":"<p>T\u00fcm \u00fclke sinemalar\u0131 varl\u0131klar\u0131n\u0131 iki nedene bor\u00e7ludur. Bu nedenlerin ilki kimi filmlerin salt bir ticari \u00fcr\u00fcn olmas\u0131d\u0131r. Onlar birer ticari \u00fcr\u00fcnd\u00fcr, \u00e7\u00fcnk\u00fc art\u0131k-de\u011fer (k\u00e2r) b\u0131rakmas\u0131 amac\u0131yla yap\u0131l\u0131rlar. Sineman\u0131n varl\u0131\u011f\u0131n\u0131 bor\u00e7lu oldu\u011fu ikinci nedense, kimi filmlerin sanat yap\u0131t\u0131 olmas\u0131d\u0131r. Sanat yap\u0131t\u0131 diye ortaya \u00e7\u0131kart\u0131lan filmler, varedili\u015flerinin do\u011fas\u0131 gere\u011fi, salt bir filmden ibaret olamazlar. Onlar yap\u0131lar\u0131n\u0131n derinliklerinde hayat\u0131n t\u00fcm kurallar\u0131n\u0131 ta\u015f\u0131rlar. B\u00f6ylece yeni bir hayat kurabilen bir y\u00f6netmenin, Freud taraf\u0131ndan \u2018\u015fahlanm\u0131\u015f at\u0131n \u00fczerindeki bir \u015f\u00f6valye\u2019 olarak tan\u0131mlanan egodan yoksun olmas\u0131 d\u00fc\u015f\u00fcn\u00fclemez. Gemi az\u0131ya alm\u0131\u015f ego da daha \u00f6nce bir ba\u015fkas\u0131 taraf\u0131ndan yap\u0131lmam\u0131\u015f\u0131n, s\u00f6ylenmemi\u015fin, denenmemi\u015fin, dolays\u0131yla da yeniliklerin pe\u015finden ko\u015facakt\u0131r. Do\u011fru film kavram\u0131 tart\u0131\u015fmaya a\u00e7\u0131k olsa bile, y\u00f6netmenlerin yenilik\u00e7i do\u011fru filmler kurabilmeleri i\u00e7in egolar\u0131n\u0131 ak\u0131lla dizginlemeleri gerekir. Zira yerle\u015fik kurallar\u0131 hi\u00e7e sayarak, mesnetsiz bir yenilik\u00e7ilik h\u0131rs\u0131na kap\u0131lmak, b\u00fcy\u00fck hayal k\u0131r\u0131kl\u0131klar\u0131n\u0131 beraberinde getirir. Bu s\u00f6zlerle deneysel sinemaya ya da yenilik\u00e7ili\u011fe kar\u015f\u0131 \u00e7\u0131k\u0131lm\u0131\u015f olunmaz. Kald\u0131 ki sinema en yetkin bi\u00e7imde yenilik\u00e7ilikle tan\u0131mlanabilir. Yenilik\u00e7i tav\u0131r\u0131n da tutarl\u0131 bir mant\u0131\u011fa dayanmas\u0131 gerekir. Sinema diline yenilik getirecek bir y\u00f6netmen, ka\u00e7\u0131n\u0131lmaz olarak y\u00fcksek ego ta\u015f\u0131yacakt\u0131r, ama bu ego disiplinle, okumayla, bilimde d\u00fczenli bir g\u00f6r\u00fc\u015f olu\u015fturan ilkeleri g\u00f6steren \u00f6\u011fretilerle, kuramsal bilgi donan\u0131m\u0131yla, ak\u0131lla, g\u00f6zlemle kontrol edilmelidir. <\/p>\n","protected":false},"excerpt":{"rendered":"<p>T\u00fcm \u00fclke sinemalar\u0131 varl\u0131klar\u0131n\u0131 iki nedene bor\u00e7ludur. Bu nedenlerin ilki kimi filmlerin salt bir ticari \u00fcr\u00fcn olmas\u0131d\u0131r. Onlar birer ticari \u00fcr\u00fcnd\u00fcr, \u00e7\u00fcnk\u00fc art\u0131k-de\u011fer (k\u00e2r) b\u0131rakmas\u0131 amac\u0131yla<span class=\"excerpt-hellip\"> [\u2026]<\/span><\/p>\n","protected":false},"featured_media":0,"template":"","meta":{"_monsterinsights_skip_tracking":false,"_monsterinsights_sitenote_active":false,"_monsterinsights_sitenote_note":"","_monsterinsights_sitenote_category":0},"product_brand":[],"product_cat":[12409,12408],"product_tag":[],"class_list":{"0":"post-699149","1":"product","2":"type-product","3":"status-publish","5":"product_cat-fotograf-sinema-tiyatro","6":"product_cat-sanat","7":"pa_tur-kitap","8":"pa_yayinevi-kalkedon-yayincilik","9":"pa_yazar-cengis-t-asilturk","11":"first","12":"instock","13":"sale","14":"shipping-taxable","15":"purchasable","16":"product-type-simple"},"_links":{"self":[{"href":"https:\/\/roveyayinevi.com.tr\/index.php\/wp-json\/wp\/v2\/product\/699149","targetHints":{"allow":["GET"]}}],"collection":[{"href":"https:\/\/roveyayinevi.com.tr\/index.php\/wp-json\/wp\/v2\/product"}],"about":[{"href":"https:\/\/roveyayinevi.com.tr\/index.php\/wp-json\/wp\/v2\/types\/product"}],"wp:attachment":[{"href":"https:\/\/roveyayinevi.com.tr\/index.php\/wp-json\/wp\/v2\/media?parent=699149"}],"wp:term":[{"taxonomy":"product_brand","embeddable":true,"href":"https:\/\/roveyayinevi.com.tr\/index.php\/wp-json\/wp\/v2\/product_brand?post=699149"},{"taxonomy":"product_cat","embeddable":true,"href":"https:\/\/roveyayinevi.com.tr\/index.php\/wp-json\/wp\/v2\/product_cat?post=699149"},{"taxonomy":"product_tag","embeddable":true,"href":"https:\/\/roveyayinevi.com.tr\/index.php\/wp-json\/wp\/v2\/product_tag?post=699149"}],"curies":[{"name":"wp","href":"https:\/\/api.w.org\/{rel}","templated":true}]}}