{"id":699148,"date":"2025-08-27T14:49:25","date_gmt":"2025-08-27T11:49:25","guid":{"rendered":"https:\/\/roveyayinevi.com.tr\/index.php\/urun\/olumun-seyir-defteri\/"},"modified":"2025-12-30T09:49:26","modified_gmt":"2025-12-30T06:49:26","slug":"olumun-seyir-defteri","status":"publish","type":"product","link":"https:\/\/roveyayinevi.com.tr\/index.php\/urun\/olumun-seyir-defteri\/","title":{"rendered":"\u00d6l\u00fcm\u00fcn Seyir Defteri"},"content":{"rendered":"<p>Bu kitapta \u00e7evirisi yay\u0131mlanan eser; \u00c7anakkale Sava\u015f\u0131 s\u0131ras\u0131nda \u201cLoch Broom\u201d ad\u0131ndaki bir may\u0131n tarama gemisinde g\u00f6rev yapan \u0130ngiliz m\u00fchendis John Monaghan\u2019\u0131n tuttu\u011fu sava\u015f g\u00fcnl\u00fc\u011f\u00fcd\u00fcr. G\u00fcnl\u00fck, 15 Mart-28 Haziran 1915 tarihleri aras\u0131nda, sava\u015f\u0131n en zor say\u0131labilecek s\u00fcrecini kapsamaktad\u0131r. \u00c7anakkale Muharebeleri\u2019nin 100. Y\u0131ld\u00f6n\u00fcm\u00fcnde, sava\u015fa bir de onlar\u0131n g\u00f6z\u00fcnden bakal\u0131m\u2026 <\/p>\n","protected":false},"excerpt":{"rendered":"<p>Bu kitapta \u00e7evirisi yay\u0131mlanan eser; \u00c7anakkale Sava\u015f\u0131 s\u0131ras\u0131nda \u201cLoch Broom\u201d ad\u0131ndaki bir may\u0131n tarama gemisinde g\u00f6rev yapan \u0130ngiliz m\u00fchendis John Monaghan\u2019\u0131n tuttu\u011fu sava\u015f g\u00fcnl\u00fc\u011f\u00fcd\u00fcr. G\u00fcnl\u00fck, 15<span class=\"excerpt-hellip\"> [\u2026]<\/span><\/p>\n","protected":false},"featured_media":0,"template":"","meta":{"_monsterinsights_skip_tracking":false,"_monsterinsights_sitenote_active":false,"_monsterinsights_sitenote_note":"","_monsterinsights_sitenote_category":0},"product_brand":[],"product_cat":[12370,12304],"product_tag":[],"class_list":{"0":"post-699148","1":"product","2":"type-product","3":"status-publish","5":"product_cat-arastirma-inceleme","6":"product_cat-tarih","7":"pa_tur-kitap","8":"pa_yayinevi-yeditepe-yayinevi","9":"pa_yazar-john-monaghan","11":"first","12":"instock","13":"sale","14":"shipping-taxable","15":"purchasable","16":"product-type-simple"},"_links":{"self":[{"href":"https:\/\/roveyayinevi.com.tr\/index.php\/wp-json\/wp\/v2\/product\/699148","targetHints":{"allow":["GET"]}}],"collection":[{"href":"https:\/\/roveyayinevi.com.tr\/index.php\/wp-json\/wp\/v2\/product"}],"about":[{"href":"https:\/\/roveyayinevi.com.tr\/index.php\/wp-json\/wp\/v2\/types\/product"}],"wp:attachment":[{"href":"https:\/\/roveyayinevi.com.tr\/index.php\/wp-json\/wp\/v2\/media?parent=699148"}],"wp:term":[{"taxonomy":"product_brand","embeddable":true,"href":"https:\/\/roveyayinevi.com.tr\/index.php\/wp-json\/wp\/v2\/product_brand?post=699148"},{"taxonomy":"product_cat","embeddable":true,"href":"https:\/\/roveyayinevi.com.tr\/index.php\/wp-json\/wp\/v2\/product_cat?post=699148"},{"taxonomy":"product_tag","embeddable":true,"href":"https:\/\/roveyayinevi.com.tr\/index.php\/wp-json\/wp\/v2\/product_tag?post=699148"}],"curies":[{"name":"wp","href":"https:\/\/api.w.org\/{rel}","templated":true}]}}