{"id":699141,"date":"2025-08-27T14:49:23","date_gmt":"2025-08-27T11:49:23","guid":{"rendered":"https:\/\/roveyayinevi.com.tr\/index.php\/urun\/musluman-site\/"},"modified":"2026-04-16T02:08:26","modified_gmt":"2026-04-15T23:08:26","slug":"musluman-site","status":"publish","type":"product","link":"https:\/\/roveyayinevi.com.tr\/index.php\/urun\/musluman-site\/","title":{"rendered":"M\u00fcsl\u00fcman Site"},"content":{"rendered":"<p>M\u00fcsl\u00fcman Site, ilk bas\u0131m\u0131ndan altm\u0131\u015f y\u0131l sonra, Ahmet Arslan\u2019\u0131n derin felsefi bilgisinde demlenen bir \u00e7eviriyle okurlarla bulu\u015fuyor. Katolik bir rahip ve Yeni Thomasc\u0131 bir k\u00fclt\u00fcr filozofu olan Louis Gardet, M\u00fcsl\u00fcman d\u00fcnya ile Bat\u0131 aras\u0131nda ger\u00e7ekle\u015fecek bir diyaloga katk\u0131da bulunmas\u0131n\u0131 \u00fcmit etti\u011fi M\u00fcsl\u00fcman Site\u2019yi, \u201cM\u00fcsl\u00fcmanlar\u0131n kalbinde somut olarak ya\u015fanan \u0130sl\u00e2m\u2019a yeni bir yakla\u015f\u0131m tarz\u0131\u201d olarak takdim eder. M\u00fcsl\u00fcman Site ad\u0131, bir yandan H\u0131ristiyan \u201cTanr\u0131 Sitesi\u201dne naziredir; di\u011fer yandan da amac\u0131 b\u00fct\u00fcn d\u00fcnyay\u0131 ku\u015fatmak olan M\u00fcsl\u00fcman bir kaleye i\u015faret etmektedir. Bu y\u00fczden, M\u00fcsl\u00fcmanSite\u2019nin konusu, bir din, bir dogmalar sistemi, hukuksal bir yap\u0131 olarak \u0130slam de\u011fil, M\u00fcsl\u00fcman bir toplumsal hayat\u0131n \u00f6rg\u00fctlenmesinin genel \u00e7er\u00e7evesi olarak; ba\u015fka deyi\u015fle kendine \u00f6zg\u00fc kurallar\u0131, armalar\u0131 olan bir toplumsal varl\u0131k olarak \u0130slam\u2019d\u0131r. <\/p>\n","protected":false},"excerpt":{"rendered":"<p>M\u00fcsl\u00fcman Site, ilk bas\u0131m\u0131ndan altm\u0131\u015f y\u0131l sonra, Ahmet Arslan\u2019\u0131n derin felsefi bilgisinde demlenen bir \u00e7eviriyle okurlarla bulu\u015fuyor. Katolik bir rahip ve Yeni Thomasc\u0131 bir k\u00fclt\u00fcr filozofu<span class=\"excerpt-hellip\"> [\u2026]<\/span><\/p>\n","protected":false},"featured_media":0,"template":"","meta":{"_monsterinsights_skip_tracking":false,"_monsterinsights_sitenote_active":false,"_monsterinsights_sitenote_note":"","_monsterinsights_sitenote_category":0},"product_brand":[],"product_cat":[12718,12719],"product_tag":[],"class_list":{"0":"post-699141","1":"product","2":"type-product","3":"status-publish","5":"product_cat-din","6":"product_cat-islam","7":"pa_cilt-ciltsiz","8":"pa_tur-kitap","9":"pa_yayinevi-ayrinti-yayinlari","10":"pa_yazar-louis-gardet","12":"first","13":"instock","14":"sale","15":"shipping-taxable","16":"purchasable","17":"product-type-simple"},"_links":{"self":[{"href":"https:\/\/roveyayinevi.com.tr\/index.php\/wp-json\/wp\/v2\/product\/699141","targetHints":{"allow":["GET"]}}],"collection":[{"href":"https:\/\/roveyayinevi.com.tr\/index.php\/wp-json\/wp\/v2\/product"}],"about":[{"href":"https:\/\/roveyayinevi.com.tr\/index.php\/wp-json\/wp\/v2\/types\/product"}],"wp:attachment":[{"href":"https:\/\/roveyayinevi.com.tr\/index.php\/wp-json\/wp\/v2\/media?parent=699141"}],"wp:term":[{"taxonomy":"product_brand","embeddable":true,"href":"https:\/\/roveyayinevi.com.tr\/index.php\/wp-json\/wp\/v2\/product_brand?post=699141"},{"taxonomy":"product_cat","embeddable":true,"href":"https:\/\/roveyayinevi.com.tr\/index.php\/wp-json\/wp\/v2\/product_cat?post=699141"},{"taxonomy":"product_tag","embeddable":true,"href":"https:\/\/roveyayinevi.com.tr\/index.php\/wp-json\/wp\/v2\/product_tag?post=699141"}],"curies":[{"name":"wp","href":"https:\/\/api.w.org\/{rel}","templated":true}]}}