{"id":699139,"date":"2025-08-27T14:49:22","date_gmt":"2025-08-27T11:49:22","guid":{"rendered":"https:\/\/roveyayinevi.com.tr\/index.php\/urun\/haci-murat-5\/"},"modified":"2026-04-16T02:08:26","modified_gmt":"2026-04-15T23:08:26","slug":"haci-murat-5","status":"publish","type":"product","link":"https:\/\/roveyayinevi.com.tr\/index.php\/urun\/haci-murat-5\/","title":{"rendered":"Hac\u0131 Murat"},"content":{"rendered":"<p>Tolstoy\u2019un \u00f6l\u00fcm\u00fcnden bir sene sonra bas\u0131lan son roman\u0131 Hac\u0131 Murat, hem sava\u015f ve siyasetin do\u011fas\u0131 hem de iki farkl\u0131 k\u00fclt\u00fcr ve d\u00fcnya aras\u0131na s\u0131k\u0131\u015f\u0131p kalmak hakk\u0131nda bir hikaye.Tolstoy, ger\u00e7ek olaylardan esinlenerek yazd\u0131\u011f\u0131 bu romanda, Rus imparatorlu\u011fu\u2019na kar\u015f\u0131 kan\u0131n\u0131n son damlas\u0131na kadar kahramanca sava\u015fm\u0131\u015f \u00c7e\u00e7en isyanc\u0131 Hac\u0131 Murat\u2019\u0131n hikayesini anlat\u0131r. \u00c7e\u00e7en lideri \u015eeyh \u015eamil\u2019le anla\u015f\u0131lmazl\u0131\u011fa d\u00fc\u015ft\u00fckten sonra Ruslar\u0131n taraf\u0131na ge\u00e7en Murat, \u00e7ok ge\u00e7meden her iki taraf\u0131n da g\u00fcvenini kaybetti\u011fini fark eder. Ruslar taraf\u0131ndan \u00f6nce s\u0131cak bir kar\u015f\u0131lama g\u00f6rse de, hemen sonras\u0131nda casus oldu\u011fu \u015f\u00fcphesiyle hapse at\u0131l\u0131r. Kar\u0131s\u0131 ve o\u011flunun \u00c7e\u00e7enlerin eline d\u00fc\ufb02t\u00fc\u011f\u00fcn\u00fc \u00f6\u011frendi\u011findeyse, her \u015feyi g\u00f6ze alarak ailesini kurtarmak \u00fczere yollara d\u00fc\u015fer. Ortak bir ama\u00e7 i\u00e7in sava\u015fan iki adam\u0131 kar\u015f\u0131 kar\u015f\u0131ya getiren bu m\u00fccadele dolu hikaye, y\u00fczy\u0131llar \u00f6ncesinden bug\u00fcne uzanan siyasi sorunlar\u0131n do\u011fas\u0131na da \u0131\u015f\u0131k tutuyor. <\/p>\n","protected":false},"excerpt":{"rendered":"<p>Tolstoy\u2019un \u00f6l\u00fcm\u00fcnden bir sene sonra bas\u0131lan son roman\u0131 Hac\u0131 Murat, hem sava\u015f ve siyasetin do\u011fas\u0131 hem de iki farkl\u0131 k\u00fclt\u00fcr ve d\u00fcnya aras\u0131na s\u0131k\u0131\u015f\u0131p kalmak hakk\u0131nda<span class=\"excerpt-hellip\"> [\u2026]<\/span><\/p>\n","protected":false},"featured_media":0,"template":"","meta":{"_monsterinsights_skip_tracking":false,"_monsterinsights_sitenote_active":false,"_monsterinsights_sitenote_note":"","_monsterinsights_sitenote_category":0},"product_brand":[],"product_cat":[12291,13570],"product_tag":[],"class_list":{"0":"post-699139","1":"product","2":"type-product","3":"status-publish","5":"product_cat-edebiyat","6":"product_cat-rus-edebiyati","7":"pa_cilt-ciltsiz","8":"pa_tur-kitap","9":"pa_yayinevi-iletisim-yayinlari","10":"pa_yazar-lev-nikolayevic-tolstoy","12":"first","13":"instock","14":"sale","15":"shipping-taxable","16":"purchasable","17":"product-type-simple"},"_links":{"self":[{"href":"https:\/\/roveyayinevi.com.tr\/index.php\/wp-json\/wp\/v2\/product\/699139","targetHints":{"allow":["GET"]}}],"collection":[{"href":"https:\/\/roveyayinevi.com.tr\/index.php\/wp-json\/wp\/v2\/product"}],"about":[{"href":"https:\/\/roveyayinevi.com.tr\/index.php\/wp-json\/wp\/v2\/types\/product"}],"wp:attachment":[{"href":"https:\/\/roveyayinevi.com.tr\/index.php\/wp-json\/wp\/v2\/media?parent=699139"}],"wp:term":[{"taxonomy":"product_brand","embeddable":true,"href":"https:\/\/roveyayinevi.com.tr\/index.php\/wp-json\/wp\/v2\/product_brand?post=699139"},{"taxonomy":"product_cat","embeddable":true,"href":"https:\/\/roveyayinevi.com.tr\/index.php\/wp-json\/wp\/v2\/product_cat?post=699139"},{"taxonomy":"product_tag","embeddable":true,"href":"https:\/\/roveyayinevi.com.tr\/index.php\/wp-json\/wp\/v2\/product_tag?post=699139"}],"curies":[{"name":"wp","href":"https:\/\/api.w.org\/{rel}","templated":true}]}}