{"id":699130,"date":"2025-08-27T14:49:19","date_gmt":"2025-08-27T11:49:19","guid":{"rendered":"https:\/\/roveyayinevi.com.tr\/index.php\/urun\/kuru-gurultu\/"},"modified":"2026-04-16T02:08:25","modified_gmt":"2026-04-15T23:08:25","slug":"kuru-gurultu","status":"publish","type":"product","link":"https:\/\/roveyayinevi.com.tr\/index.php\/urun\/kuru-gurultu\/","title":{"rendered":"Kuru G\u00fcr\u00fclt\u00fc"},"content":{"rendered":"<p>William Shakespeare (1564-1616) Oyunlar\u0131 ve \u015fiirlerinde insanl\u0131k durumlar\u0131n\u0131 dile getiri\u015f g\u00fcc\u00fcyle yakla\u015f\u0131k d\u00f6rt y\u00fcz y\u0131ld\u0131r b\u00fct\u00fcn d\u00fcnya okur ve seyircilerini etkilemeyi s\u00fcrd\u00fcrmektedir. Kuru G\u00fcr\u00fclt\u00fc efsanevi yazar\u0131n olgunluk d\u00f6nemine ait eserlerindendir ve en ba\u015far\u0131l\u0131 \u00fc\u00e7 komedyas\u0131ndan biri say\u0131l\u0131r. Yanl\u0131\u015f anlamalar \u00fczerine kurulan oyunda iki ayr\u0131 a\u015fk ili\u015fkisi geli\u015firken, ki\u015filer kar\u015f\u0131tl\u0131klar\u0131 ile ele al\u0131nm\u0131\u015f, insan do\u011fas\u0131n\u0131n de\u011fi\u015fmez oldu\u011fu \u00f6ne s\u00fcr\u00fclen \u00f6zellikleri dahiyane bir komedya i\u00e7inde sergilenmi\u015ftir. Sevgi Sanl\u0131: Oyun yazar\u0131 ve dramaturg olarak T\u00fcrk tiyatrosuna b\u00fcy\u00fck katk\u0131lar\u0131 olan Sevgi Sanl\u0131, \u00e7evirmen olarak da pek \u00e7ok \u00f6nemli eseri T\u00fcrk\u00e7eye kazand\u0131rd\u0131. William Shakespeare, Vaclav Havel, Bernard Shaw, Roger Norman ve Louis de Bernieres&#8217;den \u00e7eviriler yapt\u0131 Halide Edip Ad\u0131var&#8217;\u0131n Sinekli Bakkal adl\u0131 roman\u0131n\u0131 tiyatroya uyarlayarak Yunus Emre 3. \u00d6zg\u00fcn ve Uyarlama Oyun Yazar\u0131 yar\u0131\u015fmas\u0131&#8217;nda b\u00fcy\u00fck \u00f6d\u00fcl\u00fc kazand\u0131. Her \u015feyin ge\u00e7ici oldu\u011fu bir d\u00fcnyada s\u0131rr\u0131 insan\u0131n kendisinde bulan bir tasavvuf \u015fairinin ya\u015fam\u0131ndan hareketle yazd\u0131\u011f Kaygusuz Abdal adl\u0131 oyunu Devlet Tiyatrolar\u0131&#8217;nda sahneye kondu. <\/p>\n","protected":false},"excerpt":{"rendered":"<p>William Shakespeare (1564-1616) Oyunlar\u0131 ve \u015fiirlerinde insanl\u0131k durumlar\u0131n\u0131 dile getiri\u015f g\u00fcc\u00fcyle yakla\u015f\u0131k d\u00f6rt y\u00fcz y\u0131ld\u0131r b\u00fct\u00fcn d\u00fcnya okur ve seyircilerini etkilemeyi s\u00fcrd\u00fcrmektedir. Kuru G\u00fcr\u00fclt\u00fc efsanevi yazar\u0131n<span class=\"excerpt-hellip\"> [\u2026]<\/span><\/p>\n","protected":false},"featured_media":0,"template":"","meta":{"_monsterinsights_skip_tracking":false,"_monsterinsights_sitenote_active":false,"_monsterinsights_sitenote_note":"","_monsterinsights_sitenote_category":0},"product_brand":[],"product_cat":[12291,14272],"product_tag":[],"class_list":{"0":"post-699130","1":"product","2":"type-product","3":"status-publish","5":"product_cat-edebiyat","6":"product_cat-tiyatro","7":"pa_cilt-ciltsiz","8":"pa_tur-kitap","9":"pa_yayinevi-is-bankasi-kultur-yayinlari","10":"pa_yazar-william-shakespeare","12":"first","13":"instock","14":"sale","15":"shipping-taxable","16":"purchasable","17":"product-type-simple"},"_links":{"self":[{"href":"https:\/\/roveyayinevi.com.tr\/index.php\/wp-json\/wp\/v2\/product\/699130","targetHints":{"allow":["GET"]}}],"collection":[{"href":"https:\/\/roveyayinevi.com.tr\/index.php\/wp-json\/wp\/v2\/product"}],"about":[{"href":"https:\/\/roveyayinevi.com.tr\/index.php\/wp-json\/wp\/v2\/types\/product"}],"wp:attachment":[{"href":"https:\/\/roveyayinevi.com.tr\/index.php\/wp-json\/wp\/v2\/media?parent=699130"}],"wp:term":[{"taxonomy":"product_brand","embeddable":true,"href":"https:\/\/roveyayinevi.com.tr\/index.php\/wp-json\/wp\/v2\/product_brand?post=699130"},{"taxonomy":"product_cat","embeddable":true,"href":"https:\/\/roveyayinevi.com.tr\/index.php\/wp-json\/wp\/v2\/product_cat?post=699130"},{"taxonomy":"product_tag","embeddable":true,"href":"https:\/\/roveyayinevi.com.tr\/index.php\/wp-json\/wp\/v2\/product_tag?post=699130"}],"curies":[{"name":"wp","href":"https:\/\/api.w.org\/{rel}","templated":true}]}}