{"id":699126,"date":"2025-08-27T14:49:18","date_gmt":"2025-08-27T11:49:18","guid":{"rendered":"https:\/\/roveyayinevi.com.tr\/index.php\/urun\/olumle-randevu-2\/"},"modified":"2026-04-16T02:08:25","modified_gmt":"2026-04-15T23:08:25","slug":"olumle-randevu-2","status":"publish","type":"product","link":"https:\/\/roveyayinevi.com.tr\/index.php\/urun\/olumle-randevu-2\/","title":{"rendered":"\u00d6l\u00fcmle Randevu"},"content":{"rendered":"<p>\u015eah Mat ve G\u00f6rd\u00fc\u011f\u00fcne Asla \u0130nanma\u2019dan sonra, Mario Mazzanti yeni bir sayfa a\u00e7\u0131yor ve kar\u015f\u0131m\u0131za, ilk iki roman\u0131ndan farkl\u0131 bir gerilim atmosferi sundu\u011fu \u00fc\u00e7\u00fcnc\u00fc roman\u0131yla \u00e7\u0131k\u0131yor. Hikayenin ba\u015f kahraman\u0131, g\u00fcndelik hayat\u0131n i\u00e7inde rahatl\u0131kla saklanabilen \u2018tarih\u2019. G\u00fcn\u00fcm\u00fczde i\u015flenen bir cinayeti, 1576\u2019da Carlo Borromeo\u2019nun ya\u015fad\u0131\u011f\u0131, veban\u0131n pen\u00e7esindeki Milano\u2019ya ve 1250 y\u0131l\u0131ndaki Monza\u2019ya ba\u011flayan neydi? M\u00fcfetti\u015f Benni\u2019nin, Brianza ve Maggiore G\u00f6l\u00fc aras\u0131nda \u00e7\u0131kaca\u011f\u0131 zaman ve mek\u00e2ndaki yolculuk, tuzak ve gizemlerle dolu olacak. <\/p>\n","protected":false},"excerpt":{"rendered":"<p>\u015eah Mat ve G\u00f6rd\u00fc\u011f\u00fcne Asla \u0130nanma\u2019dan sonra, Mario Mazzanti yeni bir sayfa a\u00e7\u0131yor ve kar\u015f\u0131m\u0131za, ilk iki roman\u0131ndan farkl\u0131 bir gerilim atmosferi sundu\u011fu \u00fc\u00e7\u00fcnc\u00fc roman\u0131yla \u00e7\u0131k\u0131yor.<span class=\"excerpt-hellip\"> [\u2026]<\/span><\/p>\n","protected":false},"featured_media":0,"template":"","meta":{"_monsterinsights_skip_tracking":false,"_monsterinsights_sitenote_active":false,"_monsterinsights_sitenote_note":"","_monsterinsights_sitenote_category":0},"product_brand":[],"product_cat":[12291,17033],"product_tag":[],"class_list":{"0":"post-699126","1":"product","2":"type-product","3":"status-publish","5":"product_cat-edebiyat","6":"product_cat-korku-gerilim","7":"pa_cilt-ciltsiz","8":"pa_tur-kitap","9":"pa_yayinevi-sonsuz-kitap-yayinlari","10":"pa_yazar-mario-mazzanti","12":"first","13":"instock","14":"sale","15":"shipping-taxable","16":"purchasable","17":"product-type-simple"},"_links":{"self":[{"href":"https:\/\/roveyayinevi.com.tr\/index.php\/wp-json\/wp\/v2\/product\/699126","targetHints":{"allow":["GET"]}}],"collection":[{"href":"https:\/\/roveyayinevi.com.tr\/index.php\/wp-json\/wp\/v2\/product"}],"about":[{"href":"https:\/\/roveyayinevi.com.tr\/index.php\/wp-json\/wp\/v2\/types\/product"}],"wp:attachment":[{"href":"https:\/\/roveyayinevi.com.tr\/index.php\/wp-json\/wp\/v2\/media?parent=699126"}],"wp:term":[{"taxonomy":"product_brand","embeddable":true,"href":"https:\/\/roveyayinevi.com.tr\/index.php\/wp-json\/wp\/v2\/product_brand?post=699126"},{"taxonomy":"product_cat","embeddable":true,"href":"https:\/\/roveyayinevi.com.tr\/index.php\/wp-json\/wp\/v2\/product_cat?post=699126"},{"taxonomy":"product_tag","embeddable":true,"href":"https:\/\/roveyayinevi.com.tr\/index.php\/wp-json\/wp\/v2\/product_tag?post=699126"}],"curies":[{"name":"wp","href":"https:\/\/api.w.org\/{rel}","templated":true}]}}