{"id":699124,"date":"2025-08-27T14:49:17","date_gmt":"2025-08-27T11:49:17","guid":{"rendered":"https:\/\/roveyayinevi.com.tr\/index.php\/urun\/butun-oyunlari-5-adiller\/"},"modified":"2026-04-16T02:08:25","modified_gmt":"2026-04-15T23:08:25","slug":"butun-oyunlari-5-adiller","status":"publish","type":"product","link":"https:\/\/roveyayinevi.com.tr\/index.php\/urun\/butun-oyunlari-5-adiller\/","title":{"rendered":"B\u00fct\u00fcn Oyunlar\u0131 &#8211; 5 : Adiller"},"content":{"rendered":"<p>Dora: Sak\u0131n, sak\u0131n b\u00f6yle s\u00f6yleme. Sonu yaln\u0131z \u00f6l\u00fcme \u00e7\u0131k\u0131yorsa do\u011fru yolda nas\u0131l y\u00fcr\u00fcyor oluruz? Do\u011fru yolun sonu hayata \u00e7\u0131kar, g\u00fcne\u015fe \u00e7\u0131kar. \u0130liklerine kadar \u00fc\u015f\u00fcmezsin so\u011fuktan&#8230; \ufffcTan\u0131t\u0131m Metni<\/p>\n","protected":false},"excerpt":{"rendered":"<p>Dora: Sak\u0131n, sak\u0131n b\u00f6yle s\u00f6yleme. Sonu yaln\u0131z \u00f6l\u00fcme \u00e7\u0131k\u0131yorsa do\u011fru yolda nas\u0131l y\u00fcr\u00fcyor oluruz? Do\u011fru yolun sonu hayata \u00e7\u0131kar, g\u00fcne\u015fe \u00e7\u0131kar. \u0130liklerine kadar \u00fc\u015f\u00fcmezsin so\u011fuktan&#8230; \ufffcTan\u0131t\u0131m<span class=\"excerpt-hellip\"> [\u2026]<\/span><\/p>\n","protected":false},"featured_media":0,"template":"","meta":{"_monsterinsights_skip_tracking":false,"_monsterinsights_sitenote_active":false,"_monsterinsights_sitenote_note":"","_monsterinsights_sitenote_category":0},"product_brand":[],"product_cat":[12291,15566],"product_tag":[],"class_list":{"0":"post-699124","1":"product","2":"type-product","3":"status-publish","5":"product_cat-edebiyat","6":"product_cat-oyun","7":"pa_cilt-ciltsiz","8":"pa_tur-kitap","9":"pa_yayinevi-can-yayinlari","10":"pa_yazar-albert-camus","12":"first","13":"instock","14":"sale","15":"shipping-taxable","16":"purchasable","17":"product-type-simple"},"_links":{"self":[{"href":"https:\/\/roveyayinevi.com.tr\/index.php\/wp-json\/wp\/v2\/product\/699124","targetHints":{"allow":["GET"]}}],"collection":[{"href":"https:\/\/roveyayinevi.com.tr\/index.php\/wp-json\/wp\/v2\/product"}],"about":[{"href":"https:\/\/roveyayinevi.com.tr\/index.php\/wp-json\/wp\/v2\/types\/product"}],"wp:attachment":[{"href":"https:\/\/roveyayinevi.com.tr\/index.php\/wp-json\/wp\/v2\/media?parent=699124"}],"wp:term":[{"taxonomy":"product_brand","embeddable":true,"href":"https:\/\/roveyayinevi.com.tr\/index.php\/wp-json\/wp\/v2\/product_brand?post=699124"},{"taxonomy":"product_cat","embeddable":true,"href":"https:\/\/roveyayinevi.com.tr\/index.php\/wp-json\/wp\/v2\/product_cat?post=699124"},{"taxonomy":"product_tag","embeddable":true,"href":"https:\/\/roveyayinevi.com.tr\/index.php\/wp-json\/wp\/v2\/product_tag?post=699124"}],"curies":[{"name":"wp","href":"https:\/\/api.w.org\/{rel}","templated":true}]}}