{"id":699123,"date":"2025-08-27T14:49:17","date_gmt":"2025-08-27T11:49:17","guid":{"rendered":"https:\/\/roveyayinevi.com.tr\/index.php\/urun\/kamu-isletmeciligi-ve-yonetimi\/"},"modified":"2025-11-08T03:08:22","modified_gmt":"2025-11-08T00:08:22","slug":"kamu-isletmeciligi-ve-yonetimi","status":"publish","type":"product","link":"https:\/\/roveyayinevi.com.tr\/index.php\/urun\/kamu-isletmeciligi-ve-yonetimi\/","title":{"rendered":"Kamu \u0130\u015fletmecili\u011fi ve Y\u00f6netimi"},"content":{"rendered":"<p>Son y\u0131llarda d\u00fcnyan\u0131n bir\u00e7ok yerinde kamu sekt\u00f6r\u00fcn\u00fcn y\u00f6netiminde bir d\u00f6n\u00fc\u015f\u00fcm ya\u015fanmaktad\u0131r. 20. Y\u00fczy\u0131l\u0131n b\u00fcy\u00fck k\u0131sm\u0131 boyunca egemen olan kamu y\u00f6netiminin sert, b\u00fcrokratik bi\u00e7imi 21. Y\u00fczy\u0131lda daha esnek, piyasa tabanl\u0131 bir kamu i\u015fletmecili\u011fiyle yer de\u011fi\u015ftirmi\u015ftir. Kamu i\u015fletmecili\u011fi, Yeni Kamu Y\u00f6netiminden uzakla\u015farak geli\u015ftik\u00e7e, geleneksel y\u00f6netim modelinden de \u00e7ok daha fazla farkl\u0131la\u015fm\u0131\u015ft\u0131r.Kamu \u0130\u015fletmecili\u011fi ve Y\u00f6netimi, kamu sekt\u00f6r\u00fcn\u00fcn y\u00f6netimindeki de\u011fi\u015fimleri vurgulayan ilkeleri ve teorileri tan\u0131tmakta ve de\u011ferlendirmektedir.T\u00fcm d\u00fcnyada uyarlanmakta olan kamu i\u015fletmecili\u011finin temeli, do\u011fas\u0131 ve boyutlar\u0131, onun teorik dayanaklar\u0131 ve teorik farkl\u0131l\u0131klar\u0131yla beraber detayl\u0131 bir \u015fekilde ele al\u0131nmaktad\u0131r.Hayli ba\u015far\u0131l\u0131 ve yetkin olan bu kitab\u0131n \u00e7evirisi, geni\u015fletilen ve ba\u015ftan sona g\u00fcncellenerek &#8220;y\u00f6neti\u015fim&#8221; b\u00f6l\u00fcm\u00fcn\u00fcn de dahil edildi\u011fi 4. edisyondan yap\u0131lm\u0131\u015ft\u0131r. <\/p>\n","protected":false},"excerpt":{"rendered":"<p>Son y\u0131llarda d\u00fcnyan\u0131n bir\u00e7ok yerinde kamu sekt\u00f6r\u00fcn\u00fcn y\u00f6netiminde bir d\u00f6n\u00fc\u015f\u00fcm ya\u015fanmaktad\u0131r. 20. Y\u00fczy\u0131l\u0131n b\u00fcy\u00fck k\u0131sm\u0131 boyunca egemen olan kamu y\u00f6netiminin sert, b\u00fcrokratik bi\u00e7imi 21. Y\u00fczy\u0131lda daha<span class=\"excerpt-hellip\"> [\u2026]<\/span><\/p>\n","protected":false},"featured_media":0,"template":"","meta":{"_monsterinsights_skip_tracking":false,"_monsterinsights_sitenote_active":false,"_monsterinsights_sitenote_note":"","_monsterinsights_sitenote_category":0},"product_brand":[],"product_cat":[12337,14706],"product_tag":[],"class_list":{"0":"post-699123","1":"product","2":"type-product","3":"status-publish","5":"product_cat-politika-siyaset","6":"product_cat-siyaset-bilimi","7":"pa_cilt-ciltsiz","8":"pa_tur-kitap","9":"pa_yayinevi-bb101-yayinlari","10":"pa_yazar-owen-e-hughes","12":"first","13":"instock","14":"sale","15":"shipping-taxable","16":"purchasable","17":"product-type-simple"},"_links":{"self":[{"href":"https:\/\/roveyayinevi.com.tr\/index.php\/wp-json\/wp\/v2\/product\/699123","targetHints":{"allow":["GET"]}}],"collection":[{"href":"https:\/\/roveyayinevi.com.tr\/index.php\/wp-json\/wp\/v2\/product"}],"about":[{"href":"https:\/\/roveyayinevi.com.tr\/index.php\/wp-json\/wp\/v2\/types\/product"}],"wp:attachment":[{"href":"https:\/\/roveyayinevi.com.tr\/index.php\/wp-json\/wp\/v2\/media?parent=699123"}],"wp:term":[{"taxonomy":"product_brand","embeddable":true,"href":"https:\/\/roveyayinevi.com.tr\/index.php\/wp-json\/wp\/v2\/product_brand?post=699123"},{"taxonomy":"product_cat","embeddable":true,"href":"https:\/\/roveyayinevi.com.tr\/index.php\/wp-json\/wp\/v2\/product_cat?post=699123"},{"taxonomy":"product_tag","embeddable":true,"href":"https:\/\/roveyayinevi.com.tr\/index.php\/wp-json\/wp\/v2\/product_tag?post=699123"}],"curies":[{"name":"wp","href":"https:\/\/api.w.org\/{rel}","templated":true}]}}