{"id":699122,"date":"2025-08-27T14:49:17","date_gmt":"2025-08-27T11:49:17","guid":{"rendered":"https:\/\/roveyayinevi.com.tr\/index.php\/urun\/dehsetler-ve-uzmanlar\/"},"modified":"2026-04-16T02:08:25","modified_gmt":"2026-04-15T23:08:25","slug":"dehsetler-ve-uzmanlar","status":"publish","type":"product","link":"https:\/\/roveyayinevi.com.tr\/index.php\/urun\/dehsetler-ve-uzmanlar\/","title":{"rendered":"Deh\u015fetler ve Uzmanlar"},"content":{"rendered":"<p>\u0130\u00c7ER\u0130K TANITIMI:Deh\u015fet daima d\u0131\u015far\u0131da b\u0131rak\u0131lman\u0131n deh\u015fetiyse e\u011fer, bizi d\u0131\u015far\u0131da b\u0131rakan, bilgiyi kendi alanlar\u0131 i\u00e7ine hapseden uzmanlar\u0131n da asl\u0131nda birer deh\u015fet uzman\u0131 olduklar\u0131n\u0131 s\u00f6yleyemez miyiz? Psikanalistler, bizi deh\u015fetlerimizden kurtarmaya \u00e7al\u0131\u015f\u0131rken, bir yandan da uzmanl\u0131klar\u0131yla o deh\u015fetleri yeniden yaratm\u0131yorlar m\u0131? \ufffcTan\u0131t\u0131m Metni<\/p>\n","protected":false},"excerpt":{"rendered":"<p>\u0130\u00c7ER\u0130K TANITIMI:Deh\u015fet daima d\u0131\u015far\u0131da b\u0131rak\u0131lman\u0131n deh\u015fetiyse e\u011fer, bizi d\u0131\u015far\u0131da b\u0131rakan, bilgiyi kendi alanlar\u0131 i\u00e7ine hapseden uzmanlar\u0131n da asl\u0131nda birer deh\u015fet uzman\u0131 olduklar\u0131n\u0131 s\u00f6yleyemez miyiz? Psikanalistler, bizi<span class=\"excerpt-hellip\"> [\u2026]<\/span><\/p>\n","protected":false},"featured_media":0,"template":"","meta":{"_monsterinsights_skip_tracking":false,"_monsterinsights_sitenote_active":false,"_monsterinsights_sitenote_note":"","_monsterinsights_sitenote_category":0},"product_brand":[],"product_cat":[12312,12304],"product_tag":[],"class_list":{"0":"post-699122","1":"product","2":"type-product","3":"status-publish","5":"product_cat-diger","6":"product_cat-tarih","7":"pa_cilt-ciltsiz","8":"pa_tur-kitap","9":"pa_yayinevi-metis-yayinlari","10":"pa_yazar-adam-phillips","12":"first","13":"instock","14":"sale","15":"shipping-taxable","16":"purchasable","17":"product-type-simple"},"_links":{"self":[{"href":"https:\/\/roveyayinevi.com.tr\/index.php\/wp-json\/wp\/v2\/product\/699122","targetHints":{"allow":["GET"]}}],"collection":[{"href":"https:\/\/roveyayinevi.com.tr\/index.php\/wp-json\/wp\/v2\/product"}],"about":[{"href":"https:\/\/roveyayinevi.com.tr\/index.php\/wp-json\/wp\/v2\/types\/product"}],"wp:attachment":[{"href":"https:\/\/roveyayinevi.com.tr\/index.php\/wp-json\/wp\/v2\/media?parent=699122"}],"wp:term":[{"taxonomy":"product_brand","embeddable":true,"href":"https:\/\/roveyayinevi.com.tr\/index.php\/wp-json\/wp\/v2\/product_brand?post=699122"},{"taxonomy":"product_cat","embeddable":true,"href":"https:\/\/roveyayinevi.com.tr\/index.php\/wp-json\/wp\/v2\/product_cat?post=699122"},{"taxonomy":"product_tag","embeddable":true,"href":"https:\/\/roveyayinevi.com.tr\/index.php\/wp-json\/wp\/v2\/product_tag?post=699122"}],"curies":[{"name":"wp","href":"https:\/\/api.w.org\/{rel}","templated":true}]}}