{"id":699120,"date":"2025-08-27T14:49:16","date_gmt":"2025-08-27T11:49:16","guid":{"rendered":"https:\/\/roveyayinevi.com.tr\/index.php\/urun\/uc-ornek-oyku-ve-bir-onsoz\/"},"modified":"2026-04-16T02:08:25","modified_gmt":"2026-04-15T23:08:25","slug":"uc-ornek-oyku-ve-bir-onsoz","status":"publish","type":"product","link":"https:\/\/roveyayinevi.com.tr\/index.php\/urun\/uc-ornek-oyku-ve-bir-onsoz\/","title":{"rendered":"\u00dc\u00e7 \u00d6rnek \u00d6yk\u00fc ve Bir \u00d6ns\u00f6z"},"content":{"rendered":"<p>La\u00edn Entralgo\u2019nun \u0130spanyol bilincinin ve ki\u015fili\u011finin uyan\u0131\u015f\u0131 bi\u00e7iminde niteledi\u011fi 98 Ku\u015fa\u011f\u0131 yazarlar\u0131ndan Miguel de Unamuno (1864-1936) Madrid Complutense \u00dcniversitesi\u2019nde felsefe doktoras\u0131n\u0131 tamamlad\u0131ktan sonra atand\u0131\u011f\u0131 Salamanca \u00dcniversitesi\u2019nde ders verirken bir yandan da deneme ve makalelerini yay\u0131mlamaya ba\u015flad\u0131. Y\u00f6netim kar\u015f\u0131t\u0131 yaz\u0131lar\u0131 y\u00fcz\u00fcnden i\u015fine son verildi ve Fuerteventura Adas\u0131\u2019na s\u00fcr\u00fcld\u00fc. Ancak 1931\u2019de Cumhuriyet\u2019in kurulu\u015fuyla ayn\u0131 \u00fcniversiteye rekt\u00f6r olarak atand\u0131. Unamuno\u2019ya g\u00f6re makinele\u015fme insan\u0131 ki\u015filiksizle\u015ftirmi\u015ftir, teknolojinin girmedi\u011fi bir evren arar; uygarl\u0131\u011fa kar\u015f\u0131d\u0131r. \u0130\u00e7 konu\u015fmalar\u0131 James Joyce\u2019dan daha \u00f6nce kullanm\u0131\u015ft\u0131r. Kimi zaman da ki\u015filer, yazar ve okuyucu kar\u015f\u0131l\u0131kl\u0131 konu\u015fur ve tart\u0131\u015f\u0131rlar. Unamuno roman bilimselli\u011fi ile alay eder, yaz\u0131nsal yap\u0131tlar\u0131n yazar\u0131n belli ba\u015fl\u0131 \u00f6nsezilerini a\u00e7\u0131klamak i\u00e7in birer ara\u00e7 olduklar\u0131n\u0131 ileri s\u00fcrer. Kimi yap\u0131tlar\u0131nda \u00f6l\u00fcms\u00fczl\u00fck \u00f6zlemi a\u011f\u0131r basar, kimi zaman Tanr\u0131\u2019ya ba\u015fkald\u0131r\u0131r, kimi zaman da yazg\u0131ya boyun e\u011fer. T\u00fcm eserlerinde zengin ve \u00f6zenli bir dil kullan\u0131r; kaba, \u00e7irkin s\u00f6zc\u00fckleri ancak deli dolu ki\u015filerine s\u00f6yleterek kusursuz bir denge tutturmu\u015ftur. T\u00fcrkiye \u0130\u015f Bankas\u0131 K\u00fclt\u00fcr Yay\u0131nlar\u0131 olarak Y\u0131ld\u0131z Ersoy Canpolat&#8217;\u0131n e\u015fsiz \u00e7evirileriyle Sis, Tula Teyze ve Abel Sanchez&#8217;in ard\u0131ndan Unamuno&#8217;nun b\u00fct\u00fcn eserlerini yay\u0131nlamaya \u00dc\u00e7 \u00d6rnek \u00d6yk\u00fc ve Bir \u00d6ns\u00f6z&#8217;le devam ediyoruz. \ufffcTan\u0131t\u0131m Metni<\/p>\n","protected":false},"excerpt":{"rendered":"<p>La\u00edn Entralgo\u2019nun \u0130spanyol bilincinin ve ki\u015fili\u011finin uyan\u0131\u015f\u0131 bi\u00e7iminde niteledi\u011fi 98 Ku\u015fa\u011f\u0131 yazarlar\u0131ndan Miguel de Unamuno (1864-1936) Madrid Complutense \u00dcniversitesi\u2019nde felsefe doktoras\u0131n\u0131 tamamlad\u0131ktan sonra atand\u0131\u011f\u0131 Salamanca \u00dcniversitesi\u2019nde<span class=\"excerpt-hellip\"> [\u2026]<\/span><\/p>\n","protected":false},"featured_media":0,"template":"","meta":{"_monsterinsights_skip_tracking":false,"_monsterinsights_sitenote_active":false,"_monsterinsights_sitenote_note":"","_monsterinsights_sitenote_category":0},"product_brand":[],"product_cat":[12777,12291],"product_tag":[],"class_list":{"0":"post-699120","1":"product","2":"type-product","3":"status-publish","5":"product_cat-deneme","6":"product_cat-edebiyat","7":"pa_cilt-ciltsiz","8":"pa_tur-kitap","9":"pa_yayinevi-is-bankasi-kultur-yayinlari","10":"pa_yazar-miguel-de-unamuno","12":"first","13":"instock","14":"sale","15":"shipping-taxable","16":"purchasable","17":"product-type-simple"},"_links":{"self":[{"href":"https:\/\/roveyayinevi.com.tr\/index.php\/wp-json\/wp\/v2\/product\/699120","targetHints":{"allow":["GET"]}}],"collection":[{"href":"https:\/\/roveyayinevi.com.tr\/index.php\/wp-json\/wp\/v2\/product"}],"about":[{"href":"https:\/\/roveyayinevi.com.tr\/index.php\/wp-json\/wp\/v2\/types\/product"}],"wp:attachment":[{"href":"https:\/\/roveyayinevi.com.tr\/index.php\/wp-json\/wp\/v2\/media?parent=699120"}],"wp:term":[{"taxonomy":"product_brand","embeddable":true,"href":"https:\/\/roveyayinevi.com.tr\/index.php\/wp-json\/wp\/v2\/product_brand?post=699120"},{"taxonomy":"product_cat","embeddable":true,"href":"https:\/\/roveyayinevi.com.tr\/index.php\/wp-json\/wp\/v2\/product_cat?post=699120"},{"taxonomy":"product_tag","embeddable":true,"href":"https:\/\/roveyayinevi.com.tr\/index.php\/wp-json\/wp\/v2\/product_tag?post=699120"}],"curies":[{"name":"wp","href":"https:\/\/api.w.org\/{rel}","templated":true}]}}