{"id":699118,"date":"2025-08-27T14:49:16","date_gmt":"2025-08-27T11:49:16","guid":{"rendered":"https:\/\/roveyayinevi.com.tr\/index.php\/urun\/esrarengiz-parmaklar\/"},"modified":"2026-04-16T02:08:25","modified_gmt":"2026-04-15T23:08:25","slug":"esrarengiz-parmaklar","status":"publish","type":"product","link":"https:\/\/roveyayinevi.com.tr\/index.php\/urun\/esrarengiz-parmaklar\/","title":{"rendered":"Esrarengiz Parmaklar"},"content":{"rendered":"<p>Gen\u00e7 pilot Jerry Burton, bir u\u00e7ak kazas\u0131 sonucu yaralan\u0131r ve doktorunun tavsiyesine uyarak k\u0131z karde\u015fi Joanna\u2019y\u0131 da yan\u0131na alarak s\u0131radan, sakin ve k\u00fc\u00e7\u00fck s\u0131rlar\u0131n payla\u015f\u0131ld\u0131\u011f\u0131 bir ta\u015fra kasabas\u0131 olan Lymstock\u2019a yerle\u015firler. \ufffcTan\u0131t\u0131m Metni<\/p>\n","protected":false},"excerpt":{"rendered":"<p>Gen\u00e7 pilot Jerry Burton, bir u\u00e7ak kazas\u0131 sonucu yaralan\u0131r ve doktorunun tavsiyesine uyarak k\u0131z karde\u015fi Joanna\u2019y\u0131 da yan\u0131na alarak s\u0131radan, sakin ve k\u00fc\u00e7\u00fck s\u0131rlar\u0131n payla\u015f\u0131ld\u0131\u011f\u0131 bir<span class=\"excerpt-hellip\"> [\u2026]<\/span><\/p>\n","protected":false},"featured_media":0,"template":"","meta":{"_monsterinsights_skip_tracking":false,"_monsterinsights_sitenote_active":false,"_monsterinsights_sitenote_note":"","_monsterinsights_sitenote_category":0},"product_brand":[],"product_cat":[12291,12711],"product_tag":[],"class_list":{"0":"post-699118","1":"product","2":"type-product","3":"status-publish","5":"product_cat-edebiyat","6":"product_cat-roman-oyku","7":"pa_cilt-ciltsiz","8":"pa_tur-kitap","9":"pa_yayinevi-altin-kitaplar","10":"pa_yazar-agatha-christie","12":"first","13":"instock","14":"sale","15":"shipping-taxable","16":"purchasable","17":"product-type-simple"},"_links":{"self":[{"href":"https:\/\/roveyayinevi.com.tr\/index.php\/wp-json\/wp\/v2\/product\/699118","targetHints":{"allow":["GET"]}}],"collection":[{"href":"https:\/\/roveyayinevi.com.tr\/index.php\/wp-json\/wp\/v2\/product"}],"about":[{"href":"https:\/\/roveyayinevi.com.tr\/index.php\/wp-json\/wp\/v2\/types\/product"}],"wp:attachment":[{"href":"https:\/\/roveyayinevi.com.tr\/index.php\/wp-json\/wp\/v2\/media?parent=699118"}],"wp:term":[{"taxonomy":"product_brand","embeddable":true,"href":"https:\/\/roveyayinevi.com.tr\/index.php\/wp-json\/wp\/v2\/product_brand?post=699118"},{"taxonomy":"product_cat","embeddable":true,"href":"https:\/\/roveyayinevi.com.tr\/index.php\/wp-json\/wp\/v2\/product_cat?post=699118"},{"taxonomy":"product_tag","embeddable":true,"href":"https:\/\/roveyayinevi.com.tr\/index.php\/wp-json\/wp\/v2\/product_tag?post=699118"}],"curies":[{"name":"wp","href":"https:\/\/api.w.org\/{rel}","templated":true}]}}