{"id":699114,"date":"2025-08-27T14:49:15","date_gmt":"2025-08-27T11:49:15","guid":{"rendered":"https:\/\/roveyayinevi.com.tr\/index.php\/urun\/dikkat-ask-cikabilir\/"},"modified":"2026-04-16T02:08:25","modified_gmt":"2026-04-15T23:08:25","slug":"dikkat-ask-cikabilir","status":"publish","type":"product","link":"https:\/\/roveyayinevi.com.tr\/index.php\/urun\/dikkat-ask-cikabilir\/","title":{"rendered":"Dikkat! A\u015fk \u00c7\u0131kabilir"},"content":{"rendered":"<p>Onlar\u0131n hik\u00e2yesi nefretle alevlendi, a\u015fkla m\u00fch\u00fcrlendi!Birbirlerinden nefret eden iki insand\u0131 onlar\u2026 Ama evlendiler!Uslanmaz bir asosyal olan \u0130lkim\u2019in hayat\u0131ndaki tek ama\u00e7 ba\u015far\u0131l\u0131 bir bilim kad\u0131n\u0131 olmakt\u0131r. Onun modayla, makyajla i\u015fi yoktur ve g\u00f6zl\u00fc\u011f\u00fcn\u00fcn ard\u0131ndaki d\u00fcnyada ders notlar\u0131yla mutludur.Evlenmek i\u00e7in hayallerinin profes\u00f6r\u00fcn\u00fc beklerken, kar\u015f\u0131s\u0131na tehlikeli, kaba, bilimden anlamayan, \u00f6fkeli bir i\u015fadam\u0131 \u00e7\u0131kar. Martin Turner\u2026 Bu Amerikal\u0131 adamla asla evlenmemesi gerekti\u011fini bilse de, muhte\u015fem kariyerinin anahtar\u0131n\u0131n onun ellerinde olmas\u0131 i\u015fleri ray\u0131ndan \u00e7\u0131karacakt\u0131r.Gen\u00e7 k\u0131z, ilk andan beri ko\u015farak ka\u00e7mak istedi\u011fi bu yak\u0131\u015f\u0131kl\u0131 ve karanl\u0131k adama, hayat\u0131n\u0131n t\u00fcm ideallerini \u00e7i\u011fneyerek tutkuyla \u00e7ekilirken, ilk kez ger\u00e7ek bir kad\u0131n gibi hissetmeye ba\u015flar.Ve gen\u00e7 adam, gizli \u00e7\u0131karlar\u0131 u\u011fruna evlendi\u011fi bu k\u0131z\u0131 Amerika\u2019ya g\u00f6t\u00fcrd\u00fc\u011f\u00fc g\u00fcn ondan kurtulma planlar\u0131 yaparken, sessiz kar\u0131s\u0131 hayat\u0131n\u0131n merkezine yerle\u015fir.A\u015fk, nefreti g\u00f6lgesi gibi takip ederken, bu nefretten bir a\u015fk do\u011fabilir mi? Peki ya s\u0131rlar a\u00e7\u0131\u011fa \u00e7\u0131kt\u0131\u011f\u0131nda ger\u00e7ek a\u015fk yalanlara direnebilir mi? <\/p>\n","protected":false},"excerpt":{"rendered":"<p>Onlar\u0131n hik\u00e2yesi nefretle alevlendi, a\u015fkla m\u00fch\u00fcrlendi!Birbirlerinden nefret eden iki insand\u0131 onlar\u2026 Ama evlendiler!Uslanmaz bir asosyal olan \u0130lkim\u2019in hayat\u0131ndaki tek ama\u00e7 ba\u015far\u0131l\u0131 bir bilim kad\u0131n\u0131 olmakt\u0131r. Onun<span class=\"excerpt-hellip\"> [\u2026]<\/span><\/p>\n","protected":false},"featured_media":0,"template":"","meta":{"_monsterinsights_skip_tracking":false,"_monsterinsights_sitenote_active":false,"_monsterinsights_sitenote_note":"","_monsterinsights_sitenote_category":0},"product_brand":[],"product_cat":[14643,12291],"product_tag":[],"class_list":{"0":"post-699114","1":"product","2":"type-product","3":"status-publish","5":"product_cat-ask","6":"product_cat-edebiyat","7":"pa_cilt-ciltsiz","8":"pa_tur-kitap","9":"pa_yayinevi-ephesus-yayinlari","10":"pa_yazar-asude","12":"first","13":"instock","14":"sale","15":"shipping-taxable","16":"purchasable","17":"product-type-simple"},"_links":{"self":[{"href":"https:\/\/roveyayinevi.com.tr\/index.php\/wp-json\/wp\/v2\/product\/699114","targetHints":{"allow":["GET"]}}],"collection":[{"href":"https:\/\/roveyayinevi.com.tr\/index.php\/wp-json\/wp\/v2\/product"}],"about":[{"href":"https:\/\/roveyayinevi.com.tr\/index.php\/wp-json\/wp\/v2\/types\/product"}],"wp:attachment":[{"href":"https:\/\/roveyayinevi.com.tr\/index.php\/wp-json\/wp\/v2\/media?parent=699114"}],"wp:term":[{"taxonomy":"product_brand","embeddable":true,"href":"https:\/\/roveyayinevi.com.tr\/index.php\/wp-json\/wp\/v2\/product_brand?post=699114"},{"taxonomy":"product_cat","embeddable":true,"href":"https:\/\/roveyayinevi.com.tr\/index.php\/wp-json\/wp\/v2\/product_cat?post=699114"},{"taxonomy":"product_tag","embeddable":true,"href":"https:\/\/roveyayinevi.com.tr\/index.php\/wp-json\/wp\/v2\/product_tag?post=699114"}],"curies":[{"name":"wp","href":"https:\/\/api.w.org\/{rel}","templated":true}]}}