{"id":699112,"date":"2025-08-27T14:49:14","date_gmt":"2025-08-27T11:49:14","guid":{"rendered":"https:\/\/roveyayinevi.com.tr\/index.php\/urun\/ayasofya-konustu\/"},"modified":"2026-04-16T02:08:25","modified_gmt":"2026-04-15T23:08:25","slug":"ayasofya-konustu","status":"publish","type":"product","link":"https:\/\/roveyayinevi.com.tr\/index.php\/urun\/ayasofya-konustu\/","title":{"rendered":"Ayasofya Konu\u015ftu"},"content":{"rendered":"<p>Ayasofya M\u00fczesi\u2019nde bir tuhaf yolculuk!\u00d6yk\u00fcleriyle ve yazarl\u0131k at\u00f6lyeleriyle tan\u0131nan F\u00fcsun \u00c7etinel, yazd\u0131\u011f\u0131 ilk \u00e7ocuk roman\u0131nda, duygu ve gizem dolu bir ser\u00fcvenin kap\u0131s\u0131n\u0131 aral\u0131yor. K\u00fclt\u00fcr tarihimizin en \u00f6nemli an\u0131tlar\u0131ndan Ayasofya M\u00fczesi\u2019nin s\u0131rlarla dolu oldu\u011funu ke\u015ffeden bir \u00e7ocu\u011fun \u00f6yk\u00fcs\u00fcn\u00fc anlat\u0131yor. Ayasofya M\u00fczesi gibi tarihin de\u011fi\u015fik d\u00f6nemlerinde farkl\u0131 k\u00fclt\u00fcrler taraf\u0131ndan ayakta tutulmu\u015f bir yap\u0131da ge\u00e7en macera, \u00e7ocuklara, ya\u015fad\u0131klar\u0131 kentteki di\u011fer k\u00fclt\u00fcrel de\u011ferleri de merak etme ve ara\u015ft\u0131rma olanaklar\u0131n\u0131 hat\u0131rlat\u0131yor. Kurgusal ve edebi de\u011feriyle \u00f6ne \u00e7\u0131kan kitap, Ayasofya M\u00fczesi\u2019ni ba\u015fkahraman Veli\u2019yle birlikte bir roman kahraman\u0131na d\u00f6n\u00fc\u015ft\u00fcr\u00fcyor. Anadolu topraklar\u0131nda, farkl\u0131 k\u00fclt\u00fcr d\u00f6nemlerinde in\u015fa edilen ve g\u00fcn\u00fcm\u00fcze gelmeyi ba\u015faran b\u00fcy\u00fck yap\u0131lar\u0131n i\u00e7 mek\u00e2nlar\u0131n\u0131n insanda yaratt\u0131\u011f\u0131 gizem duygusuyla, \u00e7ocuklu\u011fun s\u0131n\u0131rs\u0131z hayal g\u00fcc\u00fcn\u00fc birle\u015ftiren roman, s\u00fcr\u00fckleyici bir macera atmosferi yarat\u0131yor. Ailece, s\u0131n\u0131fta, bir odada tek ba\u015f\u0131na ya da Ayasofya M\u00fczesi\u2019nin as\u0131rl\u0131k kubbesinin alt\u0131nda keyifle ve merakla okunabilecek bir roman.Konu \u00d6zetiYoksul bir aile ortam\u0131nda b\u00fcy\u00fcmekte olan Veli, Ayasofya M\u00fczesi\u2019nin ayr\u0131lmaz bir par\u00e7as\u0131 gibidir. Ne arkeologlar, ne turistler, ne de bek\u00e7iler onsuz bir Ayasofya d\u00fc\u015f\u00fcnebilir. Hele, yap\u0131da onar\u0131m \u00e7al\u0131\u015fmalar\u0131na kat\u0131lan Alman arkeolog Martha, k\u00fc\u00e7\u00fck Veli\u2019nin s\u0131k\u0131 dostu olmu\u015ftur. Okulunda verilen \u00f6devi ba\u015far\u0131yla yapan bir \u00f6\u011frencinin Almanya\u2019ya gezi kazanaca\u011f\u0131n\u0131 duyan Veli, b\u00fcy\u00fck hayallere dalar. Ayasofya\u2019yla ilgili bir \u00f6dev d\u00fc\u015f\u00fcnen Veli\u2019yi nas\u0131l bir macera beklemektedir?..Ayasofya M\u00fczesi\u2019nde bir tuhaf yolculuk!\u00d6yk\u00fcleriyle ve yazarl\u0131k at\u00f6lyeleriyle tan\u0131nan F\u00fcsun \u00c7etinel, yazd\u0131\u011f\u0131 ilk \u00e7ocuk roman\u0131nda, duygu ve gizem dolu bir ser\u00fcvenin kap\u0131s\u0131n\u0131 aral\u0131yor. K\u00fclt\u00fcr tarihimizin en \u00f6nemli an\u0131tlar\u0131ndan Ayasofya M\u00fczesi\u2019nin s\u0131rlarla dolu oldu\u011funu ke\u015ffeden bir \u00e7ocu\u011fun \u00f6yk\u00fcs\u00fcn\u00fc anlat\u0131yor. Ayasofya M\u00fczesi gibi tarihin de\u011fi\u015fik d\u00f6nemlerinde farkl\u0131 k\u00fclt\u00fcrler taraf\u0131ndan ayakta tutulmu\u015f bir yap\u0131da ge\u00e7en macera, \u00e7ocuklara, ya\u015fad\u0131klar\u0131 kentteki di\u011fer k\u00fclt\u00fcrel de\u011ferleri de merak etme ve ara\u015ft\u0131rma olanaklar\u0131n\u0131 hat\u0131rlat\u0131yor. Kurgusal ve edebi de\u011feriyle \u00f6ne \u00e7\u0131kan kitap, Ayasofya M\u00fczesi\u2019ni ba\u015fkahraman Veli\u2019yle birlikte bir roman kahraman\u0131na d\u00f6n\u00fc\u015ft\u00fcr\u00fcyor. Anadolu topraklar\u0131nda, farkl\u0131 k\u00fclt\u00fcr d\u00f6nemlerinde in\u015fa edilen ve g\u00fcn\u00fcm\u00fcze gelmeyi ba\u015faran b\u00fcy\u00fck yap\u0131lar\u0131n i\u00e7 mek\u00e2nlar\u0131n\u0131n insanda yaratt\u0131\u011f\u0131 gizem duygusuyla, \u00e7ocuklu\u011fun s\u0131n\u0131rs\u0131z hayal g\u00fcc\u00fcn\u00fc birle\u015ftiren roman, s\u00fcr\u00fckleyici bir macera atmosferi yarat\u0131yor. Ailece, s\u0131n\u0131fta, bir odada tek ba\u015f\u0131na ya da Ayasofya M\u00fczesi\u2019nin as\u0131rl\u0131k kubbesinin alt\u0131nda keyifle ve merakla okunabilecek bir roman.Yoksul bir aile ortam\u0131nda b\u00fcy\u00fcmekte olan Veli, Ayasofya M\u00fczesi\u2019nin ayr\u0131lmaz bir par\u00e7as\u0131 gibidir. Ne arkeologlar, ne turistler, ne de bek\u00e7iler onsuz bir Ayasofya d\u00fc\u015f\u00fcnebilir. Hele, yap\u0131da onar\u0131m \u00e7al\u0131\u015fmalar\u0131na kat\u0131lan Alman arkeolog Martha, k\u00fc\u00e7\u00fck Veli\u2019nin s\u0131k\u0131 dostu olmu\u015ftur. Okulunda verilen \u00f6devi ba\u015far\u0131yla yapan bir \u00f6\u011frencinin Almanya\u2019ya gezi kazanaca\u011f\u0131n\u0131 duyan Veli, b\u00fcy\u00fck hayallere dalar. Ayasofya\u2019yla ilgili bir \u00f6dev d\u00fc\u015f\u00fcnen Veli\u2019yi nas\u0131l bir macera beklemektedir?.. <\/p>\n","protected":false},"excerpt":{"rendered":"<p>Ayasofya M\u00fczesi\u2019nde bir tuhaf yolculuk!\u00d6yk\u00fcleriyle ve yazarl\u0131k at\u00f6lyeleriyle tan\u0131nan F\u00fcsun \u00c7etinel, yazd\u0131\u011f\u0131 ilk \u00e7ocuk roman\u0131nda, duygu ve gizem dolu bir ser\u00fcvenin kap\u0131s\u0131n\u0131 aral\u0131yor. K\u00fclt\u00fcr tarihimizin en<span class=\"excerpt-hellip\"> [\u2026]<\/span><\/p>\n","protected":false},"featured_media":0,"template":"","meta":{"_monsterinsights_skip_tracking":false,"_monsterinsights_sitenote_active":false,"_monsterinsights_sitenote_note":"","_monsterinsights_sitenote_category":0},"product_brand":[],"product_cat":[12274,12284],"product_tag":[],"class_list":{"0":"post-699112","1":"product","2":"type-product","3":"status-publish","5":"product_cat-cocuk-ve-genclik-kitaplari","6":"product_cat-hikayeler","7":"pa_cilt-ciltsiz","8":"pa_tur-kitap","9":"pa_yayinevi-gunisigi-kitapligi","10":"pa_yazar-fusun-cetinel","12":"first","13":"instock","14":"sale","15":"shipping-taxable","16":"purchasable","17":"product-type-simple"},"_links":{"self":[{"href":"https:\/\/roveyayinevi.com.tr\/index.php\/wp-json\/wp\/v2\/product\/699112","targetHints":{"allow":["GET"]}}],"collection":[{"href":"https:\/\/roveyayinevi.com.tr\/index.php\/wp-json\/wp\/v2\/product"}],"about":[{"href":"https:\/\/roveyayinevi.com.tr\/index.php\/wp-json\/wp\/v2\/types\/product"}],"wp:attachment":[{"href":"https:\/\/roveyayinevi.com.tr\/index.php\/wp-json\/wp\/v2\/media?parent=699112"}],"wp:term":[{"taxonomy":"product_brand","embeddable":true,"href":"https:\/\/roveyayinevi.com.tr\/index.php\/wp-json\/wp\/v2\/product_brand?post=699112"},{"taxonomy":"product_cat","embeddable":true,"href":"https:\/\/roveyayinevi.com.tr\/index.php\/wp-json\/wp\/v2\/product_cat?post=699112"},{"taxonomy":"product_tag","embeddable":true,"href":"https:\/\/roveyayinevi.com.tr\/index.php\/wp-json\/wp\/v2\/product_tag?post=699112"}],"curies":[{"name":"wp","href":"https:\/\/api.w.org\/{rel}","templated":true}]}}