{"id":699111,"date":"2025-08-27T14:49:14","date_gmt":"2025-08-27T11:49:14","guid":{"rendered":"https:\/\/roveyayinevi.com.tr\/index.php\/urun\/kiyamet-koptugunda\/"},"modified":"2026-04-16T02:08:25","modified_gmt":"2026-04-15T23:08:25","slug":"kiyamet-koptugunda","status":"publish","type":"product","link":"https:\/\/roveyayinevi.com.tr\/index.php\/urun\/kiyamet-koptugunda\/","title":{"rendered":"K\u0131yamet Koptu\u011funda"},"content":{"rendered":"<p>\u00c7anakkale Muharebeleri&#8217;ne otuz ya\u015f\u0131nda \u00fcste\u011fmen r\u00fctbesiyle kat\u0131l\u0131p y\u00fczba\u015f\u0131 r\u00fctbesiyle \u00e7\u0131kan ve ara vermeden Do\u011fu cephesine giden Hasan Cevdet Bey&#8217;in tutmu\u015f oldu\u011fu g\u00fcnl\u00fck, 1915-1917 tarihleri aras\u0131nda iki cepheye dair \u00e7ok \u00f6nemli bilgiler sunmaktad\u0131r. <\/p>\n","protected":false},"excerpt":{"rendered":"<p>\u00c7anakkale Muharebeleri&#8217;ne otuz ya\u015f\u0131nda \u00fcste\u011fmen r\u00fctbesiyle kat\u0131l\u0131p y\u00fczba\u015f\u0131 r\u00fctbesiyle \u00e7\u0131kan ve ara vermeden Do\u011fu cephesine giden Hasan Cevdet Bey&#8217;in tutmu\u015f oldu\u011fu g\u00fcnl\u00fck, 1915-1917 tarihleri aras\u0131nda iki<span class=\"excerpt-hellip\"> [\u2026]<\/span><\/p>\n","protected":false},"featured_media":0,"template":"","meta":{"_monsterinsights_skip_tracking":false,"_monsterinsights_sitenote_active":false,"_monsterinsights_sitenote_note":"","_monsterinsights_sitenote_category":0},"product_brand":[],"product_cat":[12370,12304],"product_tag":[],"class_list":{"0":"post-699111","1":"product","2":"type-product","3":"status-publish","5":"product_cat-arastirma-inceleme","6":"product_cat-tarih","7":"pa_tur-kitap","8":"pa_yayinevi-yeditepe-yayinevi","9":"pa_yazar-hasan-cevdet-bey","11":"first","12":"instock","13":"sale","14":"shipping-taxable","15":"purchasable","16":"product-type-simple"},"_links":{"self":[{"href":"https:\/\/roveyayinevi.com.tr\/index.php\/wp-json\/wp\/v2\/product\/699111","targetHints":{"allow":["GET"]}}],"collection":[{"href":"https:\/\/roveyayinevi.com.tr\/index.php\/wp-json\/wp\/v2\/product"}],"about":[{"href":"https:\/\/roveyayinevi.com.tr\/index.php\/wp-json\/wp\/v2\/types\/product"}],"wp:attachment":[{"href":"https:\/\/roveyayinevi.com.tr\/index.php\/wp-json\/wp\/v2\/media?parent=699111"}],"wp:term":[{"taxonomy":"product_brand","embeddable":true,"href":"https:\/\/roveyayinevi.com.tr\/index.php\/wp-json\/wp\/v2\/product_brand?post=699111"},{"taxonomy":"product_cat","embeddable":true,"href":"https:\/\/roveyayinevi.com.tr\/index.php\/wp-json\/wp\/v2\/product_cat?post=699111"},{"taxonomy":"product_tag","embeddable":true,"href":"https:\/\/roveyayinevi.com.tr\/index.php\/wp-json\/wp\/v2\/product_tag?post=699111"}],"curies":[{"name":"wp","href":"https:\/\/api.w.org\/{rel}","templated":true}]}}