{"id":699109,"date":"2025-08-27T14:49:13","date_gmt":"2025-08-27T11:49:13","guid":{"rendered":"https:\/\/roveyayinevi.com.tr\/index.php\/urun\/itaatsizlik-uzerine\/"},"modified":"2026-04-16T02:08:25","modified_gmt":"2026-04-15T23:08:25","slug":"itaatsizlik-uzerine","status":"publish","type":"product","link":"https:\/\/roveyayinevi.com.tr\/index.php\/urun\/itaatsizlik-uzerine\/","title":{"rendered":"\u0130taatsizlik \u00dczerine"},"content":{"rendered":"<p>\u201c\u015eimdiye kadar tarihin b\u00fcy\u00fck bir b\u00f6l\u00fcm\u00fcnde, bir az\u0131nl\u0131k \u00e7o\u011funlu\u011fa h\u00fckmetmi\u015ftir. Bu h\u00e2kimiyeti gerekli k\u0131lan, hayat\u0131n g\u00fczelliklerinin sadece az\u0131nl\u0131\u011fa yetecek kadar olup, \u00e7o\u011funlu\u011fa k\u0131r\u0131nt\u0131lar\u0131n kalmas\u0131d\u0131r. E\u011fer bu az\u0131nl\u0131k g\u00fczelliklerin tad\u0131n\u0131 \u00e7\u0131karmak ve bunun da \u00f6tesinde \u00e7o\u011funlu\u011fun kendine hizmet etmesini, kendisi i\u00e7in \u00e7al\u0131\u015fmas\u0131n\u0131 istemi\u015fse gerekli \u015fart \u015fuydu: \u00c7o\u011funluk itaat etmeyi \u00f6\u011frenmeliydi.\u201d \ufffcTan\u0131t\u0131m Metni<\/p>\n","protected":false},"excerpt":{"rendered":"<p>\u201c\u015eimdiye kadar tarihin b\u00fcy\u00fck bir b\u00f6l\u00fcm\u00fcnde, bir az\u0131nl\u0131k \u00e7o\u011funlu\u011fa h\u00fckmetmi\u015ftir. Bu h\u00e2kimiyeti gerekli k\u0131lan, hayat\u0131n g\u00fczelliklerinin sadece az\u0131nl\u0131\u011fa yetecek kadar olup, \u00e7o\u011funlu\u011fa k\u0131r\u0131nt\u0131lar\u0131n kalmas\u0131d\u0131r. E\u011fer bu<span class=\"excerpt-hellip\"> [\u2026]<\/span><\/p>\n","protected":false},"featured_media":0,"template":"","meta":{"_monsterinsights_skip_tracking":false,"_monsterinsights_sitenote_active":false,"_monsterinsights_sitenote_note":"","_monsterinsights_sitenote_category":0},"product_brand":[],"product_cat":[12358,12357],"product_tag":[],"class_list":{"0":"post-699109","1":"product","2":"type-product","3":"status-publish","5":"product_cat-genel-psikoloji","6":"product_cat-psikoloji","7":"pa_cilt-ciltsiz","8":"pa_tur-kitap","9":"pa_yayinevi-say-yayinlari","10":"pa_yazar-erich-fromm","12":"first","13":"instock","14":"sale","15":"shipping-taxable","16":"purchasable","17":"product-type-simple"},"_links":{"self":[{"href":"https:\/\/roveyayinevi.com.tr\/index.php\/wp-json\/wp\/v2\/product\/699109","targetHints":{"allow":["GET"]}}],"collection":[{"href":"https:\/\/roveyayinevi.com.tr\/index.php\/wp-json\/wp\/v2\/product"}],"about":[{"href":"https:\/\/roveyayinevi.com.tr\/index.php\/wp-json\/wp\/v2\/types\/product"}],"wp:attachment":[{"href":"https:\/\/roveyayinevi.com.tr\/index.php\/wp-json\/wp\/v2\/media?parent=699109"}],"wp:term":[{"taxonomy":"product_brand","embeddable":true,"href":"https:\/\/roveyayinevi.com.tr\/index.php\/wp-json\/wp\/v2\/product_brand?post=699109"},{"taxonomy":"product_cat","embeddable":true,"href":"https:\/\/roveyayinevi.com.tr\/index.php\/wp-json\/wp\/v2\/product_cat?post=699109"},{"taxonomy":"product_tag","embeddable":true,"href":"https:\/\/roveyayinevi.com.tr\/index.php\/wp-json\/wp\/v2\/product_tag?post=699109"}],"curies":[{"name":"wp","href":"https:\/\/api.w.org\/{rel}","templated":true}]}}