{"id":699103,"date":"2025-08-27T14:49:11","date_gmt":"2025-08-27T11:49:11","guid":{"rendered":"https:\/\/roveyayinevi.com.tr\/index.php\/urun\/kirmizi-zambak\/"},"modified":"2026-02-03T02:13:48","modified_gmt":"2026-02-02T23:13:48","slug":"kirmizi-zambak","status":"publish","type":"product","link":"https:\/\/roveyayinevi.com.tr\/index.php\/urun\/kirmizi-zambak\/","title":{"rendered":"K\u0131rm\u0131z\u0131 Zambak"},"content":{"rendered":"<p>1921\u2019de Nobel Edebiyat \u00d6d\u00fcl\u00fc\u2019ne de\u011fer g\u00f6r\u00fclen Anatole France\u2019\u0131n yap\u0131tlar\u0131 aras\u0131nda K\u0131rm\u0131z\u0131 Zambak\u2019\u0131n kendine \u00f6zg\u00fc bir yeri vard\u0131r. Bu romanda, Anatole France\u2019\u0131n \u00e7alkant\u0131l\u0131 \u00f6zel ya\u015fam\u0131n\u0131n da pay\u0131 oldu\u011fu, yazar\u0131n 1888\u2019de tan\u0131\u015ft\u0131\u011f\u0131 Madame Arman de Caillavet ile ili\u015fkisinden esinlendi\u011fi s\u00f6ylenebilir. K\u0131rm\u0131z\u0131 Zambak, se\u00e7kinler ve sanat\u00e7\u0131lar \u00e7evresinde ge\u00e7er, siyasal ya\u015famdan ilgin\u00e7 y\u00fczler ve davran\u0131\u015flar, \u015fa\u015f\u0131rt\u0131c\u0131 \u015fairler ve sanat\u00e7\u0131larla kar\u015f\u0131la\u015f\u0131r\u0131z. Ama \u00f6z\u00fcnde, d\u00f6nemin Floransa\u2019s\u0131nda ge\u00e7en bir a\u015fk \u00f6yk\u00fcs\u00fc anlat\u0131l\u0131r. \ufffcTan\u0131t\u0131m Metni<\/p>\n","protected":false},"excerpt":{"rendered":"<p>1921\u2019de Nobel Edebiyat \u00d6d\u00fcl\u00fc\u2019ne de\u011fer g\u00f6r\u00fclen Anatole France\u2019\u0131n yap\u0131tlar\u0131 aras\u0131nda K\u0131rm\u0131z\u0131 Zambak\u2019\u0131n kendine \u00f6zg\u00fc bir yeri vard\u0131r. Bu romanda, Anatole France\u2019\u0131n \u00e7alkant\u0131l\u0131 \u00f6zel ya\u015fam\u0131n\u0131n da pay\u0131<span class=\"excerpt-hellip\"> [\u2026]<\/span><\/p>\n","protected":false},"featured_media":0,"template":"","meta":{"_monsterinsights_skip_tracking":false,"_monsterinsights_sitenote_active":false,"_monsterinsights_sitenote_note":"","_monsterinsights_sitenote_category":0},"product_brand":[],"product_cat":[12291,13376],"product_tag":[],"class_list":{"0":"post-699103","1":"product","2":"type-product","3":"status-publish","5":"product_cat-edebiyat","6":"product_cat-fransiz-edebiyati","7":"pa_cilt-ciltsiz","8":"pa_tur-kitap","9":"pa_yayinevi-can-yayinlari","10":"pa_yazar-anatole-france","12":"first","13":"instock","14":"sale","15":"shipping-taxable","16":"purchasable","17":"product-type-simple"},"_links":{"self":[{"href":"https:\/\/roveyayinevi.com.tr\/index.php\/wp-json\/wp\/v2\/product\/699103","targetHints":{"allow":["GET"]}}],"collection":[{"href":"https:\/\/roveyayinevi.com.tr\/index.php\/wp-json\/wp\/v2\/product"}],"about":[{"href":"https:\/\/roveyayinevi.com.tr\/index.php\/wp-json\/wp\/v2\/types\/product"}],"wp:attachment":[{"href":"https:\/\/roveyayinevi.com.tr\/index.php\/wp-json\/wp\/v2\/media?parent=699103"}],"wp:term":[{"taxonomy":"product_brand","embeddable":true,"href":"https:\/\/roveyayinevi.com.tr\/index.php\/wp-json\/wp\/v2\/product_brand?post=699103"},{"taxonomy":"product_cat","embeddable":true,"href":"https:\/\/roveyayinevi.com.tr\/index.php\/wp-json\/wp\/v2\/product_cat?post=699103"},{"taxonomy":"product_tag","embeddable":true,"href":"https:\/\/roveyayinevi.com.tr\/index.php\/wp-json\/wp\/v2\/product_tag?post=699103"}],"curies":[{"name":"wp","href":"https:\/\/api.w.org\/{rel}","templated":true}]}}