{"id":699102,"date":"2025-08-27T14:49:11","date_gmt":"2025-08-27T11:49:11","guid":{"rendered":"https:\/\/roveyayinevi.com.tr\/index.php\/urun\/erken-cocukluk-egitiminde-proje-yaklasimi-ve-uygulanmis-proje-ornekleri\/"},"modified":"2026-04-16T02:08:25","modified_gmt":"2026-04-15T23:08:25","slug":"erken-cocukluk-egitiminde-proje-yaklasimi-ve-uygulanmis-proje-ornekleri","status":"publish","type":"product","link":"https:\/\/roveyayinevi.com.tr\/index.php\/urun\/erken-cocukluk-egitiminde-proje-yaklasimi-ve-uygulanmis-proje-ornekleri\/","title":{"rendered":"Erken \u00c7ocukluk E\u011fitiminde Proje Yakla\u015f\u0131m\u0131 ve Uygulanm\u0131\u015f Proje \u00d6rnekleri"},"content":{"rendered":"<p>E\u011fitim program\u0131n\u0131n birbirinden ba\u011f\u0131ms\u0131z k\u00fc\u00e7\u00fck bilgiler y\u0131\u011f\u0131n\u0131 olarak \u00f6\u011fretilmesine kar\u015f\u0131 geli\u015ftirilmi\u015f olan proje yakla\u015f\u0131m\u0131 okul \u00f6ncesinde yayg\u0131n olarak kullan\u0131lan yakla\u015f\u0131mlardan biri olarak kar\u015f\u0131m\u0131za \u00e7\u0131kmaktad\u0131r. Proje yakla\u015f\u0131m\u0131 uygulamalar\u0131 kendi \u00f6\u011frenmesinin sorumlulu\u011funu \u00fcstlenmi\u015f, \u00f6zg\u00fcn bireyler yeti\u015ftirmeyi ve bunu ger\u00e7ekle\u015ftirecek bir \u00f6\u011frenme s\u00fcrecini \u00f6ng\u00f6r\u00fcr. Proje yakla\u015f\u0131m\u0131n\u0131n temelini olu\u015fturan proje \u00e7al\u0131\u015fmalar\u0131nda, \u00f6\u011frenmeye de\u011fer bir konu hakk\u0131nda \u00e7ocuklar\u0131n merak etti\u011fi \u00e7e\u015fitli ba\u015fl\u0131klar derinlemesine incelenir. Proje yakla\u015f\u0131m\u0131n\u0131n en \u00f6nemli \u00f6zelliklerinden biri de programdaki etkin \u00f6\u011frenme s\u00fcrecidir. Etkin \u00f6\u011frenen \u00e7ocuklar, yeni bir anlay\u0131\u015f\u0131 nesnelerle u\u011fra\u015farak ve insanlarla, fikirlerle, olaylarla etkile\u015fime girerek zihninde yap\u0131land\u0131r\u0131r. Bu modelde \u00f6\u011fretmen, yard\u0131mc\u0131 ve y\u00f6nlendirici, \u00e7ocuklar ise \u00f6zerk ve kurgulay\u0131c\u0131d\u0131r. \u00c7ocuklar aktif kat\u0131l\u0131mc\u0131 ve \u00fcst d\u00fczey bili\u015fsel aktivitelerle sosyal beceriler ve hayat becerilerini birlikte deneyimler. \u00c7ocuklar\u0131n oyun ve ara\u015ft\u0131rma istekleri, yarat\u0131c\u0131 ve entelekt\u00fcel potansiyellerinin en \u00fcst d\u00fczeye \u00e7\u0131kar\u0131lmas\u0131 hedeflenir. \ufffcTan\u0131t\u0131m Metni<\/p>\n","protected":false},"excerpt":{"rendered":"<p>E\u011fitim program\u0131n\u0131n birbirinden ba\u011f\u0131ms\u0131z k\u00fc\u00e7\u00fck bilgiler y\u0131\u011f\u0131n\u0131 olarak \u00f6\u011fretilmesine kar\u015f\u0131 geli\u015ftirilmi\u015f olan proje yakla\u015f\u0131m\u0131 okul \u00f6ncesinde yayg\u0131n olarak kullan\u0131lan yakla\u015f\u0131mlardan biri olarak kar\u015f\u0131m\u0131za \u00e7\u0131kmaktad\u0131r. Proje yakla\u015f\u0131m\u0131<span class=\"excerpt-hellip\"> [\u2026]<\/span><\/p>\n","protected":false},"featured_media":0,"template":"","meta":{"_monsterinsights_skip_tracking":false,"_monsterinsights_sitenote_active":false,"_monsterinsights_sitenote_note":"","_monsterinsights_sitenote_category":0},"product_brand":[],"product_cat":[12274,12518],"product_tag":[],"class_list":{"0":"post-699102","1":"product","2":"type-product","3":"status-publish","5":"product_cat-cocuk-ve-genclik-kitaplari","6":"product_cat-okul-oncesi-kitaplar","7":"pa_cilt-ciltsiz","8":"pa_tur-kitap","9":"pa_yayinevi-ani-yayincilik","10":"pa_yazar-vuslat-oguz","12":"first","13":"instock","14":"sale","15":"shipping-taxable","16":"purchasable","17":"product-type-simple"},"_links":{"self":[{"href":"https:\/\/roveyayinevi.com.tr\/index.php\/wp-json\/wp\/v2\/product\/699102","targetHints":{"allow":["GET"]}}],"collection":[{"href":"https:\/\/roveyayinevi.com.tr\/index.php\/wp-json\/wp\/v2\/product"}],"about":[{"href":"https:\/\/roveyayinevi.com.tr\/index.php\/wp-json\/wp\/v2\/types\/product"}],"wp:attachment":[{"href":"https:\/\/roveyayinevi.com.tr\/index.php\/wp-json\/wp\/v2\/media?parent=699102"}],"wp:term":[{"taxonomy":"product_brand","embeddable":true,"href":"https:\/\/roveyayinevi.com.tr\/index.php\/wp-json\/wp\/v2\/product_brand?post=699102"},{"taxonomy":"product_cat","embeddable":true,"href":"https:\/\/roveyayinevi.com.tr\/index.php\/wp-json\/wp\/v2\/product_cat?post=699102"},{"taxonomy":"product_tag","embeddable":true,"href":"https:\/\/roveyayinevi.com.tr\/index.php\/wp-json\/wp\/v2\/product_tag?post=699102"}],"curies":[{"name":"wp","href":"https:\/\/api.w.org\/{rel}","templated":true}]}}