{"id":699101,"date":"2025-08-27T14:49:11","date_gmt":"2025-08-27T11:49:11","guid":{"rendered":"https:\/\/roveyayinevi.com.tr\/index.php\/urun\/gece-maymunu-gunduz-maymunu\/"},"modified":"2026-04-16T02:08:25","modified_gmt":"2026-04-15T23:08:25","slug":"gece-maymunu-gunduz-maymunu","status":"publish","type":"product","link":"https:\/\/roveyayinevi.com.tr\/index.php\/urun\/gece-maymunu-gunduz-maymunu\/","title":{"rendered":"Gece Maymunu G\u00fcnd\u00fcz Maymunu"},"content":{"rendered":"<p>Gece Maymunu ve G\u00fcnd\u00fcz Maymunu&#8217;nun d\u00fcnyalar\u0131 birbirinden \u00f6ylesine farkl\u0131 ki\u2026 \u00e2deta gece ve g\u00fcnd\u00fcz gibiler! Ancak birbirinden siyahla beyaz kadar farkl\u0131 d\u00fcnyalar\u0131n\u0131 birbirinden \u00f6\u011frenirken, Gece Maymunu ve G\u00fcnd\u00fcz Maymunu arkada\u015fl\u0131\u011f\u0131 da \u00f6\u011frenecek\u2026   &#8220;K\u00fc\u00e7\u00fck \u00e7ocuklar\u0131n geceyle ilgili endi\u015felerini gidermenin daha ak\u0131ll\u0131ca bir yolu olabilir mi?&#8221; Evening Standartde okumak   &#8220;Yatma zaman\u0131 geldi\u011finde okumak i\u00e7in ideal\u2026&#8221; -Independent<\/p>\n","protected":false},"excerpt":{"rendered":"<p>Gece Maymunu ve G\u00fcnd\u00fcz Maymunu&#8217;nun d\u00fcnyalar\u0131 birbirinden \u00f6ylesine farkl\u0131 ki\u2026 \u00e2deta gece ve g\u00fcnd\u00fcz gibiler! Ancak birbirinden siyahla beyaz kadar farkl\u0131 d\u00fcnyalar\u0131n\u0131 birbirinden \u00f6\u011frenirken, Gece Maymunu<span class=\"excerpt-hellip\"> [\u2026]<\/span><\/p>\n","protected":false},"featured_media":0,"template":"","meta":{"_monsterinsights_skip_tracking":false,"_monsterinsights_sitenote_active":false,"_monsterinsights_sitenote_note":"","_monsterinsights_sitenote_category":0},"product_brand":[],"product_cat":[12274,12284],"product_tag":[],"class_list":{"0":"post-699101","1":"product","2":"type-product","3":"status-publish","5":"product_cat-cocuk-ve-genclik-kitaplari","6":"product_cat-hikayeler","7":"pa_cilt-ciltsiz","8":"pa_tur-kitap","9":"pa_yayinevi-1001-cicek-kitaplar","10":"pa_yazar-julia-donaldson","12":"first","13":"instock","14":"sale","15":"shipping-taxable","16":"purchasable","17":"product-type-simple"},"_links":{"self":[{"href":"https:\/\/roveyayinevi.com.tr\/index.php\/wp-json\/wp\/v2\/product\/699101","targetHints":{"allow":["GET"]}}],"collection":[{"href":"https:\/\/roveyayinevi.com.tr\/index.php\/wp-json\/wp\/v2\/product"}],"about":[{"href":"https:\/\/roveyayinevi.com.tr\/index.php\/wp-json\/wp\/v2\/types\/product"}],"wp:attachment":[{"href":"https:\/\/roveyayinevi.com.tr\/index.php\/wp-json\/wp\/v2\/media?parent=699101"}],"wp:term":[{"taxonomy":"product_brand","embeddable":true,"href":"https:\/\/roveyayinevi.com.tr\/index.php\/wp-json\/wp\/v2\/product_brand?post=699101"},{"taxonomy":"product_cat","embeddable":true,"href":"https:\/\/roveyayinevi.com.tr\/index.php\/wp-json\/wp\/v2\/product_cat?post=699101"},{"taxonomy":"product_tag","embeddable":true,"href":"https:\/\/roveyayinevi.com.tr\/index.php\/wp-json\/wp\/v2\/product_tag?post=699101"}],"curies":[{"name":"wp","href":"https:\/\/api.w.org\/{rel}","templated":true}]}}