{"id":699097,"date":"2025-08-27T14:49:10","date_gmt":"2025-08-27T11:49:10","guid":{"rendered":"https:\/\/roveyayinevi.com.tr\/index.php\/urun\/sanal-dusler-ve-ozel-gercekler\/"},"modified":"2026-04-16T02:08:25","modified_gmt":"2026-04-15T23:08:25","slug":"sanal-dusler-ve-ozel-gercekler","status":"publish","type":"product","link":"https:\/\/roveyayinevi.com.tr\/index.php\/urun\/sanal-dusler-ve-ozel-gercekler\/","title":{"rendered":"Sanal D\u00fc\u015fler ve \u00d6zel Ger\u00e7ekler"},"content":{"rendered":"<p>\u015eairin kaleminden d\u00f6k\u00fclenler bamba\u015fka bir anlama b\u00fcr\u00fcn\u00fcr okuyanlar\u0131n hecelerinde; ressam\u0131n anlatabildikleri, g\u00f6rebildi\u011fi kadard\u0131r resim severlerin; yazar\u0131n hik\u00e2yesi ancak okuyucunun hayat\u0131 ile birle\u015fince anlaml\u0131d\u0131r. Her \u015fey bizlerle bir b\u00fct\u00fcn ve bizlerle \u00f6zeldir. Bu kitab\u0131 yazarken bizler kendi hayatlar\u0131m\u0131zdan, g\u00f6rd\u00fcklerimizden ve duyduklar\u0131m\u0131zdan esinlendik; sizler de okurken kendi ya\u015fant\u0131n\u0131zda g\u00f6rd\u00fckleriniz veya duyduklar\u0131n\u0131z aras\u0131nda benzerlikler bulaca\u011f\u0131n\u0131za inan\u0131yoruz. Halk aras\u0131nda ge\u00e7mi\u015ften gelen bir laf vard\u0131r: &#8220;\u00c7ok okuma, ke\u00e7ileri ka\u00e7\u0131r\u0131rs\u0131n!&#8221; \u00d6zel \u00fcnl\u00fcler aras\u0131nda g\u00f6rd\u00fc\u011f\u00fcm\u00fcz ki\u015filerin ba\u015far\u0131lar\u0131 halk dilinde bilinmekte fakat onlar\u0131n farkl\u0131 \u00f6zellikleri otizmli veya disleksili olduklar\u0131 bilinmemektedir. Onlar\u0131n farkl\u0131 davran\u0131\u015flar\u0131 ise \u00e7ok \u00e7al\u0131\u015fmaktan &#8220;ka\u00e7\u0131rmak&#8221; olarak yorumlanmaktad\u0131r! Oysaki \u00fcst\u00fcn zek\u00e2l\u0131 olmak, otizmli olmak veya disleksili olmak birbirinden \u00e7ok farkl\u0131 \u00f6zelliklerdir. Bir insan bunlar\u0131n hepsini ta\u015f\u0131yabilece\u011fi gibi, bir tanesini, iki tanesini veya hi\u00e7birini ta\u015f\u0131mayabilir! Sar\u0131\u015f\u0131n, esmer veya kumral; uzun veya k\u0131sa; tombul veya zay\u0131f olmas\u0131 \u00e7ocuklar\u0131m\u0131z\u0131n birer \u00f6zelli\u011fi oldu\u011fu gibi; matematik zek\u00e2s\u0131n\u0131n olup olmas\u0131 veya duygusal zek\u00e2s\u0131n\u0131n olup olmamas\u0131 da onlar\u0131n \u00f6zellikleri aras\u0131ndad\u0131r. Al\u0131\u015f\u0131lm\u0131\u015f\u0131n d\u0131\u015f\u0131nda olan \u015feyler insanlara farkl\u0131 gelir. \u00d6rne\u011fin sar\u0131 sa\u00e7l\u0131, uzun boylu ve zay\u0131f ki\u015filere al\u0131\u015fm\u0131\u015f olan Alman toplumu i\u00e7in siyah sa\u00e7l\u0131, k\u0131sa boylu ve kilolu biri g\u00fczel g\u00f6r\u00fcnmeyebilir. Toplum i\u00e7erisinde otizmli, disleksili veya \u00fcst\u00fcn zek\u00e2l\u0131 ki\u015fileri g\u00f6rmeye al\u0131\u015fmam\u0131\u015f ve bu \u00f6zellikler ile ilgili bilgi sahibi olmayan ki\u015filer de, bu ki\u015filerin varl\u0131\u011f\u0131n\u0131 yad\u0131rgayabilirler. G\u00f6z g\u00f6rd\u00fc\u011f\u00fcne uyum sa\u011flar ve kabullenir, beyin bildi\u011fini anlar ve yorumlar; ya\u015fam ise payla\u015f\u0131l\u0131nca b\u00fct\u00fcnle\u015fir. Her birey d\u00fcnyaya bamba\u015fka bir g\u00f6zle bakar ve bamba\u015fka bir anlam katar. Asl\u0131nda, t\u00fcm \u00e7ocuklar \u00f6zeldir ve hepsi de bizim ilgimizi ister. \u00c7ocuklar\u0131 \u00f6zg\u00fcn birer birey yapan, bizlerin onlara olan sevgisidir. Sadece onlar\u0131 sevdi\u011fimizi s\u00f6ylememiz de\u011fil; onlar i\u00e7in do\u011fru yolda \u00e7aba sarf etmemiz ve onlara faydal\u0131 olabilmek i\u00e7in kendimizi geli\u015ftirmemiz gerekmektedir. &#8220;Bu ya\u015ftan sonra kendimi nas\u0131l geli\u015ftirebilirim?&#8221; dememeliyiz. Hayat sonsuz bir bilgi yuma\u011f\u0131d\u0131r, bu yumak biz \u00f6\u011frendik\u00e7e daha da kal\u0131nla\u015f\u0131r ve bizlere yepyeni bilgilerin var oldu\u011funu g\u00f6sterir. \ufffc<\/p>\n","protected":false},"excerpt":{"rendered":"<p>\u015eairin kaleminden d\u00f6k\u00fclenler bamba\u015fka bir anlama b\u00fcr\u00fcn\u00fcr okuyanlar\u0131n hecelerinde; ressam\u0131n anlatabildikleri, g\u00f6rebildi\u011fi kadard\u0131r resim severlerin; yazar\u0131n hik\u00e2yesi ancak okuyucunun hayat\u0131 ile birle\u015fince anlaml\u0131d\u0131r. Her \u015fey bizlerle<span class=\"excerpt-hellip\"> [\u2026]<\/span><\/p>\n","protected":false},"featured_media":0,"template":"","meta":{"_monsterinsights_skip_tracking":false,"_monsterinsights_sitenote_active":false,"_monsterinsights_sitenote_note":"","_monsterinsights_sitenote_category":0},"product_brand":[],"product_cat":[12312,12304],"product_tag":[],"class_list":{"0":"post-699097","1":"product","2":"type-product","3":"status-publish","5":"product_cat-diger","6":"product_cat-tarih","7":"pa_cilt-ciltsiz","8":"pa_tur-kitap","9":"pa_yayinevi-ani-yayincilik","10":"pa_yazar-mehmet-duran-oznacar","12":"first","13":"instock","14":"sale","15":"shipping-taxable","16":"purchasable","17":"product-type-simple"},"_links":{"self":[{"href":"https:\/\/roveyayinevi.com.tr\/index.php\/wp-json\/wp\/v2\/product\/699097","targetHints":{"allow":["GET"]}}],"collection":[{"href":"https:\/\/roveyayinevi.com.tr\/index.php\/wp-json\/wp\/v2\/product"}],"about":[{"href":"https:\/\/roveyayinevi.com.tr\/index.php\/wp-json\/wp\/v2\/types\/product"}],"wp:attachment":[{"href":"https:\/\/roveyayinevi.com.tr\/index.php\/wp-json\/wp\/v2\/media?parent=699097"}],"wp:term":[{"taxonomy":"product_brand","embeddable":true,"href":"https:\/\/roveyayinevi.com.tr\/index.php\/wp-json\/wp\/v2\/product_brand?post=699097"},{"taxonomy":"product_cat","embeddable":true,"href":"https:\/\/roveyayinevi.com.tr\/index.php\/wp-json\/wp\/v2\/product_cat?post=699097"},{"taxonomy":"product_tag","embeddable":true,"href":"https:\/\/roveyayinevi.com.tr\/index.php\/wp-json\/wp\/v2\/product_tag?post=699097"}],"curies":[{"name":"wp","href":"https:\/\/api.w.org\/{rel}","templated":true}]}}