{"id":699096,"date":"2025-08-27T14:49:09","date_gmt":"2025-08-27T11:49:09","guid":{"rendered":"https:\/\/roveyayinevi.com.tr\/index.php\/urun\/komsumuz-cok-acayip\/"},"modified":"2026-04-16T02:08:25","modified_gmt":"2026-04-15T23:08:25","slug":"komsumuz-cok-acayip","status":"publish","type":"product","link":"https:\/\/roveyayinevi.com.tr\/index.php\/urun\/komsumuz-cok-acayip\/","title":{"rendered":"Kom\u015fumuz \u00c7ok Acayip"},"content":{"rendered":"<p>Hepimizin acayip buldu\u011fu bir kom\u015fusu vard\u0131r. Ger\u00e7ekten acayip midir? Bize mi \u00f6yle gelmektedir?Mumcu Nuran sizin mahallenize ta\u015f\u0131nsayd\u0131 kim bilir siz neler d\u00fc\u015f\u00fcn\u00fcrd\u00fcn\u00fcz? Sokaktaki kediler bir anda ortadan kaybolursa ve miyavlamalar Mumcu Nuran&#8217;\u0131n bodrumundan geliyorsa mesela?Kad\u0131n\u0131n bacas\u0131ndan yaz g\u00fcn\u00fc koyu bir duman \u00e7\u0131k\u0131yorsa mesela? K\u0130mseye kap\u0131y\u0131 a\u00e7m\u0131yorsa ve a\u00e7t\u0131\u011f\u0131nda ise \u00f6fkeyle sizi azarl\u0131yorsa mesela? Evine koca koca torbalarla bir \u015feyler ta\u015f\u0131yorsa ve i\u00e7indekiler pek de pazardan d\u00f6nen birinin torbas\u0131na benzemiyorsa mesela?\u0130\u015fte \u00e7ocuklar, bu acayip kom\u015funun ne yapt\u0131\u011f\u0131yla yak\u0131ndan ilgilenir. Yaln\u0131zca \u00e7ocuklar m\u0131 polis bile i\u015fin i\u00e7ine dal\u0131verir. Sonu\u00e7 ise herkes i\u00e7in s\u00fcrprizlidir. <\/p>\n","protected":false},"excerpt":{"rendered":"<p>Hepimizin acayip buldu\u011fu bir kom\u015fusu vard\u0131r. Ger\u00e7ekten acayip midir? Bize mi \u00f6yle gelmektedir?Mumcu Nuran sizin mahallenize ta\u015f\u0131nsayd\u0131 kim bilir siz neler d\u00fc\u015f\u00fcn\u00fcrd\u00fcn\u00fcz? Sokaktaki kediler bir anda<span class=\"excerpt-hellip\"> [\u2026]<\/span><\/p>\n","protected":false},"featured_media":0,"template":"","meta":{"_monsterinsights_skip_tracking":false,"_monsterinsights_sitenote_active":false,"_monsterinsights_sitenote_note":"","_monsterinsights_sitenote_category":0},"product_brand":[],"product_cat":[12291,12711],"product_tag":[],"class_list":{"0":"post-699096","1":"product","2":"type-product","3":"status-publish","5":"product_cat-edebiyat","6":"product_cat-roman-oyku","7":"pa_cilt-ciltsiz","8":"pa_tur-kitap","9":"pa_yayinevi-altin-kitaplar-ozel-urun","10":"pa_yazar-miyase-sertbarut","12":"first","13":"instock","14":"sale","15":"shipping-taxable","16":"purchasable","17":"product-type-simple"},"_links":{"self":[{"href":"https:\/\/roveyayinevi.com.tr\/index.php\/wp-json\/wp\/v2\/product\/699096","targetHints":{"allow":["GET"]}}],"collection":[{"href":"https:\/\/roveyayinevi.com.tr\/index.php\/wp-json\/wp\/v2\/product"}],"about":[{"href":"https:\/\/roveyayinevi.com.tr\/index.php\/wp-json\/wp\/v2\/types\/product"}],"wp:attachment":[{"href":"https:\/\/roveyayinevi.com.tr\/index.php\/wp-json\/wp\/v2\/media?parent=699096"}],"wp:term":[{"taxonomy":"product_brand","embeddable":true,"href":"https:\/\/roveyayinevi.com.tr\/index.php\/wp-json\/wp\/v2\/product_brand?post=699096"},{"taxonomy":"product_cat","embeddable":true,"href":"https:\/\/roveyayinevi.com.tr\/index.php\/wp-json\/wp\/v2\/product_cat?post=699096"},{"taxonomy":"product_tag","embeddable":true,"href":"https:\/\/roveyayinevi.com.tr\/index.php\/wp-json\/wp\/v2\/product_tag?post=699096"}],"curies":[{"name":"wp","href":"https:\/\/api.w.org\/{rel}","templated":true}]}}