{"id":699095,"date":"2025-08-27T14:49:09","date_gmt":"2025-08-27T11:49:09","guid":{"rendered":"https:\/\/roveyayinevi.com.tr\/index.php\/urun\/nuri-pasa\/"},"modified":"2026-04-16T02:08:25","modified_gmt":"2026-04-15T23:08:25","slug":"nuri-pasa","status":"publish","type":"product","link":"https:\/\/roveyayinevi.com.tr\/index.php\/urun\/nuri-pasa\/","title":{"rendered":"Nuri Pa\u015fa"},"content":{"rendered":"<p>&#8220;D\u00f6rt g\u00fcn sonra elime ald\u0131\u011f\u0131m ilk sabah gazetesinde \u0130stanbul&#8217;da bir silah fabrikas\u0131n\u0131n havaya u\u00e7tu\u011funu okudum. \u00d6nce \u00fczerinde durmad\u0131m. Aradan belki yar\u0131m saat ge\u00e7mi\u015fti, okudu\u011fum haber birdenbire akl\u0131ma geldi. Gazeteyi tekrar a\u00e7t\u0131m, bu sefer i\u00e7ime \u015f\u00fcphe d\u00fc\u015ft\u00fc, havaya u\u00e7an fabrika acaba onunki miydi?&#8230; Bu \u201cfeci ihtimal\u201d ertesi g\u00fcn ger\u00e7ek oldu. Turan idealinin en temiz, en saf, en imanl\u0131 \u00e2\u015f\u0131k\u0131, v\u00fccudundan tek zerre dahi b\u0131rakmadan, bir an i\u00e7inde yokluk \u00e2lemine dal\u0131p gitmi\u015fti.&#8221; Samet A\u011fao\u011flu Enver Pa\u015fa&#8217;n\u0131n karde\u015fi olan Nuri Pa\u015fa, Osmanl\u0131 Devleti&#8217;nin son d\u00f6neminde yap\u0131lan b\u00fct\u00fcn sava\u015flara ve T\u00fcrk Kurtulu\u015f Sava\u015f\u0131&#8217;na kat\u0131lm\u0131\u015f; Cumhuriyet d\u00f6neminde \u00f6zel sekt\u00f6r olarak silah ve m\u00fchimmat imal eden fabrikan\u0131n sahibi olmu\u015f; Milli Harp Sanayisinin geli\u015fmesine katk\u0131da bulunmu\u015f bir \u015fahsiyettir. Bu kitapta Nuri Pa\u015fa&#8217;n\u0131n, Osmanl\u0131 Devleti&#8217;nin son d\u00f6nemindeki, T\u00fcrk Kurtulu\u015f Sava\u015f\u0131&#8217;ndaki ve Cumhuriyetin ilk y\u0131llar\u0131ndaki m\u00fccadeleyle ve kahramanl\u0131klarla dolu ge\u00e7en hayat\u0131n\u0131 okuyacaks\u0131n\u0131z.<\/p>\n","protected":false},"excerpt":{"rendered":"<p>&#8220;D\u00f6rt g\u00fcn sonra elime ald\u0131\u011f\u0131m ilk sabah gazetesinde \u0130stanbul&#8217;da bir silah fabrikas\u0131n\u0131n havaya u\u00e7tu\u011funu okudum. \u00d6nce \u00fczerinde durmad\u0131m. Aradan belki yar\u0131m saat ge\u00e7mi\u015fti, okudu\u011fum haber birdenbire<span class=\"excerpt-hellip\"> [\u2026]<\/span><\/p>\n","protected":false},"featured_media":0,"template":"","meta":{"_monsterinsights_skip_tracking":false,"_monsterinsights_sitenote_active":false,"_monsterinsights_sitenote_note":"","_monsterinsights_sitenote_category":0},"product_brand":[],"product_cat":[12370,12304],"product_tag":[],"class_list":{"0":"post-699095","1":"product","2":"type-product","3":"status-publish","5":"product_cat-arastirma-inceleme","6":"product_cat-tarih","7":"pa_cilt-ciltsiz","8":"pa_tur-kitap","9":"pa_yayinevi-otuken-nesriyat","10":"pa_yazar-nejdet-karakose","12":"first","13":"instock","14":"sale","15":"shipping-taxable","16":"purchasable","17":"product-type-simple"},"_links":{"self":[{"href":"https:\/\/roveyayinevi.com.tr\/index.php\/wp-json\/wp\/v2\/product\/699095","targetHints":{"allow":["GET"]}}],"collection":[{"href":"https:\/\/roveyayinevi.com.tr\/index.php\/wp-json\/wp\/v2\/product"}],"about":[{"href":"https:\/\/roveyayinevi.com.tr\/index.php\/wp-json\/wp\/v2\/types\/product"}],"wp:attachment":[{"href":"https:\/\/roveyayinevi.com.tr\/index.php\/wp-json\/wp\/v2\/media?parent=699095"}],"wp:term":[{"taxonomy":"product_brand","embeddable":true,"href":"https:\/\/roveyayinevi.com.tr\/index.php\/wp-json\/wp\/v2\/product_brand?post=699095"},{"taxonomy":"product_cat","embeddable":true,"href":"https:\/\/roveyayinevi.com.tr\/index.php\/wp-json\/wp\/v2\/product_cat?post=699095"},{"taxonomy":"product_tag","embeddable":true,"href":"https:\/\/roveyayinevi.com.tr\/index.php\/wp-json\/wp\/v2\/product_tag?post=699095"}],"curies":[{"name":"wp","href":"https:\/\/api.w.org\/{rel}","templated":true}]}}