{"id":699094,"date":"2025-08-27T14:49:09","date_gmt":"2025-08-27T11:49:09","guid":{"rendered":"https:\/\/roveyayinevi.com.tr\/index.php\/urun\/curcuna-evi\/"},"modified":"2026-04-16T02:08:25","modified_gmt":"2026-04-15T23:08:25","slug":"curcuna-evi","status":"publish","type":"product","link":"https:\/\/roveyayinevi.com.tr\/index.php\/urun\/curcuna-evi\/","title":{"rendered":"Curcuna Evi"},"content":{"rendered":"<p>\u00c7ivisi \u00e7\u0131kan bir aile, \u015fiddetlenen kavak yelleri\u2026 Tam bir curcuna!D\u00fcnya \u00e7ocuk ve gen\u00e7lik edebiyat\u0131na y\u00f6n veren benzersiz yap\u0131tlar\u0131yla \u00e7ok okunan Christine N\u00f6stlinger, geni\u015f bir ailenin \u00f6yk\u00fcs\u00fcn\u00fc ustaca kelimelere d\u00f6k\u00fcyor. Yeti\u015fkin d\u00fcnyas\u0131n\u0131n karma\u015fas\u0131 i\u00e7inde yolunu bulmaya \u00e7al\u0131\u015fan gen\u00e7 bireylerin g\u00f6z\u00fcnden anlat\u0131lan roman, aile kurumuna ve ili\u015fkilere dair kabulleri yerle bir ederek, yepyeni bir bak\u0131\u015f a\u00e7\u0131s\u0131 ve d\u00fc\u015f\u00fcnme olana\u011f\u0131 sunuyor. Yazar, gen\u00e7 bireyin i\u00e7 sesini dinleme deneyimini, sorumluluk alma bilincini, ili\u015fkileri d\u00fczenleme yetene\u011fini ve ilk a\u015fk heyecanlar\u0131n\u0131 kendine \u00f6zg\u00fc \u00fcslubuyla dillendiriyor. Temposu ve mizah d\u00fczeyi hi\u00e7 d\u00fc\u015fmeyen roman, gen\u00e7lere oldu\u011fu kadar kendine farkl\u0131 bir g\u00f6zle bakmak isteyen yeti\u015fkinlere de keyifli bir okuma vaat ediyor.Marie bir rastlant\u0131 sonucu, y\u00fcz y\u0131ll\u0131k aile evleri Henriette Kona\u011f\u0131\u2019n\u0131n ellerinden gitmek \u00fczere oldu\u011funu \u00f6\u011frenir. Birbirlerini umursamadan ya\u015fayan aile bireyleriyse, \u00e7\u0131lg\u0131n hayalleriyle \u00fcnl\u00fc b\u00fcy\u00fckannenin planlar\u0131ndan habersizdir. Marie, bir yandan evdeki curcunayla u\u011fra\u015f\u0131rken, bir yandan da ilkgen\u00e7li\u011fin heyecanlar\u0131 i\u00e7inde duygu karma\u015fas\u0131n\u0131 \u00e7\u00f6zmeye \u00e7al\u0131\u015f\u0131r. Birbirleriyle her f\u0131rsatta didi\u015fen gen\u00e7lerin ve ilgin\u00e7 aile b\u00fcy\u00fcklerinin yaratt\u0131\u011f\u0131 curcuna acaba nas\u0131l dinecektir?.. <\/p>\n","protected":false},"excerpt":{"rendered":"<p>\u00c7ivisi \u00e7\u0131kan bir aile, \u015fiddetlenen kavak yelleri\u2026 Tam bir curcuna!D\u00fcnya \u00e7ocuk ve gen\u00e7lik edebiyat\u0131na y\u00f6n veren benzersiz yap\u0131tlar\u0131yla \u00e7ok okunan Christine N\u00f6stlinger, geni\u015f bir ailenin \u00f6yk\u00fcs\u00fcn\u00fc<span class=\"excerpt-hellip\"> [\u2026]<\/span><\/p>\n","protected":false},"featured_media":0,"template":"","meta":{"_monsterinsights_skip_tracking":false,"_monsterinsights_sitenote_active":false,"_monsterinsights_sitenote_note":"","_monsterinsights_sitenote_category":0},"product_brand":[],"product_cat":[12274,12284],"product_tag":[],"class_list":{"0":"post-699094","1":"product","2":"type-product","3":"status-publish","5":"product_cat-cocuk-ve-genclik-kitaplari","6":"product_cat-hikayeler","7":"pa_cilt-ciltsiz","8":"pa_tur-kitap","9":"pa_yayinevi-gunisigi-kitapligi","10":"pa_yazar-christine-nostlinger","12":"first","13":"instock","14":"sale","15":"shipping-taxable","16":"purchasable","17":"product-type-simple"},"_links":{"self":[{"href":"https:\/\/roveyayinevi.com.tr\/index.php\/wp-json\/wp\/v2\/product\/699094","targetHints":{"allow":["GET"]}}],"collection":[{"href":"https:\/\/roveyayinevi.com.tr\/index.php\/wp-json\/wp\/v2\/product"}],"about":[{"href":"https:\/\/roveyayinevi.com.tr\/index.php\/wp-json\/wp\/v2\/types\/product"}],"wp:attachment":[{"href":"https:\/\/roveyayinevi.com.tr\/index.php\/wp-json\/wp\/v2\/media?parent=699094"}],"wp:term":[{"taxonomy":"product_brand","embeddable":true,"href":"https:\/\/roveyayinevi.com.tr\/index.php\/wp-json\/wp\/v2\/product_brand?post=699094"},{"taxonomy":"product_cat","embeddable":true,"href":"https:\/\/roveyayinevi.com.tr\/index.php\/wp-json\/wp\/v2\/product_cat?post=699094"},{"taxonomy":"product_tag","embeddable":true,"href":"https:\/\/roveyayinevi.com.tr\/index.php\/wp-json\/wp\/v2\/product_tag?post=699094"}],"curies":[{"name":"wp","href":"https:\/\/api.w.org\/{rel}","templated":true}]}}