{"id":699091,"date":"2025-08-27T14:49:08","date_gmt":"2025-08-27T11:49:08","guid":{"rendered":"https:\/\/roveyayinevi.com.tr\/index.php\/urun\/turkiyede-yeni-kapitalizm-siyaset-din-ve-is-dunyasi\/"},"modified":"2026-04-16T02:08:25","modified_gmt":"2026-04-15T23:08:25","slug":"turkiyede-yeni-kapitalizm-siyaset-din-ve-is-dunyasi","status":"publish","type":"product","link":"https:\/\/roveyayinevi.com.tr\/index.php\/urun\/turkiyede-yeni-kapitalizm-siyaset-din-ve-is-dunyasi\/","title":{"rendered":"T\u00fcrkiye&#8217;de Yeni Kapitalizm Siyaset, Din ve \u0130\u015f D\u00fcnyas\u0131"},"content":{"rendered":"<p>T\u00fcrkiye\u2019de Yeni Kapitalizm siyaset, din ve i\u015f d\u00fcnyas\u0131 aras\u0131ndaki ili\u015fkilerin kapitalist k\u00fcreselle\u015fme s\u00fcreci i\u00e7inde ge\u00e7irdi\u011fi de\u011fi\u015fimi, T\u00fcrkiye\u2019de i\u015f hayat\u0131n\u0131n ekonomik, siyasi ve k\u00fclt\u00fcrel ba\u011flam\u0131ndaki yans\u0131malar\u0131yla inceliyor. Siyasetin giri\u015fimcileri ve giri\u015fimci \u00f6rg\u00fctlerini nas\u0131l etkiledi\u011fini, bu siyasi etkilerle bi\u00e7imlenen i\u015f d\u00fcnyas\u0131 i\u00e7inde farkl\u0131 gruplar taraf\u0131ndan benimsenen farkl\u0131 kapitalist geli\u015fme modellerinin ortaya \u00e7\u0131k\u0131\u015f\u0131n\u0131 ve bu ortamda dinin oynad\u0131\u011f\u0131 hem birle\u015ftirici hem de kutupla\u015ft\u0131r\u0131c\u0131 rol\u00fc ele al\u0131yor. \ufffcTan\u0131t\u0131m Metni<\/p>\n","protected":false},"excerpt":{"rendered":"<p>T\u00fcrkiye\u2019de Yeni Kapitalizm siyaset, din ve i\u015f d\u00fcnyas\u0131 aras\u0131ndaki ili\u015fkilerin kapitalist k\u00fcreselle\u015fme s\u00fcreci i\u00e7inde ge\u00e7irdi\u011fi de\u011fi\u015fimi, T\u00fcrkiye\u2019de i\u015f hayat\u0131n\u0131n ekonomik, siyasi ve k\u00fclt\u00fcrel ba\u011flam\u0131ndaki yans\u0131malar\u0131yla inceliyor.<span class=\"excerpt-hellip\"> [\u2026]<\/span><\/p>\n","protected":false},"featured_media":0,"template":"","meta":{"_monsterinsights_skip_tracking":false,"_monsterinsights_sitenote_active":false,"_monsterinsights_sitenote_note":"","_monsterinsights_sitenote_category":0},"product_brand":[],"product_cat":[12338,12337],"product_tag":[],"class_list":{"0":"post-699091","1":"product","2":"type-product","3":"status-publish","5":"product_cat-dunya-siyaseti-ve-politikasi","6":"product_cat-politika-siyaset","7":"pa_cilt-ciltsiz","8":"pa_tur-kitap","9":"pa_yayinevi-iletisim-yayinlari","10":"pa_yazar-ayse-bugra","11":"pa_yazar-osman-savaskan","13":"first","14":"instock","15":"sale","16":"shipping-taxable","17":"purchasable","18":"product-type-simple"},"_links":{"self":[{"href":"https:\/\/roveyayinevi.com.tr\/index.php\/wp-json\/wp\/v2\/product\/699091","targetHints":{"allow":["GET"]}}],"collection":[{"href":"https:\/\/roveyayinevi.com.tr\/index.php\/wp-json\/wp\/v2\/product"}],"about":[{"href":"https:\/\/roveyayinevi.com.tr\/index.php\/wp-json\/wp\/v2\/types\/product"}],"wp:attachment":[{"href":"https:\/\/roveyayinevi.com.tr\/index.php\/wp-json\/wp\/v2\/media?parent=699091"}],"wp:term":[{"taxonomy":"product_brand","embeddable":true,"href":"https:\/\/roveyayinevi.com.tr\/index.php\/wp-json\/wp\/v2\/product_brand?post=699091"},{"taxonomy":"product_cat","embeddable":true,"href":"https:\/\/roveyayinevi.com.tr\/index.php\/wp-json\/wp\/v2\/product_cat?post=699091"},{"taxonomy":"product_tag","embeddable":true,"href":"https:\/\/roveyayinevi.com.tr\/index.php\/wp-json\/wp\/v2\/product_tag?post=699091"}],"curies":[{"name":"wp","href":"https:\/\/api.w.org\/{rel}","templated":true}]}}